{"id":30957,"date":"2026-04-17T00:29:59","date_gmt":"2026-04-17T00:29:59","guid":{"rendered":"https:\/\/singuli.wpress.me\/index.php\/proizvod\/gillette-venus-smooth-zamjenske-britvice-4-kom\/"},"modified":"2026-04-21T00:26:33","modified_gmt":"2026-04-21T00:26:33","slug":"gillette-venus-smooth-zamjenske-britvice-4-kom","status":"publish","type":"product","link":"https:\/\/singuli.wpress.me\/index.php\/proizvod\/gillette-venus-smooth-zamjenske-britvice-4-kom\/","title":{"rendered":"GILLETTE Venus Smooth, zamjenske britvice, 4\u00a0kom"},"content":{"rendered":"<p>O\u0161trice Venusovih brija\u010da i britvica za \u017eene dizajnirane su upravo za \u017eensko tijelo. <\/p>\n<p>Zamjenske britvice Venus Smooth prve su zamjenjive britvice s 3 o\u0161trice namijenjene \u017eenama. <\/p>\n<p>Zamjenske britvice za brija\u010d imaju 3 o\u0161trice koje prate konture tijela sa za\u0161titnim jastu\u010di\u0107ima te zagla\u0111uju ko\u017eu za brzo i lako brijanje s pouzdanim rezultatima. <\/p>\n<p>Plava indikatorska trakica blije\u0111enjem pokazuje kada o\u0161trice vi\u0161e ne pru\u017eaju optimalnu razinu brijanja. <\/p>\n<p>Sve britvice Venus mogu se koristiti sa svim dr\u0161kama Venus (osim Simply Venus i Venus Pubic Hair and Skin).<\/p>\n","protected":false},"excerpt":{"rendered":"<p>S tri o\u0161trice za brzo i u\u010dinkovito brijanje<br \/>\nSet uklju\u010duje 4 zamjenske glave za brijanje za \u017eene<br \/>\nOdgovaraju gotovo svim dr\u0161kama aparata za brijanje Venus<\/p>\n","protected":false},"featured_media":30959,"template":"","meta":{"_seopress_robots_primary_cat":"","_seopress_titles_title":"","_seopress_titles_desc":"","_seopress_robots_index":"","iawp_total_views":0},"product_brand":[323],"product_cat":[280,192,279],"product_tag":[],"class_list":{"0":"post-30957","1":"product","2":"type-product","3":"status-publish","4":"has-post-thumbnail","6":"product_brand-gillette","7":"product_cat-aparati-za-muskarce-279","8":"product_cat-aparati-za-osobnu-njegu","9":"product_cat-brijanje-i-sisanje-192","11":"first","12":"instock","13":"shipping-taxable","14":"purchasable","15":"product-type-simple"},"_links":{"self":[{"href":"https:\/\/singuli.wpress.me\/index.php\/wp-json\/wp\/v2\/product\/30957","targetHints":{"allow":["GET"]}}],"collection":[{"href":"https:\/\/singuli.wpress.me\/index.php\/wp-json\/wp\/v2\/product"}],"about":[{"href":"https:\/\/singuli.wpress.me\/index.php\/wp-json\/wp\/v2\/types\/product"}],"version-history":[{"count":0,"href":"https:\/\/singuli.wpress.me\/index.php\/wp-json\/wp\/v2\/product\/30957\/revisions"}],"wp:featuredmedia":[{"embeddable":true,"href":"https:\/\/singuli.wpress.me\/index.php\/wp-json\/wp\/v2\/media\/30959"}],"wp:attachment":[{"href":"https:\/\/singuli.wpress.me\/index.php\/wp-json\/wp\/v2\/media?parent=30957"}],"wp:term":[{"taxonomy":"product_brand","embeddable":true,"href":"https:\/\/singuli.wpress.me\/index.php\/wp-json\/wp\/v2\/product_brand?post=30957"},{"taxonomy":"product_cat","embeddable":true,"href":"https:\/\/singuli.wpress.me\/index.php\/wp-json\/wp\/v2\/product_cat?post=30957"},{"taxonomy":"product_tag","embeddable":true,"href":"https:\/\/singuli.wpress.me\/index.php\/wp-json\/wp\/v2\/product_tag?post=30957"}],"curies":[{"name":"wp","href":"https:\/\/api.w.org\/{rel}","templated":true}]}}