{"id":30958,"date":"2026-04-17T00:29:59","date_gmt":"2026-04-17T00:29:59","guid":{"rendered":"https:\/\/singuli.wpress.me\/index.php\/proizvod\/make-it-real-tajni-dnevnik\/"},"modified":"2026-04-20T12:33:04","modified_gmt":"2026-04-20T12:33:04","slug":"make-it-real-tajni-dnevnik","status":"publish","type":"product","link":"https:\/\/singuli.wpress.me\/index.php\/proizvod\/make-it-real-tajni-dnevnik\/","title":{"rendered":"MAKE IT REAL, tajni dnevnik"},"content":{"rendered":"<p>Udobno se smjesti uz ovaj neodoljivi pli\u0161ani dnevnik i rozu pli\u0161anu olovku s motivima slatki\u0161a! Zabavi se s odvojivim pli\u0161anim igra\u010dkama u obliku slatki\u0161a, a kad do\u0111e trenutak za kreativnost i pisanje, pohrani ih u prakti\u010dan prednji d\u017eep.<br \/>\nSavr\u0161en je dar za ljubitelje slatki\u0161a ili za one koji \u017eele dodati malo \u0161arma svojim bilje\u0161kama. Ovaj pli\u0161ani dnevnik s lokotom \u010duva tajne, dok \u010detiri \u0161arene pli\u0161ane igra\u010dke dodaju dozu igre i ma\u0161tovitosti.<\/p>\n<p>Sadr\u017ei: 1 pli\u0161ani dnevnik s lokotom, 1 pli\u0161ana olovka, 4 pli\u0161ane igra\u010dke u obliku bombona<\/p>\n<p>Dob: 6+ god<\/p>\n","protected":false},"excerpt":{"rendered":"<p>Neodoljivi pli\u0161ani dnevnik i rozu pli\u0161anu olovku s motivima slatki\u0161a<br \/>\nDnevnik s lokotom<br \/>\nDob: 6+ god<\/p>\n","protected":false},"featured_media":30960,"template":"","meta":{"_seopress_robots_primary_cat":"","_seopress_titles_title":"","_seopress_titles_desc":"","_seopress_robots_index":"","iawp_total_views":0},"product_brand":[441],"product_cat":[221,291],"product_tag":[],"class_list":{"0":"post-30958","1":"product","2":"type-product","3":"status-publish","4":"has-post-thumbnail","6":"product_brand-make-it-real","7":"product_cat-igracke","8":"product_cat-igracke-za-djecu-221","10":"first","11":"instock","12":"shipping-taxable","13":"purchasable","14":"product-type-simple"},"_links":{"self":[{"href":"https:\/\/singuli.wpress.me\/index.php\/wp-json\/wp\/v2\/product\/30958","targetHints":{"allow":["GET"]}}],"collection":[{"href":"https:\/\/singuli.wpress.me\/index.php\/wp-json\/wp\/v2\/product"}],"about":[{"href":"https:\/\/singuli.wpress.me\/index.php\/wp-json\/wp\/v2\/types\/product"}],"version-history":[{"count":0,"href":"https:\/\/singuli.wpress.me\/index.php\/wp-json\/wp\/v2\/product\/30958\/revisions"}],"wp:featuredmedia":[{"embeddable":true,"href":"https:\/\/singuli.wpress.me\/index.php\/wp-json\/wp\/v2\/media\/30960"}],"wp:attachment":[{"href":"https:\/\/singuli.wpress.me\/index.php\/wp-json\/wp\/v2\/media?parent=30958"}],"wp:term":[{"taxonomy":"product_brand","embeddable":true,"href":"https:\/\/singuli.wpress.me\/index.php\/wp-json\/wp\/v2\/product_brand?post=30958"},{"taxonomy":"product_cat","embeddable":true,"href":"https:\/\/singuli.wpress.me\/index.php\/wp-json\/wp\/v2\/product_cat?post=30958"},{"taxonomy":"product_tag","embeddable":true,"href":"https:\/\/singuli.wpress.me\/index.php\/wp-json\/wp\/v2\/product_tag?post=30958"}],"curies":[{"name":"wp","href":"https:\/\/api.w.org\/{rel}","templated":true}]}}