{"id":30963,"date":"2026-04-17T00:30:01","date_gmt":"2026-04-17T00:30:01","guid":{"rendered":"https:\/\/singuli.wpress.me\/index.php\/proizvod\/gillette-venus-comfortglide-sugarberry-plus-olay-brijac\/"},"modified":"2026-04-20T12:33:04","modified_gmt":"2026-04-20T12:33:04","slug":"gillette-venus-comfortglide-sugarberry-plus-olay-brijac","status":"publish","type":"product","link":"https:\/\/singuli.wpress.me\/index.php\/proizvod\/gillette-venus-comfortglide-sugarberry-plus-olay-brijac\/","title":{"rendered":"GILLETTE Venus Comfortglide Sugarberry Plus Olay, brija\u010d"},"content":{"rendered":"<p>O\u0161trice Venusovih brija\u010da i britvica za \u017eene dizajnirane su upravo za \u017eensko tijelo. Brija\u010d za \u017eene <span style=\"font-weight: bold\">Venus Comfortglide Sugarberry plus Olay<\/span> ima 5 o\u0161trica za glatko, temeljito brijanje s dugotrajnim rezultatima. Zamjenske britvice imaju ugra\u0111ene vla\u017ene trakice Olay koje otpu\u0161taju maslac za tijelo s blagim mirisom slatkih bobica kako bi o\u0161trice ugodnije klizale po ko\u017ei. S pokretljivom glavom koja se prilago\u0111ava konturama va\u0161eg tijela Sve britvice Venus mogu se koristiti sa svim dr\u0161kama Venus (osim Simply Venus i Venus Pubic Hair and Skin).<\/p>\n","protected":false},"excerpt":{"rendered":"<p>Pjena, brijanje i piling:  5 o\u0161trica omogu\u0107uje glatko i temeljito brijanje<br \/>\nTehnologija Venus SkinCushion\u2122 poma\u017ee za\u0161tititi ko\u017eu od nadra\u017eivanja pri svakom brijanju<br \/>\nDodir hidratacije i miris Sugarberry<\/p>\n","protected":false},"featured_media":30964,"template":"","meta":{"_seopress_robots_primary_cat":"","_seopress_titles_title":"","_seopress_titles_desc":"","_seopress_robots_index":"","iawp_total_views":0},"product_brand":[323],"product_cat":[280,192,279],"product_tag":[],"class_list":{"0":"post-30963","1":"product","2":"type-product","3":"status-publish","4":"has-post-thumbnail","6":"product_brand-gillette","7":"product_cat-aparati-za-muskarce-279","8":"product_cat-aparati-za-osobnu-njegu","9":"product_cat-brijanje-i-sisanje-192","11":"first","12":"instock","13":"shipping-taxable","14":"purchasable","15":"product-type-simple"},"_links":{"self":[{"href":"https:\/\/singuli.wpress.me\/index.php\/wp-json\/wp\/v2\/product\/30963","targetHints":{"allow":["GET"]}}],"collection":[{"href":"https:\/\/singuli.wpress.me\/index.php\/wp-json\/wp\/v2\/product"}],"about":[{"href":"https:\/\/singuli.wpress.me\/index.php\/wp-json\/wp\/v2\/types\/product"}],"version-history":[{"count":0,"href":"https:\/\/singuli.wpress.me\/index.php\/wp-json\/wp\/v2\/product\/30963\/revisions"}],"wp:featuredmedia":[{"embeddable":true,"href":"https:\/\/singuli.wpress.me\/index.php\/wp-json\/wp\/v2\/media\/30964"}],"wp:attachment":[{"href":"https:\/\/singuli.wpress.me\/index.php\/wp-json\/wp\/v2\/media?parent=30963"}],"wp:term":[{"taxonomy":"product_brand","embeddable":true,"href":"https:\/\/singuli.wpress.me\/index.php\/wp-json\/wp\/v2\/product_brand?post=30963"},{"taxonomy":"product_cat","embeddable":true,"href":"https:\/\/singuli.wpress.me\/index.php\/wp-json\/wp\/v2\/product_cat?post=30963"},{"taxonomy":"product_tag","embeddable":true,"href":"https:\/\/singuli.wpress.me\/index.php\/wp-json\/wp\/v2\/product_tag?post=30963"}],"curies":[{"name":"wp","href":"https:\/\/api.w.org\/{rel}","templated":true}]}}