{"id":30968,"date":"2026-04-17T00:30:03","date_gmt":"2026-04-17T00:30:03","guid":{"rendered":"https:\/\/singuli.wpress.me\/index.php\/proizvod\/gillette-venus-comfortglide-breeze-zamjenske-britvice-4-kom\/"},"modified":"2026-04-20T12:33:04","modified_gmt":"2026-04-20T12:33:04","slug":"gillette-venus-comfortglide-breeze-zamjenske-britvice-4-kom","status":"publish","type":"product","link":"https:\/\/singuli.wpress.me\/index.php\/proizvod\/gillette-venus-comfortglide-breeze-zamjenske-britvice-4-kom\/","title":{"rendered":"GILLETTE Venus Comfortglide Breeze, zamjenske britvice, 4\u00a0kom"},"content":{"rendered":"<p>O\u0161trice Venusovih brija\u010da i britvica za \u017eene dizajnirane su upravo za \u017eensko tijelo. <\/p>\n<p>\u017denski brija\u010di Venus Comfortglide Breeze imaju 3 o\u0161trice za glatko i temeljito brijanje. <\/p>\n<p>Zamjenske britvice za brija\u010d imaju ugra\u0111ene trakice s gelom koje otpu\u0161taju maslac za tijelo svje\u017eeg mirisa kako bi o\u0161trice ugodnije klizile po ko\u017ei. <\/p>\n<p>S pokretljivom glavom koja se prilago\u0111ava konturama va\u0161eg tijela. <\/p>\n<p>Sve britvice Venus mogu se koristiti sa svim dr\u0161kama Venus (osim Simply Venus i Venus Pubic Hair and Skin).<\/p>\n","protected":false},"excerpt":{"rendered":"<p>S tri o\u0161trice za glatko i dugotrajno brijanje<br \/>\nSet uklju\u010duje 4 zamjenske glave za brijanje za \u017eene<br \/>\nOdgovaraju gotovo svim dr\u0161kama aparata za brijanje Venus<\/p>\n","protected":false},"featured_media":30969,"template":"","meta":{"_seopress_robots_primary_cat":"","_seopress_titles_title":"","_seopress_titles_desc":"","_seopress_robots_index":"","iawp_total_views":0},"product_brand":[323],"product_cat":[280,192,279],"product_tag":[],"class_list":{"0":"post-30968","1":"product","2":"type-product","3":"status-publish","4":"has-post-thumbnail","6":"product_brand-gillette","7":"product_cat-aparati-za-muskarce-279","8":"product_cat-aparati-za-osobnu-njegu","9":"product_cat-brijanje-i-sisanje-192","11":"first","12":"instock","13":"shipping-taxable","14":"purchasable","15":"product-type-simple"},"_links":{"self":[{"href":"https:\/\/singuli.wpress.me\/index.php\/wp-json\/wp\/v2\/product\/30968","targetHints":{"allow":["GET"]}}],"collection":[{"href":"https:\/\/singuli.wpress.me\/index.php\/wp-json\/wp\/v2\/product"}],"about":[{"href":"https:\/\/singuli.wpress.me\/index.php\/wp-json\/wp\/v2\/types\/product"}],"version-history":[{"count":0,"href":"https:\/\/singuli.wpress.me\/index.php\/wp-json\/wp\/v2\/product\/30968\/revisions"}],"wp:featuredmedia":[{"embeddable":true,"href":"https:\/\/singuli.wpress.me\/index.php\/wp-json\/wp\/v2\/media\/30969"}],"wp:attachment":[{"href":"https:\/\/singuli.wpress.me\/index.php\/wp-json\/wp\/v2\/media?parent=30968"}],"wp:term":[{"taxonomy":"product_brand","embeddable":true,"href":"https:\/\/singuli.wpress.me\/index.php\/wp-json\/wp\/v2\/product_brand?post=30968"},{"taxonomy":"product_cat","embeddable":true,"href":"https:\/\/singuli.wpress.me\/index.php\/wp-json\/wp\/v2\/product_cat?post=30968"},{"taxonomy":"product_tag","embeddable":true,"href":"https:\/\/singuli.wpress.me\/index.php\/wp-json\/wp\/v2\/product_tag?post=30968"}],"curies":[{"name":"wp","href":"https:\/\/api.w.org\/{rel}","templated":true}]}}