{"id":30982,"date":"2026-04-17T00:30:15","date_gmt":"2026-04-17T00:30:15","guid":{"rendered":"https:\/\/singuli.wpress.me\/index.php\/proizvod\/pantene-pro-v-silky-glowing-maska-za-kosu-300-ml\/"},"modified":"2026-04-21T00:26:34","modified_gmt":"2026-04-21T00:26:34","slug":"pantene-pro-v-silky-glowing-maska-za-kosu-300-ml","status":"publish","type":"product","link":"https:\/\/singuli.wpress.me\/index.php\/proizvod\/pantene-pro-v-silky-glowing-maska-za-kosu-300-ml\/","title":{"rendered":"PANTENE Pro-V Silky &amp; Glowing, maska za kosu, 300\u00a0ml"},"content":{"rendered":"<p>San vam je provu\u0107i prste kroz dugu, svilenkastu kosu? Vratite be\u017eivotnu, izbijeljenu kosu u \u017eivot i podarite joj sjaj maskom za kosu Pantene Silky &amp; Glowing Hair Rescue. Na\u0161a intenzivna maska za kosu s biotinom, keratinom i koncentriranim perlicama Pro-V osmi\u0161ljena je kako bi pomogla obnoviti i transformirati prekomjerno tretiranu kosu tako da vi mo\u017eete u\u017eivati u osje\u0107aju neodoljive, svilenkaste meko\u0107e od prve upotrebe. Kako nanosite kremastu formulu, perlice Pro-V u trenu se otapaju i otpu\u0161taju milijune nutrijenata u kremu. Izgradite potpunu rutinu uz kolekciju Silky &amp; Glowing koja nudi njegu izbijeljene i prekomjerno tretirane kose kao i kose s pramenovima. Istra\u017eite cijelu liniju proizvoda za kosu Silky &amp; Glowing koja uklju\u010duje i ljubi\u010dasti \u0161ampon i balzam.<\/p>\n","protected":false},"excerpt":{"rendered":"<p>Formula maske za kosu dubinski djeluje i poma\u017ee obnoviti prekomjerno tretiranu kosu kako biste u\u017eivali u osje\u0107aju svilenkasto mekane kose<br \/>\nJedinstvena inovativna formula<br \/>\nRutina za svilenkasto mekanu kosu<\/p>\n","protected":false},"featured_media":30984,"template":"","meta":{"_seopress_robots_primary_cat":"","_seopress_titles_title":"","_seopress_titles_desc":"","_seopress_robots_index":"","iawp_total_views":0},"product_brand":[411],"product_cat":[268,300],"product_tag":[],"class_list":{"0":"post-30982","1":"product","2":"type-product","3":"status-publish","4":"has-post-thumbnail","6":"product_brand-pantene","7":"product_cat-kozmetika-2","8":"product_cat-njega-kose-268","10":"first","11":"outofstock","12":"shipping-taxable","13":"purchasable","14":"product-type-simple"},"_links":{"self":[{"href":"https:\/\/singuli.wpress.me\/index.php\/wp-json\/wp\/v2\/product\/30982","targetHints":{"allow":["GET"]}}],"collection":[{"href":"https:\/\/singuli.wpress.me\/index.php\/wp-json\/wp\/v2\/product"}],"about":[{"href":"https:\/\/singuli.wpress.me\/index.php\/wp-json\/wp\/v2\/types\/product"}],"version-history":[{"count":0,"href":"https:\/\/singuli.wpress.me\/index.php\/wp-json\/wp\/v2\/product\/30982\/revisions"}],"wp:featuredmedia":[{"embeddable":true,"href":"https:\/\/singuli.wpress.me\/index.php\/wp-json\/wp\/v2\/media\/30984"}],"wp:attachment":[{"href":"https:\/\/singuli.wpress.me\/index.php\/wp-json\/wp\/v2\/media?parent=30982"}],"wp:term":[{"taxonomy":"product_brand","embeddable":true,"href":"https:\/\/singuli.wpress.me\/index.php\/wp-json\/wp\/v2\/product_brand?post=30982"},{"taxonomy":"product_cat","embeddable":true,"href":"https:\/\/singuli.wpress.me\/index.php\/wp-json\/wp\/v2\/product_cat?post=30982"},{"taxonomy":"product_tag","embeddable":true,"href":"https:\/\/singuli.wpress.me\/index.php\/wp-json\/wp\/v2\/product_tag?post=30982"}],"curies":[{"name":"wp","href":"https:\/\/api.w.org\/{rel}","templated":true}]}}