{"id":30985,"date":"2026-04-17T00:30:16","date_gmt":"2026-04-17T00:30:16","guid":{"rendered":"https:\/\/singuli.wpress.me\/index.php\/proizvod\/pantene-hydra-glow-sampon-za-kosu-250-ml\/"},"modified":"2026-04-20T12:33:04","modified_gmt":"2026-04-20T12:33:04","slug":"pantene-hydra-glow-sampon-za-kosu-250-ml","status":"publish","type":"product","link":"https:\/\/singuli.wpress.me\/index.php\/proizvod\/pantene-hydra-glow-sampon-za-kosu-250-ml\/","title":{"rendered":"PANTENE Hydra Glow, \u0161ampon za kosu, 250\u00a0ml"},"content":{"rendered":"<p>Jeste li spremni za svakodnevno lijepu kosu? <br \/>\n<span style=\"font-weight: bold\">\u0160ampon Pantene Hydra Glow<\/span> bogat je hranjivim tvarima i nemilosrdan prema neposlu\u0161nim vlasima, a kosu ostavlja predivno hidratiziranom. <br \/>\nNa\u0161a formula s vitaminom Pro-V, oboga\u0107ena biotinom i hijaluronskom kiselinom, zadr\u017eava vlagu u kosu te dubinski hidratizira kroni\u010dno suhu i be\u017eivotnu kosu. <br \/>\n\u0160ampon Hydra Glow gasi \u017ee\u0111 \u010dak i najsu\u0161e kose, a u trenu dobivate blistavo sjajne uvojke. <br \/>\nBe\u017eivotnu, slamnatu kosu pretvara u mekanu i glatku. <br \/>\nIsprobajte i druge proizvode iz linije Pro-V Miracles kao \u0161to su balzam za kosu, maska. Za predivnu kosu, svakog dana.<\/p>\n<p>Na\u010din primjene: Nanesite na mokru kosu. Isperite.<\/p>\n","protected":false},"excerpt":{"rendered":"<p>Formula \u0161ampona Hydra Glow zadr\u017eava vlagu i gasi \u017ee\u0111 \u010dak i najsu\u0161e kose<br \/>\nOboga\u0107en nutrijentima biotina, hijaluronske kiseline i Pro-V<br \/>\nJedinstvena inovativna formula rezultat je 75 godina znanstvenog istra\u017eivanja vitamina Pro-V<\/p>\n","protected":false},"featured_media":30987,"template":"","meta":{"_seopress_robots_primary_cat":"","_seopress_titles_title":"","_seopress_titles_desc":"","_seopress_robots_index":"","iawp_total_views":0},"product_brand":[411],"product_cat":[268,300],"product_tag":[],"class_list":{"0":"post-30985","1":"product","2":"type-product","3":"status-publish","4":"has-post-thumbnail","6":"product_brand-pantene","7":"product_cat-kozmetika-2","8":"product_cat-njega-kose-268","10":"first","11":"instock","12":"shipping-taxable","13":"purchasable","14":"product-type-simple"},"_links":{"self":[{"href":"https:\/\/singuli.wpress.me\/index.php\/wp-json\/wp\/v2\/product\/30985","targetHints":{"allow":["GET"]}}],"collection":[{"href":"https:\/\/singuli.wpress.me\/index.php\/wp-json\/wp\/v2\/product"}],"about":[{"href":"https:\/\/singuli.wpress.me\/index.php\/wp-json\/wp\/v2\/types\/product"}],"version-history":[{"count":0,"href":"https:\/\/singuli.wpress.me\/index.php\/wp-json\/wp\/v2\/product\/30985\/revisions"}],"wp:featuredmedia":[{"embeddable":true,"href":"https:\/\/singuli.wpress.me\/index.php\/wp-json\/wp\/v2\/media\/30987"}],"wp:attachment":[{"href":"https:\/\/singuli.wpress.me\/index.php\/wp-json\/wp\/v2\/media?parent=30985"}],"wp:term":[{"taxonomy":"product_brand","embeddable":true,"href":"https:\/\/singuli.wpress.me\/index.php\/wp-json\/wp\/v2\/product_brand?post=30985"},{"taxonomy":"product_cat","embeddable":true,"href":"https:\/\/singuli.wpress.me\/index.php\/wp-json\/wp\/v2\/product_cat?post=30985"},{"taxonomy":"product_tag","embeddable":true,"href":"https:\/\/singuli.wpress.me\/index.php\/wp-json\/wp\/v2\/product_tag?post=30985"}],"curies":[{"name":"wp","href":"https:\/\/api.w.org\/{rel}","templated":true}]}}