{"id":30988,"date":"2026-04-17T00:30:17","date_gmt":"2026-04-17T00:30:17","guid":{"rendered":"https:\/\/singuli.wpress.me\/index.php\/proizvod\/pantene-hydra-glow-maska-za-kosu-300-ml\/"},"modified":"2026-04-20T12:33:04","modified_gmt":"2026-04-20T12:33:04","slug":"pantene-hydra-glow-maska-za-kosu-300-ml","status":"publish","type":"product","link":"https:\/\/singuli.wpress.me\/index.php\/proizvod\/pantene-hydra-glow-maska-za-kosu-300-ml\/","title":{"rendered":"PANTENE Hydra Glow, maska za kosu, 300\u00a0ml"},"content":{"rendered":"<p>Otkrijte <span style=\"font-weight: bold\">Pantene intenzivnu masku za kosu<\/span> s biotinom, za dubinsku hidrataciju suhe, o\u0161te\u0107ene kose. <br \/>\nNa\u0161 \u010dudotvoran proizvod revitalizira i osvje\u017eava kosu, ostavljaju\u0107i je pritom 100 % mek\u0161om i gla\u0111om. Ova inovativna formula oboga\u0107ena je biotinom i sadr\u017ei preko 5000 koncentriranih hranjivih perlica Pro-V koje se u trenu otapaju u kosi. <br \/>\nNa\u0161a maska za kosu sadr\u017ei biotin i 5000 hranjivih perlica Pro-V, jedinstvenu Panteneovu tehnologiju koja odjednom otpu\u0161ta milijune nutrijenata. Ovaj tretman djeluje na svaki pramen kose, dubinski gasi \u017ee\u0111 va\u0161e \u017eedne kose, zagla\u0111uje kutikule i otkriva zdrav sjaj. <br \/>\nU samo 2 minute dobit \u0107ete mek\u0161u kosu koja \u0107e takva ostati do 72 sata.<\/p>\n<p>Na\u010din primjene: Nanesite na mokru kosu. Isperite.<\/p>\n","protected":false},"excerpt":{"rendered":"<p>Pretvara kroni\u010dno suhu, be\u017eivotnu kosu u mekanu, glatku i sjajnu kosu<br \/>\nIzuzetno koncentrirana formula Pro-V s biotinom<br \/>\nJedinstvena inovativna formula rezultat je 75 godina znanstvenog istra\u017eivanja vitamina Pro-V<\/p>\n","protected":false},"featured_media":30990,"template":"","meta":{"_seopress_robots_primary_cat":"","_seopress_titles_title":"","_seopress_titles_desc":"","_seopress_robots_index":"","iawp_total_views":0},"product_brand":[411],"product_cat":[268,300],"product_tag":[],"class_list":{"0":"post-30988","1":"product","2":"type-product","3":"status-publish","4":"has-post-thumbnail","6":"product_brand-pantene","7":"product_cat-kozmetika-2","8":"product_cat-njega-kose-268","10":"first","11":"outofstock","12":"shipping-taxable","13":"purchasable","14":"product-type-simple"},"_links":{"self":[{"href":"https:\/\/singuli.wpress.me\/index.php\/wp-json\/wp\/v2\/product\/30988","targetHints":{"allow":["GET"]}}],"collection":[{"href":"https:\/\/singuli.wpress.me\/index.php\/wp-json\/wp\/v2\/product"}],"about":[{"href":"https:\/\/singuli.wpress.me\/index.php\/wp-json\/wp\/v2\/types\/product"}],"version-history":[{"count":0,"href":"https:\/\/singuli.wpress.me\/index.php\/wp-json\/wp\/v2\/product\/30988\/revisions"}],"wp:featuredmedia":[{"embeddable":true,"href":"https:\/\/singuli.wpress.me\/index.php\/wp-json\/wp\/v2\/media\/30990"}],"wp:attachment":[{"href":"https:\/\/singuli.wpress.me\/index.php\/wp-json\/wp\/v2\/media?parent=30988"}],"wp:term":[{"taxonomy":"product_brand","embeddable":true,"href":"https:\/\/singuli.wpress.me\/index.php\/wp-json\/wp\/v2\/product_brand?post=30988"},{"taxonomy":"product_cat","embeddable":true,"href":"https:\/\/singuli.wpress.me\/index.php\/wp-json\/wp\/v2\/product_cat?post=30988"},{"taxonomy":"product_tag","embeddable":true,"href":"https:\/\/singuli.wpress.me\/index.php\/wp-json\/wp\/v2\/product_tag?post=30988"}],"curies":[{"name":"wp","href":"https:\/\/api.w.org\/{rel}","templated":true}]}}