{"id":30994,"date":"2026-04-17T00:30:19","date_gmt":"2026-04-17T00:30:19","guid":{"rendered":"https:\/\/singuli.wpress.me\/index.php\/proizvod\/gillette-venus-comfortglide-olay-brijac-s-zamjenskim-britvicama\/"},"modified":"2026-04-20T12:33:04","modified_gmt":"2026-04-20T12:33:04","slug":"gillette-venus-comfortglide-olay-brijac-s-zamjenskim-britvicama","status":"publish","type":"product","link":"https:\/\/singuli.wpress.me\/index.php\/proizvod\/gillette-venus-comfortglide-olay-brijac-s-zamjenskim-britvicama\/","title":{"rendered":"GILLETTE Venus Comfortglide Olay, brija\u010d s zamjenskim britvicama"},"content":{"rendered":"<p>Olay Moisture Bars otpu\u0161taju regeneratore za zadr\u017eavanje vlage u ko\u017ei radi manje isu\u0161ivanja. 5 Venus o\u0161trica za brijanje osiguravaju glatko brijanje. Nema potrebe za zasebnom kremom za brijanje, samo namo\u010dite britvicu da biste aktivirali laganu pjenu &#8211; va\u0161a \u0107e ko\u017ea postati ultra glatka i lijepa<\/p>\n","protected":false},"excerpt":{"rendered":"<p>5 Venus o\u0161trica za brijanje<br \/>\nNema potrebe za zasebnom kremom za brijanje<br \/>\nManje isu\u0161ivanja ko\u017ee<\/p>\n","protected":false},"featured_media":30996,"template":"","meta":{"_seopress_robots_primary_cat":"","_seopress_titles_title":"","_seopress_titles_desc":"","_seopress_robots_index":"","iawp_total_views":0},"product_brand":[323],"product_cat":[280,192,279],"product_tag":[],"class_list":{"0":"post-30994","1":"product","2":"type-product","3":"status-publish","4":"has-post-thumbnail","6":"product_brand-gillette","7":"product_cat-aparati-za-muskarce-279","8":"product_cat-aparati-za-osobnu-njegu","9":"product_cat-brijanje-i-sisanje-192","11":"first","12":"instock","13":"shipping-taxable","14":"purchasable","15":"product-type-simple"},"_links":{"self":[{"href":"https:\/\/singuli.wpress.me\/index.php\/wp-json\/wp\/v2\/product\/30994","targetHints":{"allow":["GET"]}}],"collection":[{"href":"https:\/\/singuli.wpress.me\/index.php\/wp-json\/wp\/v2\/product"}],"about":[{"href":"https:\/\/singuli.wpress.me\/index.php\/wp-json\/wp\/v2\/types\/product"}],"version-history":[{"count":0,"href":"https:\/\/singuli.wpress.me\/index.php\/wp-json\/wp\/v2\/product\/30994\/revisions"}],"wp:featuredmedia":[{"embeddable":true,"href":"https:\/\/singuli.wpress.me\/index.php\/wp-json\/wp\/v2\/media\/30996"}],"wp:attachment":[{"href":"https:\/\/singuli.wpress.me\/index.php\/wp-json\/wp\/v2\/media?parent=30994"}],"wp:term":[{"taxonomy":"product_brand","embeddable":true,"href":"https:\/\/singuli.wpress.me\/index.php\/wp-json\/wp\/v2\/product_brand?post=30994"},{"taxonomy":"product_cat","embeddable":true,"href":"https:\/\/singuli.wpress.me\/index.php\/wp-json\/wp\/v2\/product_cat?post=30994"},{"taxonomy":"product_tag","embeddable":true,"href":"https:\/\/singuli.wpress.me\/index.php\/wp-json\/wp\/v2\/product_tag?post=30994"}],"curies":[{"name":"wp","href":"https:\/\/api.w.org\/{rel}","templated":true}]}}