{"id":31000,"date":"2026-04-17T00:30:21","date_gmt":"2026-04-17T00:30:21","guid":{"rendered":"https:\/\/singuli.wpress.me\/index.php\/proizvod\/headshoulders-apple-fresh-sampon-protiv-peruti-800-ml\/"},"modified":"2026-04-20T12:33:04","modified_gmt":"2026-04-20T12:33:04","slug":"headshoulders-apple-fresh-sampon-protiv-peruti-800-ml","status":"publish","type":"product","link":"https:\/\/singuli.wpress.me\/index.php\/proizvod\/headshoulders-apple-fresh-sampon-protiv-peruti-800-ml\/","title":{"rendered":"HEAD&amp;SHOULDERS Apple Fresh, \u0161ampon protiv peruti, 800\u00a0ml"},"content":{"rendered":"<p>\u0160ampon protiv peruti Head &amp; Shoulders Apple Fresh sa svje\u017eim mirisom jabuke prikladan je za \u017eene i mu\u0161karce te za sve tipove kose i vlasi\u0161ta. U\u010dinkovit je \u010dak i protiv tvrdokorne peruti i mo\u017ee se koristiti svakog dana. Njegova formula Microbiome Balance cilja glavni uzrok peruti i odr\u017eava ravnote\u017eu mikrobioma vlasi\u0161ta. Djeluje na vidljivu i nevidljivu perut tako \u0161to otpu\u0161ta dva puta vi\u0161e za\u0161titnih sastojaka koji ulaze u pore kako bi se napokon sprije\u010dio povratak tvrdokorne peruti. Ova klini\u010dki dokazana, dermatolo\u0161ki ispitana formula s uravnote\u017eenim pH va\u0161e vlasi\u0161te ostavlja \u010distim i svje\u017eim.<\/p>\n","protected":false},"excerpt":{"rendered":"<p>Do 100 % za\u0161tite od peruti<br \/>\nPobolj\u0161ava hidrataciju vlasi\u0161ta<br \/>\nDjeluje na glavni uzrok peruti<\/p>\n","protected":false},"featured_media":31002,"template":"","meta":{"_seopress_robots_primary_cat":"","_seopress_titles_title":"","_seopress_titles_desc":"","_seopress_robots_index":"","iawp_total_views":0},"product_brand":[443],"product_cat":[268,300],"product_tag":[],"class_list":{"0":"post-31000","1":"product","2":"type-product","3":"status-publish","4":"has-post-thumbnail","6":"product_brand-headshoulders","7":"product_cat-kozmetika-2","8":"product_cat-njega-kose-268","10":"first","11":"instock","12":"shipping-taxable","13":"purchasable","14":"product-type-simple"},"_links":{"self":[{"href":"https:\/\/singuli.wpress.me\/index.php\/wp-json\/wp\/v2\/product\/31000","targetHints":{"allow":["GET"]}}],"collection":[{"href":"https:\/\/singuli.wpress.me\/index.php\/wp-json\/wp\/v2\/product"}],"about":[{"href":"https:\/\/singuli.wpress.me\/index.php\/wp-json\/wp\/v2\/types\/product"}],"version-history":[{"count":0,"href":"https:\/\/singuli.wpress.me\/index.php\/wp-json\/wp\/v2\/product\/31000\/revisions"}],"wp:featuredmedia":[{"embeddable":true,"href":"https:\/\/singuli.wpress.me\/index.php\/wp-json\/wp\/v2\/media\/31002"}],"wp:attachment":[{"href":"https:\/\/singuli.wpress.me\/index.php\/wp-json\/wp\/v2\/media?parent=31000"}],"wp:term":[{"taxonomy":"product_brand","embeddable":true,"href":"https:\/\/singuli.wpress.me\/index.php\/wp-json\/wp\/v2\/product_brand?post=31000"},{"taxonomy":"product_cat","embeddable":true,"href":"https:\/\/singuli.wpress.me\/index.php\/wp-json\/wp\/v2\/product_cat?post=31000"},{"taxonomy":"product_tag","embeddable":true,"href":"https:\/\/singuli.wpress.me\/index.php\/wp-json\/wp\/v2\/product_tag?post=31000"}],"curies":[{"name":"wp","href":"https:\/\/api.w.org\/{rel}","templated":true}]}}