{"id":31020,"date":"2026-04-17T00:30:26","date_gmt":"2026-04-17T00:30:26","guid":{"rendered":"https:\/\/singuli.wpress.me\/index.php\/proizvod\/headshoulders-apple-fresh-2u1-sampon-za-kosu-330-ml\/"},"modified":"2026-04-21T00:26:34","modified_gmt":"2026-04-21T00:26:34","slug":"headshoulders-apple-fresh-2u1-sampon-za-kosu-330-ml","status":"publish","type":"product","link":"https:\/\/singuli.wpress.me\/index.php\/proizvod\/headshoulders-apple-fresh-2u1-sampon-za-kosu-330-ml\/","title":{"rendered":"HEAD&amp;SHOULDERS Apple Fresh 2u1, \u0161ampon za kosu, 330\u00a0ml"},"content":{"rendered":"<p>\u0160ampon protiv peruti 2-u-1 Head &amp; Shoulders Apple Fresh prikladan je za \u017eene i mu\u0161karce te za sve tipove kose i vlasi\u0161ta. U\u010dinkovit je \u010dak i protiv tvrdokorne peruti i mo\u017ee se koristiti svakog dana. Njegova formula Microbiome Balance cilja glavni uzrok peruti i odr\u017eava ravnote\u017eu mikrobioma vlasi\u0161ta. Djeluje na vidljivu i nevidljivu perut tako \u0161to otpu\u0161ta dva puta vi\u0161e za\u0161titnih sastojaka koji ulaze u pore kako bi se napokon sprije\u010dio povratak tvrdokorne peruti. Ova 2-u-1 varijanta \u0161ampona sadr\u017ei 25 % vi\u0161e aktivnih njeguju\u0107ih tvari u usporedbi s obi\u010dnim \u0161amponom Head &amp; Shoulders, klini\u010dki je dokazana, dermatolo\u0161ki ispitana i pH uravnote\u017eena.<\/p>\n","protected":false},"excerpt":{"rendered":"<p>U\u010dinkovita za\u0161tita od peruti i njezino spre\u010davanje<br \/>\nZa najbolje rezultate koristiti svakodnevno<br \/>\nFormula Microbiome balance djeluje na glavni uzrok peruti tako \u0161to odr\u017eava dobar pH i ravnote\u017eu mikrobioma vlasi\u0161ta<\/p>\n","protected":false},"featured_media":31023,"template":"","meta":{"_seopress_robots_primary_cat":"","_seopress_titles_title":"","_seopress_titles_desc":"","_seopress_robots_index":"","iawp_total_views":0},"product_brand":[443],"product_cat":[268,300],"product_tag":[],"class_list":{"0":"post-31020","1":"product","2":"type-product","3":"status-publish","4":"has-post-thumbnail","6":"product_brand-headshoulders","7":"product_cat-kozmetika-2","8":"product_cat-njega-kose-268","10":"first","11":"outofstock","12":"shipping-taxable","13":"purchasable","14":"product-type-simple"},"_links":{"self":[{"href":"https:\/\/singuli.wpress.me\/index.php\/wp-json\/wp\/v2\/product\/31020","targetHints":{"allow":["GET"]}}],"collection":[{"href":"https:\/\/singuli.wpress.me\/index.php\/wp-json\/wp\/v2\/product"}],"about":[{"href":"https:\/\/singuli.wpress.me\/index.php\/wp-json\/wp\/v2\/types\/product"}],"version-history":[{"count":0,"href":"https:\/\/singuli.wpress.me\/index.php\/wp-json\/wp\/v2\/product\/31020\/revisions"}],"wp:featuredmedia":[{"embeddable":true,"href":"https:\/\/singuli.wpress.me\/index.php\/wp-json\/wp\/v2\/media\/31023"}],"wp:attachment":[{"href":"https:\/\/singuli.wpress.me\/index.php\/wp-json\/wp\/v2\/media?parent=31020"}],"wp:term":[{"taxonomy":"product_brand","embeddable":true,"href":"https:\/\/singuli.wpress.me\/index.php\/wp-json\/wp\/v2\/product_brand?post=31020"},{"taxonomy":"product_cat","embeddable":true,"href":"https:\/\/singuli.wpress.me\/index.php\/wp-json\/wp\/v2\/product_cat?post=31020"},{"taxonomy":"product_tag","embeddable":true,"href":"https:\/\/singuli.wpress.me\/index.php\/wp-json\/wp\/v2\/product_tag?post=31020"}],"curies":[{"name":"wp","href":"https:\/\/api.w.org\/{rel}","templated":true}]}}