{"id":31036,"date":"2026-04-17T00:30:32","date_gmt":"2026-04-17T00:30:32","guid":{"rendered":"https:\/\/singuli.wpress.me\/index.php\/proizvod\/headshoulders-menthol-fresh-sampon-protiv-peruti-500-ml\/"},"modified":"2026-04-20T12:33:04","modified_gmt":"2026-04-20T12:33:04","slug":"headshoulders-menthol-fresh-sampon-protiv-peruti-500-ml","status":"publish","type":"product","link":"https:\/\/singuli.wpress.me\/index.php\/proizvod\/headshoulders-menthol-fresh-sampon-protiv-peruti-500-ml\/","title":{"rendered":"HEAD&amp;SHOULDERS Menthol Fresh, \u0161ampon protiv peruti, 500\u00a0ml"},"content":{"rendered":"<p>\u0160ampon protiv peruti Head &amp; Shoulders bori se protiv glavnog uzroka peruti, za do 72 sata za\u0161tite od ljuskica, suho\u0107e i svrbe\u017ea (vidljive ljuskice, uz redovitu upotrebu; svrbe\u017e zbog peruti). <\/p>\n<p>Napredna formula dermatolo\u0161ki je testirana, pH uravnote\u017eena i osna\u017eena antioksidansima za nje\u017enu njegu kose i vlasi\u0161ta. Uz redovitu upotrebu ostavlja ih do 100 % bez peruti, \u0161to je i klini\u010dki dokazano. <\/p>\n<p>\u0160ampon protiv peruti Menthol \u010disti, ostavlja svje\u017e miris mentola i odr\u017eava kosu prekrasno hidratiziranom. <\/p>\n<p>Head &amp; Shoulders vode\u0107a je marka \u0161ampona u svijetu (izra\u010dun tvrtke P&amp;G na temelju godi\u0161nje prodaje u kategoriji \u0161ampona) i brine za planet: ova se bo\u010dica mo\u017ee reciklirati (bez \u010depa i ovisno o pogonima za recikla\u017eu).<\/p>\n","protected":false},"excerpt":{"rendered":"<p>Dubinski \u010disti i hidratizira kosu i vlasi\u0161te<br \/>\nZa lijepu i podatnu kosu<br \/>\nZaustavlja perut i prije nego \u0161to se pojavi<\/p>\n","protected":false},"featured_media":31038,"template":"","meta":{"_seopress_robots_primary_cat":"","_seopress_titles_title":"","_seopress_titles_desc":"","_seopress_robots_index":"","iawp_total_views":0},"product_brand":[443],"product_cat":[268,300],"product_tag":[],"class_list":{"0":"post-31036","1":"product","2":"type-product","3":"status-publish","4":"has-post-thumbnail","6":"product_brand-headshoulders","7":"product_cat-kozmetika-2","8":"product_cat-njega-kose-268","10":"first","11":"outofstock","12":"shipping-taxable","13":"purchasable","14":"product-type-simple"},"_links":{"self":[{"href":"https:\/\/singuli.wpress.me\/index.php\/wp-json\/wp\/v2\/product\/31036","targetHints":{"allow":["GET"]}}],"collection":[{"href":"https:\/\/singuli.wpress.me\/index.php\/wp-json\/wp\/v2\/product"}],"about":[{"href":"https:\/\/singuli.wpress.me\/index.php\/wp-json\/wp\/v2\/types\/product"}],"version-history":[{"count":0,"href":"https:\/\/singuli.wpress.me\/index.php\/wp-json\/wp\/v2\/product\/31036\/revisions"}],"wp:featuredmedia":[{"embeddable":true,"href":"https:\/\/singuli.wpress.me\/index.php\/wp-json\/wp\/v2\/media\/31038"}],"wp:attachment":[{"href":"https:\/\/singuli.wpress.me\/index.php\/wp-json\/wp\/v2\/media?parent=31036"}],"wp:term":[{"taxonomy":"product_brand","embeddable":true,"href":"https:\/\/singuli.wpress.me\/index.php\/wp-json\/wp\/v2\/product_brand?post=31036"},{"taxonomy":"product_cat","embeddable":true,"href":"https:\/\/singuli.wpress.me\/index.php\/wp-json\/wp\/v2\/product_cat?post=31036"},{"taxonomy":"product_tag","embeddable":true,"href":"https:\/\/singuli.wpress.me\/index.php\/wp-json\/wp\/v2\/product_tag?post=31036"}],"curies":[{"name":"wp","href":"https:\/\/api.w.org\/{rel}","templated":true}]}}