{"id":31061,"date":"2026-04-17T00:30:41","date_gmt":"2026-04-17T00:30:41","guid":{"rendered":"https:\/\/singuli.wpress.me\/index.php\/proizvod\/pampers-harmonie-baby-pelene-velicina-5-11-16kg-152-kom\/"},"modified":"2026-04-20T12:33:04","modified_gmt":"2026-04-20T12:33:04","slug":"pampers-harmonie-baby-pelene-velicina-5-11-16kg-152-kom","status":"publish","type":"product","link":"https:\/\/singuli.wpress.me\/index.php\/proizvod\/pampers-harmonie-baby-pelene-velicina-5-11-16kg-152-kom\/","title":{"rendered":"PAMPERS Harmonie Baby, pelene, veli\u010dina 5, 11-16kg, 152\u00a0kom"},"content":{"rendered":"<p>Nje\u017ena za\u0161tita ko\u017ee i sastojci biljnog porijekla u dodiru s bebinom ko\u017eom. <span style=\"font-weight: bold\">Pelene Pampers Harmonie<\/span> izra\u0111ene su od pamuka vrhunske kvalitete (15% u vanjskom sloju), mekanih vlakana biljnog porijekla (50% u povr\u0161inskom sloju) i drugih pa\u017eljivo odabranih materijala. Hipoalergene su i dermatolo\u0161ki ispitane kako bi bile nje\u017ene za bebinu ko\u017eu. Sadr\u017ee 0% dodanih mirisa i losiona te jam\u010de do 12 sati Pampersove suho\u0107e, za pouzdanu kvalitetu koju svaki roditelj treba. Krase ih slatke ilustracije, a imaju i prakti\u010dan Pampersov indikator mokre pelene pa \u0107ete ih i vi i va\u0161a beba obo\u017eavati! Pelene Pampers Harmonie izra\u0111ene su od celuloze pribavljene iz odgovornih izvora i certificirane su prema normi Standard 100 udru\u017eenja Oeko-Tex, jednom od najzahtjevnijih svjetskih certifikata. U papirnatom pakiranju koje se mo\u017ee reciklirati.<\/p>\n","protected":false},"excerpt":{"rendered":"<p>100% Pampersovo upijanje i sastojci biljnog porijekla<br \/>\n15% vrhunskog pamuka u vanjskom sloju i 50% mekanih vlakana biljnog porijekla u povr\u0161inskom sloju<br \/>\nHipoalergene i dermatolo\u0161ki ispitane<\/p>\n","protected":false},"featured_media":31063,"template":"","meta":{"_seopress_robots_primary_cat":"","_seopress_titles_title":"","_seopress_titles_desc":"","_seopress_robots_index":"","iawp_total_views":0},"product_brand":[444],"product_cat":[211,310],"product_tag":[],"class_list":{"0":"post-31061","1":"product","2":"type-product","3":"status-publish","4":"has-post-thumbnail","6":"product_brand-pampers","7":"product_cat-njega-majke-i-djeteta","8":"product_cat-pelene-211","10":"first","11":"outofstock","12":"shipping-taxable","13":"purchasable","14":"product-type-simple"},"_links":{"self":[{"href":"https:\/\/singuli.wpress.me\/index.php\/wp-json\/wp\/v2\/product\/31061","targetHints":{"allow":["GET"]}}],"collection":[{"href":"https:\/\/singuli.wpress.me\/index.php\/wp-json\/wp\/v2\/product"}],"about":[{"href":"https:\/\/singuli.wpress.me\/index.php\/wp-json\/wp\/v2\/types\/product"}],"version-history":[{"count":0,"href":"https:\/\/singuli.wpress.me\/index.php\/wp-json\/wp\/v2\/product\/31061\/revisions"}],"wp:featuredmedia":[{"embeddable":true,"href":"https:\/\/singuli.wpress.me\/index.php\/wp-json\/wp\/v2\/media\/31063"}],"wp:attachment":[{"href":"https:\/\/singuli.wpress.me\/index.php\/wp-json\/wp\/v2\/media?parent=31061"}],"wp:term":[{"taxonomy":"product_brand","embeddable":true,"href":"https:\/\/singuli.wpress.me\/index.php\/wp-json\/wp\/v2\/product_brand?post=31061"},{"taxonomy":"product_cat","embeddable":true,"href":"https:\/\/singuli.wpress.me\/index.php\/wp-json\/wp\/v2\/product_cat?post=31061"},{"taxonomy":"product_tag","embeddable":true,"href":"https:\/\/singuli.wpress.me\/index.php\/wp-json\/wp\/v2\/product_tag?post=31061"}],"curies":[{"name":"wp","href":"https:\/\/api.w.org\/{rel}","templated":true}]}}