{"id":31074,"date":"2026-04-17T00:30:45","date_gmt":"2026-04-17T00:30:45","guid":{"rendered":"https:\/\/singuli.wpress.me\/index.php\/proizvod\/domo-rucni-mikser-800w\/"},"modified":"2026-04-20T12:33:04","modified_gmt":"2026-04-20T12:33:04","slug":"domo-rucni-mikser-800w","status":"publish","type":"product","link":"https:\/\/singuli.wpress.me\/index.php\/proizvod\/domo-rucni-mikser-800w\/","title":{"rendered":"DOMO, ru\u010dni mikser, 800W"},"content":{"rendered":"<p><span style=\"font-weight: bold\">Sna\u017ean ru\u010dni mikser<\/span><br \/>\n&#8211; U\u010dinkovit, izdr\u017eljiv istosmjerni motor<br \/>\n&#8211; Pogodan i za te\u0161ke poslove zahvaljuju\u0107i zup\u010danicima <br \/>\n&#8211; 5 brzina <br \/>\n&#8211; Turbo funkcija<br \/>\n&#8211; Funkcija laganog pokretanja sprje\u010dava prskanje sastojaka<br \/>\n&#8211; Elegantan dizajn sa zavr\u0161nom obradom od nehr\u0111aju\u0107eg \u010delika<br \/>\n&#8211; Niska razina buke: 72 dB<br \/>\n&#8211; Lagan: 1 kg<br \/>\n&#8211; Pribor koji se mo\u017ee prati u perilici posu\u0111a<br \/>\n&#8211; Uklju\u010duje metlice od nehr\u0111aju\u0107eg \u010delika<br \/>\n&#8211; Kuke za tijesto<br \/>\n&#8211; 800 W<\/p>\n","protected":false},"excerpt":{"rendered":"<p>U\u010dinkovit, izdr\u017eljiv istosmjerni motor<br \/>\n5 brzina<br \/>\nElegantan dizajn sa zavr\u0161nom obradom od nehr\u0111aju\u0107eg \u010delika<\/p>\n","protected":false},"featured_media":31076,"template":"","meta":{"_seopress_robots_primary_cat":"","_seopress_titles_title":"","_seopress_titles_desc":"","_seopress_robots_index":"","iawp_total_views":0},"product_brand":[255],"product_cat":[192,267],"product_tag":[],"class_list":{"0":"post-31074","1":"product","2":"type-product","3":"status-publish","4":"has-post-thumbnail","6":"product_brand-domo","7":"product_cat-aparati-za-osobnu-njegu","8":"product_cat-zdravstveni-uredaji-192","10":"first","11":"instock","12":"shipping-taxable","13":"purchasable","14":"product-type-simple"},"_links":{"self":[{"href":"https:\/\/singuli.wpress.me\/index.php\/wp-json\/wp\/v2\/product\/31074","targetHints":{"allow":["GET"]}}],"collection":[{"href":"https:\/\/singuli.wpress.me\/index.php\/wp-json\/wp\/v2\/product"}],"about":[{"href":"https:\/\/singuli.wpress.me\/index.php\/wp-json\/wp\/v2\/types\/product"}],"version-history":[{"count":0,"href":"https:\/\/singuli.wpress.me\/index.php\/wp-json\/wp\/v2\/product\/31074\/revisions"}],"wp:featuredmedia":[{"embeddable":true,"href":"https:\/\/singuli.wpress.me\/index.php\/wp-json\/wp\/v2\/media\/31076"}],"wp:attachment":[{"href":"https:\/\/singuli.wpress.me\/index.php\/wp-json\/wp\/v2\/media?parent=31074"}],"wp:term":[{"taxonomy":"product_brand","embeddable":true,"href":"https:\/\/singuli.wpress.me\/index.php\/wp-json\/wp\/v2\/product_brand?post=31074"},{"taxonomy":"product_cat","embeddable":true,"href":"https:\/\/singuli.wpress.me\/index.php\/wp-json\/wp\/v2\/product_cat?post=31074"},{"taxonomy":"product_tag","embeddable":true,"href":"https:\/\/singuli.wpress.me\/index.php\/wp-json\/wp\/v2\/product_tag?post=31074"}],"curies":[{"name":"wp","href":"https:\/\/api.w.org\/{rel}","templated":true}]}}