{"id":31077,"date":"2026-04-17T00:30:46","date_gmt":"2026-04-17T00:30:46","guid":{"rendered":"https:\/\/singuli.wpress.me\/index.php\/proizvod\/uhu-gold-edition-ljepilo-u-stiku-8-2-g\/"},"modified":"2026-04-21T00:26:34","modified_gmt":"2026-04-21T00:26:34","slug":"uhu-gold-edition-ljepilo-u-stiku-8-2-g","status":"publish","type":"product","link":"https:\/\/singuli.wpress.me\/index.php\/proizvod\/uhu-gold-edition-ljepilo-u-stiku-8-2-g\/","title":{"rendered":"UHU Gold Edition, ljepilo u stiku, 8.2\u00a0g"},"content":{"rendered":"<p>\n    <strong>Ljepilo u stiku (Proizvedeno u Njema\u010dkoj) \u2013 S prirodnom formulom<\/strong>\n<\/p>\n<p>\n    Ovo je <strong>poznato ljepilo u stiku &#8220;proizvedeno u Njema\u010dkoj&#8221;<\/strong> s jedinstvenim prednostima.\n<\/p>\n<p>\n    Lijepi <strong>sna\u017eno, brzo i trajno<\/strong>, a istovremeno je izuzetno <strong>visokou\u010dinkovito<\/strong> i lako se nanosi. Njegova ekolo\u0161ka <strong>formula ljepila<\/strong> sastoji se od <strong>98 % prirodnih sastojaka<\/strong> (uklju\u010duju\u0107i vodu) i <strong>ne sadr\u017ei otapala<\/strong>, \u010dime je sigurna za kori\u0161tenje.\n<\/p>\n<p>\n    Zahvaljuju\u0107i <strong>jedinstvenom poklopcu s navojem<\/strong>, sprije\u010den je ulazak zraka, \u0161to <strong>sprje\u010dava su\u0161enje ljepila<\/strong> i produ\u017euje njegov vijek trajanja. A ako do\u0111e do mrlja, ljepilo se <strong>ispire hladnom vodom<\/strong>!<\/p>\n","protected":false},"excerpt":{"rendered":"<p>Ekolo\u0161ka formula: 98 % prirodnih sastojaka i bez otapala<br \/>\nTrajnost proizvoda: Poklopac s navojem sprje\u010dava su\u0161enje ljepila<br \/>\nU\u010dinkovitost: Lijepi brzo, \u010dvrsto i trajno te se ispire hladnom vodom<\/p>\n","protected":false},"featured_media":31079,"template":"","meta":{"_seopress_robots_primary_cat":"","_seopress_titles_title":"","_seopress_titles_desc":"","_seopress_robots_index":"","iawp_total_views":0},"product_brand":[445],"product_cat":[264,238],"product_tag":[],"class_list":{"0":"post-31077","1":"product","2":"type-product","3":"status-publish","4":"has-post-thumbnail","6":"product_brand-uhu","7":"product_cat-ljepila-i-brtvila-238","8":"product_cat-sve-za-dom","10":"first","11":"instock","12":"shipping-taxable","13":"purchasable","14":"product-type-simple"},"_links":{"self":[{"href":"https:\/\/singuli.wpress.me\/index.php\/wp-json\/wp\/v2\/product\/31077","targetHints":{"allow":["GET"]}}],"collection":[{"href":"https:\/\/singuli.wpress.me\/index.php\/wp-json\/wp\/v2\/product"}],"about":[{"href":"https:\/\/singuli.wpress.me\/index.php\/wp-json\/wp\/v2\/types\/product"}],"version-history":[{"count":0,"href":"https:\/\/singuli.wpress.me\/index.php\/wp-json\/wp\/v2\/product\/31077\/revisions"}],"wp:featuredmedia":[{"embeddable":true,"href":"https:\/\/singuli.wpress.me\/index.php\/wp-json\/wp\/v2\/media\/31079"}],"wp:attachment":[{"href":"https:\/\/singuli.wpress.me\/index.php\/wp-json\/wp\/v2\/media?parent=31077"}],"wp:term":[{"taxonomy":"product_brand","embeddable":true,"href":"https:\/\/singuli.wpress.me\/index.php\/wp-json\/wp\/v2\/product_brand?post=31077"},{"taxonomy":"product_cat","embeddable":true,"href":"https:\/\/singuli.wpress.me\/index.php\/wp-json\/wp\/v2\/product_cat?post=31077"},{"taxonomy":"product_tag","embeddable":true,"href":"https:\/\/singuli.wpress.me\/index.php\/wp-json\/wp\/v2\/product_tag?post=31077"}],"curies":[{"name":"wp","href":"https:\/\/api.w.org\/{rel}","templated":true}]}}