{"id":31087,"date":"2026-04-17T00:30:52","date_gmt":"2026-04-17T00:30:52","guid":{"rendered":"https:\/\/singuli.wpress.me\/index.php\/proizvod\/gillette-venus-smooth-zamjenske-britvice-12-kom\/"},"modified":"2026-04-20T12:33:04","modified_gmt":"2026-04-20T12:33:04","slug":"gillette-venus-smooth-zamjenske-britvice-12-kom","status":"publish","type":"product","link":"https:\/\/singuli.wpress.me\/index.php\/proizvod\/gillette-venus-smooth-zamjenske-britvice-12-kom\/","title":{"rendered":"GILLETTE Venus Smooth, zamjenske britvice, 12\u00a0kom"},"content":{"rendered":"<p>O\u0161trice Venusovih brija\u010da i britvica za \u017eene dizajnirane su upravo za \u017eensko tijelo. Zamjenske britvice Venus Smooth prve su zamjenjive britvice s 3 o\u0161trice namijenjene \u017eenama. Imaju 3 o\u0161trice koje prate konture tijela sa za\u0161titnim jastu\u010di\u0107ima te zagla\u0111uju ko\u017eu za brzo i lako brijanje s pouzdanim rezultatima. Plava indikatorska trakica blije\u0111enjem pokazuje kada o\u0161trice vi\u0161e ne pru\u017eaju optimalnu razinu brijanja Sve britvice Venus mogu se koristiti sa svim dr\u0161kama Venus (osim Simply Venus i Venus Pubic Hair and Skin).<\/p>\n","protected":false},"excerpt":{"rendered":"<p>3 kvalitetne o\u0161trice: pru\u017eaju jednostavno, glatko i temeljito brijanje<br \/>\nTehnologija Venus SkinCushion\u2122 poma\u017ee za\u0161tititi ko\u017eu od nadra\u017eivanja pri svakom brijanju<br \/>\nIzdr\u017eljiv dizajn o\u0161trice za du\u017eu upotrebu: o\u0161trice brija\u010da mogu trajati i do 30 dana<\/p>\n","protected":false},"featured_media":31089,"template":"","meta":{"_seopress_robots_primary_cat":"","_seopress_titles_title":"","_seopress_titles_desc":"","_seopress_robots_index":"","iawp_total_views":0},"product_brand":[323],"product_cat":[280,192,279],"product_tag":[],"class_list":{"0":"post-31087","1":"product","2":"type-product","3":"status-publish","4":"has-post-thumbnail","6":"product_brand-gillette","7":"product_cat-aparati-za-muskarce-279","8":"product_cat-aparati-za-osobnu-njegu","9":"product_cat-brijanje-i-sisanje-192","11":"first","12":"outofstock","13":"shipping-taxable","14":"purchasable","15":"product-type-simple"},"_links":{"self":[{"href":"https:\/\/singuli.wpress.me\/index.php\/wp-json\/wp\/v2\/product\/31087","targetHints":{"allow":["GET"]}}],"collection":[{"href":"https:\/\/singuli.wpress.me\/index.php\/wp-json\/wp\/v2\/product"}],"about":[{"href":"https:\/\/singuli.wpress.me\/index.php\/wp-json\/wp\/v2\/types\/product"}],"version-history":[{"count":0,"href":"https:\/\/singuli.wpress.me\/index.php\/wp-json\/wp\/v2\/product\/31087\/revisions"}],"wp:featuredmedia":[{"embeddable":true,"href":"https:\/\/singuli.wpress.me\/index.php\/wp-json\/wp\/v2\/media\/31089"}],"wp:attachment":[{"href":"https:\/\/singuli.wpress.me\/index.php\/wp-json\/wp\/v2\/media?parent=31087"}],"wp:term":[{"taxonomy":"product_brand","embeddable":true,"href":"https:\/\/singuli.wpress.me\/index.php\/wp-json\/wp\/v2\/product_brand?post=31087"},{"taxonomy":"product_cat","embeddable":true,"href":"https:\/\/singuli.wpress.me\/index.php\/wp-json\/wp\/v2\/product_cat?post=31087"},{"taxonomy":"product_tag","embeddable":true,"href":"https:\/\/singuli.wpress.me\/index.php\/wp-json\/wp\/v2\/product_tag?post=31087"}],"curies":[{"name":"wp","href":"https:\/\/api.w.org\/{rel}","templated":true}]}}