{"id":31096,"date":"2026-04-17T00:30:55","date_gmt":"2026-04-17T00:30:55","guid":{"rendered":"https:\/\/singuli.wpress.me\/index.php\/proizvod\/ariel-touch-of-lenor-fresh-air-tekuci-deterdzent-za-pranje-rublja-3-l\/"},"modified":"2026-04-20T12:33:04","modified_gmt":"2026-04-20T12:33:04","slug":"ariel-touch-of-lenor-fresh-air-tekuci-deterdzent-za-pranje-rublja-3-l","status":"publish","type":"product","link":"https:\/\/singuli.wpress.me\/index.php\/proizvod\/ariel-touch-of-lenor-fresh-air-tekuci-deterdzent-za-pranje-rublja-3-l\/","title":{"rendered":"ARIEL Touch Of Lenor Fresh Air, teku\u0107i deterd\u017eent za pranje rublja, 3\u00a0l"},"content":{"rendered":"<p>Ariel, marka koju preporu\u010duju Whirlpool, Beko, Electrolux i Candy, predstavlja teku\u0107i deterd\u017eent za pranje rublja Ariel +Touch of Lenor Fresh Air. Pru\u017ea dugotrajnu svje\u017einu do dva tjedna (u ormaru). <br \/>\n<span style=\"font-weight: bold\">Teku\u0107i deterd\u017eent Ariel +Touch of Lenor Fresh Air<\/span> pru\u017ea besprijekorne rezultate na ni\u017eim temperaturama. Njegova je formula posebno osmi\u0161ljena za brzo \u010di\u0161\u0107enje, uz djelovanje TURBO CLEAN. <br \/>\nTvrdokorne mrlje prije pranja tretirajte teku\u0107im deterd\u017eentom Ariel +Touch of Lenor i njegovim zelenim \u010depom, a zatim operite rublje u perilici.<\/p>\n<p>Na\u010din primjene: Za najbolje rezultate \u010dep s deterd\u017eentom stavite izravno u bubanj perilice rublja. Iz ekolo\u0161kih razloga na neke boce ne stavljamo \u010dep s mjericom. Takav je \u010dep besplatno dostupan na internetskoj stranici ariel.info.<\/p>\n","protected":false},"excerpt":{"rendered":"<p>Dubinsko \u010di\u0161\u0107enje i svje\u017eina<br \/>\nPru\u017ea dugotrajnu svje\u017einu do dva tjedna<br \/>\nU\u010dinkovito uklanjanje mrlja \u010dak i u hladnoj vodi i s kratkim ciklusom pranja<\/p>\n","protected":false},"featured_media":31097,"template":"","meta":{"_seopress_robots_primary_cat":"","_seopress_titles_title":"","_seopress_titles_desc":"","_seopress_robots_index":"","iawp_total_views":0},"product_brand":[427],"product_cat":[283,238],"product_tag":[],"class_list":{"0":"post-31096","1":"product","2":"type-product","3":"status-publish","4":"has-post-thumbnail","6":"product_brand-ariel","7":"product_cat-pranje-rublja-238","8":"product_cat-sve-za-dom","10":"first","11":"outofstock","12":"shipping-taxable","13":"purchasable","14":"product-type-simple"},"_links":{"self":[{"href":"https:\/\/singuli.wpress.me\/index.php\/wp-json\/wp\/v2\/product\/31096","targetHints":{"allow":["GET"]}}],"collection":[{"href":"https:\/\/singuli.wpress.me\/index.php\/wp-json\/wp\/v2\/product"}],"about":[{"href":"https:\/\/singuli.wpress.me\/index.php\/wp-json\/wp\/v2\/types\/product"}],"version-history":[{"count":0,"href":"https:\/\/singuli.wpress.me\/index.php\/wp-json\/wp\/v2\/product\/31096\/revisions"}],"wp:featuredmedia":[{"embeddable":true,"href":"https:\/\/singuli.wpress.me\/index.php\/wp-json\/wp\/v2\/media\/31097"}],"wp:attachment":[{"href":"https:\/\/singuli.wpress.me\/index.php\/wp-json\/wp\/v2\/media?parent=31096"}],"wp:term":[{"taxonomy":"product_brand","embeddable":true,"href":"https:\/\/singuli.wpress.me\/index.php\/wp-json\/wp\/v2\/product_brand?post=31096"},{"taxonomy":"product_cat","embeddable":true,"href":"https:\/\/singuli.wpress.me\/index.php\/wp-json\/wp\/v2\/product_cat?post=31096"},{"taxonomy":"product_tag","embeddable":true,"href":"https:\/\/singuli.wpress.me\/index.php\/wp-json\/wp\/v2\/product_tag?post=31096"}],"curies":[{"name":"wp","href":"https:\/\/api.w.org\/{rel}","templated":true}]}}