{"id":31100,"date":"2026-04-17T00:30:55","date_gmt":"2026-04-17T00:30:55","guid":{"rendered":"https:\/\/singuli.wpress.me\/index.php\/proizvod\/lenor-cherry-blossom-sage-omeksivac-925-ml\/"},"modified":"2026-04-20T12:33:04","modified_gmt":"2026-04-20T12:33:04","slug":"lenor-cherry-blossom-sage-omeksivac-925-ml","status":"publish","type":"product","link":"https:\/\/singuli.wpress.me\/index.php\/proizvod\/lenor-cherry-blossom-sage-omeksivac-925-ml\/","title":{"rendered":"LENOR Cherry Blossom &amp; Sage, omek\u0161iva\u010d, 925\u00a0ml"},"content":{"rendered":"<p>Lenor omek\u0161iva\u010d rublja Cherry Blossom &amp; Sage pru\u017ea do tri puta dugotrajniju svje\u017einu (u odnosu na Lenor Sensitive) zahvaljuju\u0107i tehnologiji parfemskih ulja. Zatvorite o\u010di i opustite se. Nje\u017ene note tre\u0161njinog cvijeta i ru\u017eine vodice pru\u017eit \u0107e vam bla\u017eeni osje\u0107aj mira.<\/p>\n","protected":false},"excerpt":{"rendered":"<p>3 puta dugotrajnija svje\u017eina<br \/>\nOmek\u0161iva\u010d rublja s tehnologijom parfemskih ulja<br \/>\nS biljnim sastojcima za meko\u0107u<\/p>\n","protected":false},"featured_media":31103,"template":"","meta":{"_seopress_robots_primary_cat":"","_seopress_titles_title":"","_seopress_titles_desc":"","_seopress_robots_index":"","iawp_total_views":0},"product_brand":[446],"product_cat":[283,238],"product_tag":[],"class_list":{"0":"post-31100","1":"product","2":"type-product","3":"status-publish","4":"has-post-thumbnail","6":"product_brand-lenor","7":"product_cat-pranje-rublja-238","8":"product_cat-sve-za-dom","10":"first","11":"outofstock","12":"shipping-taxable","13":"purchasable","14":"product-type-simple"},"_links":{"self":[{"href":"https:\/\/singuli.wpress.me\/index.php\/wp-json\/wp\/v2\/product\/31100","targetHints":{"allow":["GET"]}}],"collection":[{"href":"https:\/\/singuli.wpress.me\/index.php\/wp-json\/wp\/v2\/product"}],"about":[{"href":"https:\/\/singuli.wpress.me\/index.php\/wp-json\/wp\/v2\/types\/product"}],"version-history":[{"count":0,"href":"https:\/\/singuli.wpress.me\/index.php\/wp-json\/wp\/v2\/product\/31100\/revisions"}],"wp:featuredmedia":[{"embeddable":true,"href":"https:\/\/singuli.wpress.me\/index.php\/wp-json\/wp\/v2\/media\/31103"}],"wp:attachment":[{"href":"https:\/\/singuli.wpress.me\/index.php\/wp-json\/wp\/v2\/media?parent=31100"}],"wp:term":[{"taxonomy":"product_brand","embeddable":true,"href":"https:\/\/singuli.wpress.me\/index.php\/wp-json\/wp\/v2\/product_brand?post=31100"},{"taxonomy":"product_cat","embeddable":true,"href":"https:\/\/singuli.wpress.me\/index.php\/wp-json\/wp\/v2\/product_cat?post=31100"},{"taxonomy":"product_tag","embeddable":true,"href":"https:\/\/singuli.wpress.me\/index.php\/wp-json\/wp\/v2\/product_tag?post=31100"}],"curies":[{"name":"wp","href":"https:\/\/api.w.org\/{rel}","templated":true}]}}