{"id":31105,"date":"2026-04-17T00:30:57","date_gmt":"2026-04-17T00:30:57","guid":{"rendered":"https:\/\/singuli.wpress.me\/index.php\/proizvod\/gillette-venus-comfortglide-breeze-zamjenske-britvice-10-kom\/"},"modified":"2026-04-20T12:33:04","modified_gmt":"2026-04-20T12:33:04","slug":"gillette-venus-comfortglide-breeze-zamjenske-britvice-10-kom","status":"publish","type":"product","link":"https:\/\/singuli.wpress.me\/index.php\/proizvod\/gillette-venus-comfortglide-breeze-zamjenske-britvice-10-kom\/","title":{"rendered":"GILLETTE Venus Comfortglide Breeze, zamjenske britvice, 10\u00a0kom"},"content":{"rendered":"<p>Gillette Venus Comfortglide Breeze o\u0161trice s punjenjem za \u017eene imaju 3 o\u0161trice za glatko, nje\u017eno brijanje.<\/p>\n<p>Pjena, brijanje i piling: 3 visokokvalitetne o\u0161trice osiguravaju temeljito brijanje uz ko\u017eu, s fleksibilnom gel patronom za jo\u0161 bolje klizanje, s mirisom bijelog \u010daja<br \/>\n50% dodatne za\u0161tite: Venus SkinCushion tehnologija poma\u017ee u za\u0161titi ko\u017ee od iritacije pri svakom brijanju <br \/>\nDulje glatko: Ugodno brijanje s biljnim uljima za temeljitu njegu va\u0161e ko\u017ee <br \/>\nZadr\u017eite ru\u010dku, zamijenite samo o\u0161trice: sve Venus zamjenske o\u0161trice odgovaraju svim Venus sustavima za brijanje (osim Simply Venus i Venus For Skin and Pubic Hair)<br \/>\nPakiranje koje se mo\u017ee u potpunosti reciklirati: u potpunosti se mo\u017ee reciklirati i napravljeno od najmanje 40% recikliranih materijala. FSC certificiran<br \/>\nO\u0161trice za punjenje dizajnirane su za \u017eensko tijelo i opremljene su jastu\u010di\u0107ima od gela sa svje\u017eim mirisom, za klizanje i udobnost. S fleksibilnim dizajnom koji se prilago\u0111ava konturama va\u0161eg tijela. Svaka Venus zamjenska o\u0161trica odgovara svakom Venus sustavu za brijanje (osim Simply Venus i Venus For Skin and Pubic Hair).<\/p>\n","protected":false},"excerpt":{"rendered":"<p>3 visokokvalitetne o\u0161trice<br \/>\nTemeljito brijanje uz ko\u017eu<br \/>\nZadr\u017eite ru\u010dku, zamijenite samo o\u0161trice<\/p>\n","protected":false},"featured_media":31107,"template":"","meta":{"_seopress_robots_primary_cat":"","_seopress_titles_title":"","_seopress_titles_desc":"","_seopress_robots_index":"","iawp_total_views":0},"product_brand":[323],"product_cat":[266,265,160],"product_tag":[],"class_list":{"0":"post-31105","1":"product","2":"type-product","3":"status-publish","4":"has-post-thumbnail","6":"product_brand-gillette","7":"product_cat-aparati-za-kuhanje-265","8":"product_cat-kuhinjski-aparati-160","9":"product_cat-mali-kucanski-aparati","11":"first","12":"outofstock","13":"shipping-taxable","14":"purchasable","15":"product-type-simple"},"_links":{"self":[{"href":"https:\/\/singuli.wpress.me\/index.php\/wp-json\/wp\/v2\/product\/31105","targetHints":{"allow":["GET"]}}],"collection":[{"href":"https:\/\/singuli.wpress.me\/index.php\/wp-json\/wp\/v2\/product"}],"about":[{"href":"https:\/\/singuli.wpress.me\/index.php\/wp-json\/wp\/v2\/types\/product"}],"version-history":[{"count":0,"href":"https:\/\/singuli.wpress.me\/index.php\/wp-json\/wp\/v2\/product\/31105\/revisions"}],"wp:featuredmedia":[{"embeddable":true,"href":"https:\/\/singuli.wpress.me\/index.php\/wp-json\/wp\/v2\/media\/31107"}],"wp:attachment":[{"href":"https:\/\/singuli.wpress.me\/index.php\/wp-json\/wp\/v2\/media?parent=31105"}],"wp:term":[{"taxonomy":"product_brand","embeddable":true,"href":"https:\/\/singuli.wpress.me\/index.php\/wp-json\/wp\/v2\/product_brand?post=31105"},{"taxonomy":"product_cat","embeddable":true,"href":"https:\/\/singuli.wpress.me\/index.php\/wp-json\/wp\/v2\/product_cat?post=31105"},{"taxonomy":"product_tag","embeddable":true,"href":"https:\/\/singuli.wpress.me\/index.php\/wp-json\/wp\/v2\/product_tag?post=31105"}],"curies":[{"name":"wp","href":"https:\/\/api.w.org\/{rel}","templated":true}]}}