{"id":31110,"date":"2026-04-17T00:30:59","date_gmt":"2026-04-17T00:30:59","guid":{"rendered":"https:\/\/singuli.wpress.me\/index.php\/proizvod\/ariel-touch-of-lenor-fresh-air-praskasti-deterdzent-1-76-kg\/"},"modified":"2026-04-20T12:33:04","modified_gmt":"2026-04-20T12:33:04","slug":"ariel-touch-of-lenor-fresh-air-praskasti-deterdzent-1-76-kg","status":"publish","type":"product","link":"https:\/\/singuli.wpress.me\/index.php\/proizvod\/ariel-touch-of-lenor-fresh-air-praskasti-deterdzent-1-76-kg\/","title":{"rendered":"ARIEL Touch Of Lenor Fresh Air, pra\u0161kasti deterd\u017eent, 1.76\u00a0kg"},"content":{"rendered":"<p>Ariel, marka koju preporu\u010duju Whirlpool, Electrolux Candy i Beko, predstavlja +Touch of Lenor Fresh Air, brzo topivi pra\u0161kasti deterd\u017eent za rublje. <br \/>\n<span style=\"font-weight: bold\">Ariel +Touch of Lenor Fresh Air<\/span> pru\u017ea dugotrajnu svje\u017einu do 2 tjedna (u ormaru) i izvanredno iskustvo \u010di\u0161\u0107enja \u010dak i pri pranju na ni\u017eim temperaturama. Zahvaljuju\u0107i jedinstvenoj tehnologiji brzo se otapa u dodiru s vodom, trenutno se aktivira i prodire duboko u vlakna \u010dak i na niskim temperaturama pranja. <br \/>\nSnizite temperaturu pranja na 30 \u00b0C i u\u0161tedite do 60% energije! (Potro\u0161nja energije perilice rublja, uz smanjenje temperature sa 60 \u00b0C na 30 \u00b0C, na normalnom programu pranja). A da sve bude jo\u0161 i bolje, pranje na ni\u017eim temperaturama dulje \u0161titi tkanine u usporedbi s pranjem na vi\u0161im temperaturama.<\/p>\n","protected":false},"excerpt":{"rendered":"<p>Dubinsko \u010di\u0161\u0107enje i svje\u017eina<br \/>\nPru\u017ea dugotrajnu svje\u017einu do dva tjedna<br \/>\nU\u010dinkovito uklanjanje mrlja \u010dak i u hladnoj vodi i s kratkim ciklusom pranja<\/p>\n","protected":false},"featured_media":31111,"template":"","meta":{"_seopress_robots_primary_cat":"","_seopress_titles_title":"","_seopress_titles_desc":"","_seopress_robots_index":"","iawp_total_views":0},"product_brand":[427],"product_cat":[283,238],"product_tag":[],"class_list":{"0":"post-31110","1":"product","2":"type-product","3":"status-publish","4":"has-post-thumbnail","6":"product_brand-ariel","7":"product_cat-pranje-rublja-238","8":"product_cat-sve-za-dom","10":"first","11":"outofstock","12":"shipping-taxable","13":"purchasable","14":"product-type-simple"},"_links":{"self":[{"href":"https:\/\/singuli.wpress.me\/index.php\/wp-json\/wp\/v2\/product\/31110","targetHints":{"allow":["GET"]}}],"collection":[{"href":"https:\/\/singuli.wpress.me\/index.php\/wp-json\/wp\/v2\/product"}],"about":[{"href":"https:\/\/singuli.wpress.me\/index.php\/wp-json\/wp\/v2\/types\/product"}],"version-history":[{"count":0,"href":"https:\/\/singuli.wpress.me\/index.php\/wp-json\/wp\/v2\/product\/31110\/revisions"}],"wp:featuredmedia":[{"embeddable":true,"href":"https:\/\/singuli.wpress.me\/index.php\/wp-json\/wp\/v2\/media\/31111"}],"wp:attachment":[{"href":"https:\/\/singuli.wpress.me\/index.php\/wp-json\/wp\/v2\/media?parent=31110"}],"wp:term":[{"taxonomy":"product_brand","embeddable":true,"href":"https:\/\/singuli.wpress.me\/index.php\/wp-json\/wp\/v2\/product_brand?post=31110"},{"taxonomy":"product_cat","embeddable":true,"href":"https:\/\/singuli.wpress.me\/index.php\/wp-json\/wp\/v2\/product_cat?post=31110"},{"taxonomy":"product_tag","embeddable":true,"href":"https:\/\/singuli.wpress.me\/index.php\/wp-json\/wp\/v2\/product_tag?post=31110"}],"curies":[{"name":"wp","href":"https:\/\/api.w.org\/{rel}","templated":true}]}}