{"id":31119,"date":"2026-04-17T00:31:03","date_gmt":"2026-04-17T00:31:03","guid":{"rendered":"https:\/\/singuli.wpress.me\/index.php\/proizvod\/neutro-roberts-fresco-dezodorans-u-spreju-150-ml\/"},"modified":"2026-04-20T12:33:04","modified_gmt":"2026-04-20T12:33:04","slug":"neutro-roberts-fresco-dezodorans-u-spreju-150-ml","status":"publish","type":"product","link":"https:\/\/singuli.wpress.me\/index.php\/proizvod\/neutro-roberts-fresco-dezodorans-u-spreju-150-ml\/","title":{"rendered":"NEUTRO ROBERTS Fresco, dezodorans u spreju, 150\u00a0ml"},"content":{"rendered":"<p>Neutro Roberts Fresco Classic dezodorans u spreju s novom, posebno osmi\u0161ljenom, formulom s glicerinskim uljem istovremeno \u0161titi od znoja do 48 sati te vra\u0107a prirodnu hidrataciju va\u0161oj ko\u017ei. Njegov spoj tradicionalnih nota zumbula, modernog geranija i kremastog jasmina ostavlja nje\u017ean bezvremenski miris na va\u0161oj ko\u017ei. Neutro Roberts Fresco Classic dezodorans u spreju ne ostavlja tragove na odje\u0107i i ne sadr\u017ei aluminijeve soli.<\/p>\n","protected":false},"excerpt":{"rendered":"<p>Pru\u017ea do 48h pouzdane za\u0161tite od znojenja<br \/>\nBez aluminijevih soli<br \/>\nBez vidljivih tragova na odje\u0107i<\/p>\n","protected":false},"featured_media":31121,"template":"","meta":{"_seopress_robots_primary_cat":"","_seopress_titles_title":"","_seopress_titles_desc":"","_seopress_robots_index":"","iawp_total_views":0},"product_brand":[412],"product_cat":[285,268],"product_tag":[],"class_list":{"0":"post-31119","1":"product","2":"type-product","3":"status-publish","4":"has-post-thumbnail","6":"product_brand-neutro-roberts","7":"product_cat-dezodoransi-268","8":"product_cat-kozmetika-2","10":"first","11":"instock","12":"shipping-taxable","13":"purchasable","14":"product-type-simple"},"_links":{"self":[{"href":"https:\/\/singuli.wpress.me\/index.php\/wp-json\/wp\/v2\/product\/31119","targetHints":{"allow":["GET"]}}],"collection":[{"href":"https:\/\/singuli.wpress.me\/index.php\/wp-json\/wp\/v2\/product"}],"about":[{"href":"https:\/\/singuli.wpress.me\/index.php\/wp-json\/wp\/v2\/types\/product"}],"version-history":[{"count":0,"href":"https:\/\/singuli.wpress.me\/index.php\/wp-json\/wp\/v2\/product\/31119\/revisions"}],"wp:featuredmedia":[{"embeddable":true,"href":"https:\/\/singuli.wpress.me\/index.php\/wp-json\/wp\/v2\/media\/31121"}],"wp:attachment":[{"href":"https:\/\/singuli.wpress.me\/index.php\/wp-json\/wp\/v2\/media?parent=31119"}],"wp:term":[{"taxonomy":"product_brand","embeddable":true,"href":"https:\/\/singuli.wpress.me\/index.php\/wp-json\/wp\/v2\/product_brand?post=31119"},{"taxonomy":"product_cat","embeddable":true,"href":"https:\/\/singuli.wpress.me\/index.php\/wp-json\/wp\/v2\/product_cat?post=31119"},{"taxonomy":"product_tag","embeddable":true,"href":"https:\/\/singuli.wpress.me\/index.php\/wp-json\/wp\/v2\/product_tag?post=31119"}],"curies":[{"name":"wp","href":"https:\/\/api.w.org\/{rel}","templated":true}]}}