{"id":31129,"date":"2026-04-17T00:31:10","date_gmt":"2026-04-17T00:31:10","guid":{"rendered":"https:\/\/singuli.wpress.me\/index.php\/proizvod\/old-spice-tomorrowland-dezodorans-u-spreju-150-ml\/"},"modified":"2026-04-20T12:33:04","modified_gmt":"2026-04-20T12:33:04","slug":"old-spice-tomorrowland-dezodorans-u-spreju-150-ml","status":"publish","type":"product","link":"https:\/\/singuli.wpress.me\/index.php\/proizvod\/old-spice-tomorrowland-dezodorans-u-spreju-150-ml\/","title":{"rendered":"OLD SPICE Tomorrowland, dezodorans u spreju, 150\u00a0ml"},"content":{"rendered":"<p>U\u017eivaj u 48 sati svje\u017eine i fantamirisnom samopouzdanju uz posebno izdanje dezodoransa za tijelo u spreju Old Spice Tomorrowland bez aluminija za mu\u0161karce. Njegov supergenijalni miris parfemske kvalitete svojom predivno\u0107om nadja\u010dava \u010dak i najneugodnije mirise te pru\u017ea za\u0161titu od njih, ne ostavljaju\u0107i pritom tragove na crnoj i bijeloj odje\u0107i. Zahvaljuju\u0107i toj bezbri\u017enoj svje\u017eini mo\u017ee\u0161 se usredoto\u010diti na ambicioznije pothvate poput sklapanja poslova ili podu\u010davanja dupina ljudskom govoru. ISPROBAJ POSEBNO IZDANJE DEZODORANSA OLD SPICE TOMORROWLAND S MIRISOM PARFEMSKE KVALITETE i oslobodi svoj festivalski duh. Uz ovaj citrusni miris vibrantnog bergamota i hrskave jabuke u kombinaciji s drvenastim notama zavladat \u0107e\u0161 svijetom festivalske svje\u017eine.<\/p>\n","protected":false},"excerpt":{"rendered":"<p>Bez neugodnih mirisa i osje\u0107aj dugotrajne svje\u017eine<br \/>\nUz ovaj citrusni miris vibrantnog bergamota i hrskave jabuke protkan drvenastim notama zavladat \u0107e\u0161 svijetom festivalske svje\u017eine<br \/>\nSjajan miris cijeli dan bez tragova dezodoransa na odje\u0107i<\/p>\n","protected":false},"featured_media":31130,"template":"","meta":{"_seopress_robots_primary_cat":"","_seopress_titles_title":"","_seopress_titles_desc":"","_seopress_robots_index":"","iawp_total_views":0},"product_brand":[448],"product_cat":[285,268],"product_tag":[],"class_list":{"0":"post-31129","1":"product","2":"type-product","3":"status-publish","4":"has-post-thumbnail","6":"product_brand-old-spice","7":"product_cat-dezodoransi-268","8":"product_cat-kozmetika-2","10":"first","11":"instock","12":"shipping-taxable","13":"purchasable","14":"product-type-simple"},"_links":{"self":[{"href":"https:\/\/singuli.wpress.me\/index.php\/wp-json\/wp\/v2\/product\/31129","targetHints":{"allow":["GET"]}}],"collection":[{"href":"https:\/\/singuli.wpress.me\/index.php\/wp-json\/wp\/v2\/product"}],"about":[{"href":"https:\/\/singuli.wpress.me\/index.php\/wp-json\/wp\/v2\/types\/product"}],"version-history":[{"count":0,"href":"https:\/\/singuli.wpress.me\/index.php\/wp-json\/wp\/v2\/product\/31129\/revisions"}],"wp:featuredmedia":[{"embeddable":true,"href":"https:\/\/singuli.wpress.me\/index.php\/wp-json\/wp\/v2\/media\/31130"}],"wp:attachment":[{"href":"https:\/\/singuli.wpress.me\/index.php\/wp-json\/wp\/v2\/media?parent=31129"}],"wp:term":[{"taxonomy":"product_brand","embeddable":true,"href":"https:\/\/singuli.wpress.me\/index.php\/wp-json\/wp\/v2\/product_brand?post=31129"},{"taxonomy":"product_cat","embeddable":true,"href":"https:\/\/singuli.wpress.me\/index.php\/wp-json\/wp\/v2\/product_cat?post=31129"},{"taxonomy":"product_tag","embeddable":true,"href":"https:\/\/singuli.wpress.me\/index.php\/wp-json\/wp\/v2\/product_tag?post=31129"}],"curies":[{"name":"wp","href":"https:\/\/api.w.org\/{rel}","templated":true}]}}