{"id":31132,"date":"2026-04-17T00:31:14","date_gmt":"2026-04-17T00:31:14","guid":{"rendered":"https:\/\/singuli.wpress.me\/index.php\/proizvod\/ariel-all-in-1-touch-of-lenor-amethyst-kapsule-za-pranje-rublja-36-kom\/"},"modified":"2026-04-20T12:33:04","modified_gmt":"2026-04-20T12:33:04","slug":"ariel-all-in-1-touch-of-lenor-amethyst-kapsule-za-pranje-rublja-36-kom","status":"publish","type":"product","link":"https:\/\/singuli.wpress.me\/index.php\/proizvod\/ariel-all-in-1-touch-of-lenor-amethyst-kapsule-za-pranje-rublja-36-kom\/","title":{"rendered":"ARIEL All-in-1 Touch of Lenor &#8211; Amethyst, kapsule za pranje rublja, 36\u00a0kom"},"content":{"rendered":"<p>Ariel, brend koji preporu\u010duju Whirlpool, Electrolux, Candy i Beko, predstavlja kapsule teku\u0107eg deterd\u017eenta za pranje rublja Ariel All-in-1 PODS +Touch of Lenor Amethyst Flower! Dolaze s dodatnom ljubi\u010dastom komorom, pru\u017eaju dugotrajnu svje\u017einu do 2 tjedna (u ormaru). . Osmi\u0161ljene su za kori\u0161tenje u hladnoj vodi s jedinstvenim tehnologijama poput tehnologije COOL CLEAN. U dodiru s vodom omot se rastapa i osloba\u0111a sna\u017ene tehnologije za uklanjanje mrlja, za dubinsko i sna\u017eno \u010di\u0161\u0107enje kapsulama Ariel All-in-1 PODS +Touch of Lenor Amethyst Flower<\/p>\n","protected":false},"excerpt":{"rendered":"<p>Dubinsko \u010di\u0161\u0107enje i dodatna svje\u017eina<br \/>\nOsmi\u0161ljeno za pranje na niskim temperaturama<br \/>\nOmot kapsula 100% topiv u vodi<\/p>\n","protected":false},"featured_media":31133,"template":"","meta":{"_seopress_robots_primary_cat":"","_seopress_titles_title":"","_seopress_titles_desc":"","_seopress_robots_index":"","iawp_total_views":0},"product_brand":[427],"product_cat":[283,238],"product_tag":[],"class_list":{"0":"post-31132","1":"product","2":"type-product","3":"status-publish","4":"has-post-thumbnail","6":"product_brand-ariel","7":"product_cat-pranje-rublja-238","8":"product_cat-sve-za-dom","10":"first","11":"outofstock","12":"shipping-taxable","13":"purchasable","14":"product-type-simple"},"_links":{"self":[{"href":"https:\/\/singuli.wpress.me\/index.php\/wp-json\/wp\/v2\/product\/31132","targetHints":{"allow":["GET"]}}],"collection":[{"href":"https:\/\/singuli.wpress.me\/index.php\/wp-json\/wp\/v2\/product"}],"about":[{"href":"https:\/\/singuli.wpress.me\/index.php\/wp-json\/wp\/v2\/types\/product"}],"version-history":[{"count":0,"href":"https:\/\/singuli.wpress.me\/index.php\/wp-json\/wp\/v2\/product\/31132\/revisions"}],"wp:featuredmedia":[{"embeddable":true,"href":"https:\/\/singuli.wpress.me\/index.php\/wp-json\/wp\/v2\/media\/31133"}],"wp:attachment":[{"href":"https:\/\/singuli.wpress.me\/index.php\/wp-json\/wp\/v2\/media?parent=31132"}],"wp:term":[{"taxonomy":"product_brand","embeddable":true,"href":"https:\/\/singuli.wpress.me\/index.php\/wp-json\/wp\/v2\/product_brand?post=31132"},{"taxonomy":"product_cat","embeddable":true,"href":"https:\/\/singuli.wpress.me\/index.php\/wp-json\/wp\/v2\/product_cat?post=31132"},{"taxonomy":"product_tag","embeddable":true,"href":"https:\/\/singuli.wpress.me\/index.php\/wp-json\/wp\/v2\/product_tag?post=31132"}],"curies":[{"name":"wp","href":"https:\/\/api.w.org\/{rel}","templated":true}]}}