{"id":31144,"date":"2026-04-17T00:31:21","date_gmt":"2026-04-17T00:31:21","guid":{"rendered":"https:\/\/singuli.wpress.me\/index.php\/proizvod\/neutro-roberts-fresco-monoi-deo-roll-on-50-ml\/"},"modified":"2026-04-20T12:33:04","modified_gmt":"2026-04-20T12:33:04","slug":"neutro-roberts-fresco-monoi-deo-roll-on-50-ml","status":"publish","type":"product","link":"https:\/\/singuli.wpress.me\/index.php\/proizvod\/neutro-roberts-fresco-monoi-deo-roll-on-50-ml\/","title":{"rendered":"NEUTRO ROBERTS Fresco Monoi, deo roll-on, 50\u00a0ml"},"content":{"rendered":"<p>Neutro Roberts Fresco Monoi &amp; Fresia roll-on dezodorans pru\u017ea pouzdanu za\u0161titu od znojenja do 48 sati. Ostavlja romanti\u010dan miris spoja proljetnih nota frezije i \u0111ur\u0111ice te toplog monoi ulja. Njegova formula s glicerinskim uljem posebno je osmi\u0161ljena za istovremeno vra\u0107anje prirodne hidratacije ko\u017ee i svakodnevnu za\u0161titu od znoja. Neutro Roberts Fresco Monoi &amp; Fresia roll-on dezodorans ne ostavlja tragove na odje\u0107i i ne sadr\u017ei aluminijeve soli.<\/p>\n","protected":false},"excerpt":{"rendered":"<p>Dugotrajna za\u0161tita<br \/>\nBez tragova na odje\u0107i<br \/>\nBez aluminijevih soli<\/p>\n","protected":false},"featured_media":31145,"template":"","meta":{"_seopress_robots_primary_cat":"","_seopress_titles_title":"","_seopress_titles_desc":"","_seopress_robots_index":"","iawp_total_views":0},"product_brand":[412],"product_cat":[285,268],"product_tag":[],"class_list":{"0":"post-31144","1":"product","2":"type-product","3":"status-publish","4":"has-post-thumbnail","6":"product_brand-neutro-roberts","7":"product_cat-dezodoransi-268","8":"product_cat-kozmetika-2","10":"first","11":"instock","12":"shipping-taxable","13":"purchasable","14":"product-type-simple"},"_links":{"self":[{"href":"https:\/\/singuli.wpress.me\/index.php\/wp-json\/wp\/v2\/product\/31144","targetHints":{"allow":["GET"]}}],"collection":[{"href":"https:\/\/singuli.wpress.me\/index.php\/wp-json\/wp\/v2\/product"}],"about":[{"href":"https:\/\/singuli.wpress.me\/index.php\/wp-json\/wp\/v2\/types\/product"}],"version-history":[{"count":0,"href":"https:\/\/singuli.wpress.me\/index.php\/wp-json\/wp\/v2\/product\/31144\/revisions"}],"wp:featuredmedia":[{"embeddable":true,"href":"https:\/\/singuli.wpress.me\/index.php\/wp-json\/wp\/v2\/media\/31145"}],"wp:attachment":[{"href":"https:\/\/singuli.wpress.me\/index.php\/wp-json\/wp\/v2\/media?parent=31144"}],"wp:term":[{"taxonomy":"product_brand","embeddable":true,"href":"https:\/\/singuli.wpress.me\/index.php\/wp-json\/wp\/v2\/product_brand?post=31144"},{"taxonomy":"product_cat","embeddable":true,"href":"https:\/\/singuli.wpress.me\/index.php\/wp-json\/wp\/v2\/product_cat?post=31144"},{"taxonomy":"product_tag","embeddable":true,"href":"https:\/\/singuli.wpress.me\/index.php\/wp-json\/wp\/v2\/product_tag?post=31144"}],"curies":[{"name":"wp","href":"https:\/\/api.w.org\/{rel}","templated":true}]}}