{"id":31147,"date":"2026-04-17T00:31:23","date_gmt":"2026-04-17T00:31:23","guid":{"rendered":"https:\/\/singuli.wpress.me\/index.php\/proizvod\/neutro-roberts-fresco-classico-deo-roll-on-50-ml\/"},"modified":"2026-04-21T00:26:34","modified_gmt":"2026-04-21T00:26:34","slug":"neutro-roberts-fresco-classico-deo-roll-on-50-ml","status":"publish","type":"product","link":"https:\/\/singuli.wpress.me\/index.php\/proizvod\/neutro-roberts-fresco-classico-deo-roll-on-50-ml\/","title":{"rendered":"NEUTRO ROBERTS Fresco Classico, deo roll-on, 50\u00a0ml"},"content":{"rendered":"<p>Neutro Roberts Fresco Classic roll-on dezodorans pru\u017ea pouzdanu za\u0161titu od znojenja do 48 sati. Ostavlja nje\u017ean bezvremenski miris spoja tradicionalnih nota zumbula, modernog geranija i kremastog jasmina. Njegova formula s glicerinskim uljem posebno je osmi\u0161ljena za istovremeno vra\u0107anje prirodne hidratacije ko\u017ee i svakodnevnu za\u0161titu od znoja. Neutro Roberts Fresco Classic roll-on dezodorans ne ostavlja tragove na odje\u0107i i ne sadr\u017ei aluminijeve soli.<\/p>\n","protected":false},"excerpt":{"rendered":"<p>Pru\u017ea do 48h pouzdane za\u0161tite od znojenja<br \/>\nBez vidljivih tragova na odje\u0107i<br \/>\nBez aluminijevih soli<\/p>\n","protected":false},"featured_media":31148,"template":"","meta":{"_seopress_robots_primary_cat":"","_seopress_titles_title":"","_seopress_titles_desc":"","_seopress_robots_index":"","iawp_total_views":0},"product_brand":[412],"product_cat":[285,268],"product_tag":[],"class_list":{"0":"post-31147","1":"product","2":"type-product","3":"status-publish","4":"has-post-thumbnail","6":"product_brand-neutro-roberts","7":"product_cat-dezodoransi-268","8":"product_cat-kozmetika-2","10":"first","11":"outofstock","12":"shipping-taxable","13":"purchasable","14":"product-type-simple"},"_links":{"self":[{"href":"https:\/\/singuli.wpress.me\/index.php\/wp-json\/wp\/v2\/product\/31147","targetHints":{"allow":["GET"]}}],"collection":[{"href":"https:\/\/singuli.wpress.me\/index.php\/wp-json\/wp\/v2\/product"}],"about":[{"href":"https:\/\/singuli.wpress.me\/index.php\/wp-json\/wp\/v2\/types\/product"}],"version-history":[{"count":0,"href":"https:\/\/singuli.wpress.me\/index.php\/wp-json\/wp\/v2\/product\/31147\/revisions"}],"wp:featuredmedia":[{"embeddable":true,"href":"https:\/\/singuli.wpress.me\/index.php\/wp-json\/wp\/v2\/media\/31148"}],"wp:attachment":[{"href":"https:\/\/singuli.wpress.me\/index.php\/wp-json\/wp\/v2\/media?parent=31147"}],"wp:term":[{"taxonomy":"product_brand","embeddable":true,"href":"https:\/\/singuli.wpress.me\/index.php\/wp-json\/wp\/v2\/product_brand?post=31147"},{"taxonomy":"product_cat","embeddable":true,"href":"https:\/\/singuli.wpress.me\/index.php\/wp-json\/wp\/v2\/product_cat?post=31147"},{"taxonomy":"product_tag","embeddable":true,"href":"https:\/\/singuli.wpress.me\/index.php\/wp-json\/wp\/v2\/product_tag?post=31147"}],"curies":[{"name":"wp","href":"https:\/\/api.w.org\/{rel}","templated":true}]}}