{"id":31158,"date":"2026-04-17T00:31:28","date_gmt":"2026-04-17T00:31:28","guid":{"rendered":"https:\/\/singuli.wpress.me\/index.php\/proizvod\/headshoulders-pro-expert-7-sampon-protiv-peruti-250-ml\/"},"modified":"2026-04-21T00:26:34","modified_gmt":"2026-04-21T00:26:34","slug":"headshoulders-pro-expert-7-sampon-protiv-peruti-250-ml","status":"publish","type":"product","link":"https:\/\/singuli.wpress.me\/index.php\/proizvod\/headshoulders-pro-expert-7-sampon-protiv-peruti-250-ml\/","title":{"rendered":"HEAD&amp;SHOULDERS Pro-Expert 7, \u0161ampon protiv peruti, 250\u00a0ml"},"content":{"rendered":"<p>\u0160ampon protiv peruti Pro-Expert 7 Hair Fall Defence, s kofeinom, sadr\u017ei najvi\u0161u razinu aktivnih tvari protiv peruti od svih proizvoda Head &amp; Shoulders. Ova formula djeluje na 7 problema s vlasi\u0161tem i pru\u017ea mu potpunu za\u0161titu. Tako\u0111er, klini\u010dki dokazano smanjuje opadanje kose u periodu od 8 tjedana te poma\u017ee o\u010distiti vlasi\u0161te i vra\u0107a mu ravnote\u017eu. Za najbolje rezultate koristite pri svakom pranju. <br \/>\nKOMPLETNA ZA\u0160TITA ZA VLASI\u0160TE U 1 BOCI: <br \/>\n1. Bori se protiv tvrdokorne peruti,<br \/>\n2. Vlasi\u0161tu vra\u0107a ravnote\u017eu, <br \/>\n3. Kontrolira ma\u0161\u0107enje, <br \/>\n4. Dubinski \u010disti pore, <br \/>\n5. Bori se protiv svrbe\u017ea,<br \/>\n6. Vlasi\u0161tu pru\u017ea olak\u0161anje, <br \/>\n7. Smanjuje opadanje kose <\/p>\n","protected":false},"excerpt":{"rendered":"<p>Bori se protiv tvrdokorne peruti<br \/>\nKontrolira ma\u0161\u0107enje<br \/>\nBori se protiv svrbe\u017ea<\/p>\n","protected":false},"featured_media":31159,"template":"","meta":{"_seopress_robots_primary_cat":"","_seopress_titles_title":"","_seopress_titles_desc":"","_seopress_robots_index":"","iawp_total_views":0},"product_brand":[443],"product_cat":[268,300],"product_tag":[],"class_list":{"0":"post-31158","1":"product","2":"type-product","3":"status-publish","4":"has-post-thumbnail","6":"product_brand-headshoulders","7":"product_cat-kozmetika-2","8":"product_cat-njega-kose-268","10":"first","11":"outofstock","12":"shipping-taxable","13":"purchasable","14":"product-type-simple"},"_links":{"self":[{"href":"https:\/\/singuli.wpress.me\/index.php\/wp-json\/wp\/v2\/product\/31158","targetHints":{"allow":["GET"]}}],"collection":[{"href":"https:\/\/singuli.wpress.me\/index.php\/wp-json\/wp\/v2\/product"}],"about":[{"href":"https:\/\/singuli.wpress.me\/index.php\/wp-json\/wp\/v2\/types\/product"}],"version-history":[{"count":0,"href":"https:\/\/singuli.wpress.me\/index.php\/wp-json\/wp\/v2\/product\/31158\/revisions"}],"wp:featuredmedia":[{"embeddable":true,"href":"https:\/\/singuli.wpress.me\/index.php\/wp-json\/wp\/v2\/media\/31159"}],"wp:attachment":[{"href":"https:\/\/singuli.wpress.me\/index.php\/wp-json\/wp\/v2\/media?parent=31158"}],"wp:term":[{"taxonomy":"product_brand","embeddable":true,"href":"https:\/\/singuli.wpress.me\/index.php\/wp-json\/wp\/v2\/product_brand?post=31158"},{"taxonomy":"product_cat","embeddable":true,"href":"https:\/\/singuli.wpress.me\/index.php\/wp-json\/wp\/v2\/product_cat?post=31158"},{"taxonomy":"product_tag","embeddable":true,"href":"https:\/\/singuli.wpress.me\/index.php\/wp-json\/wp\/v2\/product_tag?post=31158"}],"curies":[{"name":"wp","href":"https:\/\/api.w.org\/{rel}","templated":true}]}}