{"id":31161,"date":"2026-04-17T00:31:29","date_gmt":"2026-04-17T00:31:29","guid":{"rendered":"https:\/\/singuli.wpress.me\/index.php\/proizvod\/always-platinum-secure-night-extra-higijenski-ulosci-8-kom\/"},"modified":"2026-04-21T00:26:34","modified_gmt":"2026-04-21T00:26:34","slug":"always-platinum-secure-night-extra-higijenski-ulosci-8-kom","status":"publish","type":"product","link":"https:\/\/singuli.wpress.me\/index.php\/proizvod\/always-platinum-secure-night-extra-higijenski-ulosci-8-kom\/","title":{"rendered":"ALWAYS Platinum Secure Night Extra, higijenski ulo\u0161ci, 8\u00a0kom"},"content":{"rendered":"<p>Higijenski ulo\u0161ci Always Platinum dizajnirani su tako da spre\u010davaju propu\u0161tanja i pomicanja i da ne budu neudobni. S ulo\u0161cima Always Platinum mo\u017eete mirno spavati i sanjati. Always Platinum Secure Night Extra (veli\u010dina 5) s krilcima imaju 85%* du\u017ei stra\u017enji dio tako da nude vi\u0161e za\u0161tite tamo gdje vam je najpotrebnija. *u odnosu na Always Platinum Normal (veli\u010dina 1)<\/p>\n","protected":false},"excerpt":{"rendered":"<p>Do 100% za\u0161tite od propu\u0161tanja i dodatna udobnost<br \/>\nS 85%* \u0161irim i du\u017eim stra\u017enjim dijelom i ve\u0107im prednjim dijelom*,<br \/>\nTehnologija InstanDry za brzo upijanje i osje\u0107aj suho\u0107e i LeakGuard<\/p>\n","protected":false},"featured_media":31162,"template":"","meta":{"_seopress_robots_primary_cat":"","_seopress_titles_title":"","_seopress_titles_desc":"","_seopress_robots_index":"","iawp_total_views":0},"product_brand":[449],"product_cat":[211,288],"product_tag":[],"class_list":{"0":"post-31161","1":"product","2":"type-product","3":"status-publish","4":"has-post-thumbnail","6":"product_brand-always","7":"product_cat-njega-majke-i-djeteta","8":"product_cat-zenska-higijena-211","10":"first","11":"instock","12":"shipping-taxable","13":"purchasable","14":"product-type-simple"},"_links":{"self":[{"href":"https:\/\/singuli.wpress.me\/index.php\/wp-json\/wp\/v2\/product\/31161","targetHints":{"allow":["GET"]}}],"collection":[{"href":"https:\/\/singuli.wpress.me\/index.php\/wp-json\/wp\/v2\/product"}],"about":[{"href":"https:\/\/singuli.wpress.me\/index.php\/wp-json\/wp\/v2\/types\/product"}],"version-history":[{"count":0,"href":"https:\/\/singuli.wpress.me\/index.php\/wp-json\/wp\/v2\/product\/31161\/revisions"}],"wp:featuredmedia":[{"embeddable":true,"href":"https:\/\/singuli.wpress.me\/index.php\/wp-json\/wp\/v2\/media\/31162"}],"wp:attachment":[{"href":"https:\/\/singuli.wpress.me\/index.php\/wp-json\/wp\/v2\/media?parent=31161"}],"wp:term":[{"taxonomy":"product_brand","embeddable":true,"href":"https:\/\/singuli.wpress.me\/index.php\/wp-json\/wp\/v2\/product_brand?post=31161"},{"taxonomy":"product_cat","embeddable":true,"href":"https:\/\/singuli.wpress.me\/index.php\/wp-json\/wp\/v2\/product_cat?post=31161"},{"taxonomy":"product_tag","embeddable":true,"href":"https:\/\/singuli.wpress.me\/index.php\/wp-json\/wp\/v2\/product_tag?post=31161"}],"curies":[{"name":"wp","href":"https:\/\/api.w.org\/{rel}","templated":true}]}}