{"id":31169,"date":"2026-04-17T00:31:37","date_gmt":"2026-04-17T00:31:37","guid":{"rendered":"https:\/\/singuli.wpress.me\/index.php\/proizvod\/plantaze-manner-set-vranac-crveno-vino-0-75l-casali-cokoladne-kuglice-rum-kokos-100g\/"},"modified":"2026-04-20T12:33:04","modified_gmt":"2026-04-20T12:33:04","slug":"plantaze-manner-set-vranac-crveno-vino-0-75l-casali-cokoladne-kuglice-rum-kokos-100g","status":"publish","type":"product","link":"https:\/\/singuli.wpress.me\/index.php\/proizvod\/plantaze-manner-set-vranac-crveno-vino-0-75l-casali-cokoladne-kuglice-rum-kokos-100g\/","title":{"rendered":"PLANTA\u017dE &amp; MANNER, set, Vranac crveno vino 0.75l &amp; Casali \u010dokoladne kuglice rum-kokos 100g"},"content":{"rendered":"<p><span style=\"font-weight: bold\">Vranac vrhunsko suho crveno vin<\/span>o proizvodi se od drevne crnogorske autohtone sorte. Mirisno su izra\u017eene arome sitnog bobi\u010dastog vo\u0107a, kupine i borovnice sa diskretnim suhim za\u010dinima dok na nepcu je vo\u0107no sa dominantnom aromom kupine, lagana struktura i blag tanin. Temperatura serviranja: 16-18\u00b0C<\/p>\n<p>Sa svakom<span style=\"font-weight: bold\"> kuglicom rum kokosa<\/span> u vama se budi nova iskra \u017eivota, kako god je konzumirali. Strastveno, kada je mahnito zagrizete, ili nje\u017eno, kada polako i sa zadovoljstvom li\u017eete kuglicu dok ne do\u0111ete do teku\u0107eg punjenja. Ovaj trenutak zadovoljstva zaista je vi\u0161estruk! Svaka kuglica rum kokos puna je egzotike. Sastoji se od teku\u0107e jezgre s pravim rumom od \u0161e\u0107erne trske okru\u017eene nekoliko slojeva \u010dokolade koja se lagano topi sa sitno naribanim kokosom. Upravo ta vi\u0161estruka priroda \u010dini kuglice s rumom i kokosom tako jedinstvenima.<\/p>\n","protected":false},"excerpt":{"rendered":"<p>Vrhunsko suho crveno vino<br \/>\nMirisno su izra\u017eene arome sitnog bobi\u010dastog vo\u0107a, kupine i borovnice sa diskretnim suhim za\u010dinima dok na nepcu je vo\u0107no sa dominantnom aromom kupine, lagana struktura i blag tanin<br \/>\nTeku\u0107a jezgra s pravim rumom od \u0161e\u0107erne trske<\/p>\n","protected":false},"featured_media":31171,"template":"","meta":{"_seopress_robots_primary_cat":"","_seopress_titles_title":"","_seopress_titles_desc":"","_seopress_robots_index":"","iawp_total_views":0},"product_brand":[450],"product_cat":[298,261,277],"product_tag":[],"class_list":{"0":"post-31169","1":"product","2":"type-product","3":"status-publish","4":"has-post-thumbnail","6":"product_brand-plantaze-manner","7":"product_cat-alkoholna-pica-261","8":"product_cat-hrana-i-pice","9":"product_cat-slatkisi-i-grickalice-261","11":"first","12":"instock","13":"shipping-taxable","14":"purchasable","15":"product-type-simple"},"_links":{"self":[{"href":"https:\/\/singuli.wpress.me\/index.php\/wp-json\/wp\/v2\/product\/31169","targetHints":{"allow":["GET"]}}],"collection":[{"href":"https:\/\/singuli.wpress.me\/index.php\/wp-json\/wp\/v2\/product"}],"about":[{"href":"https:\/\/singuli.wpress.me\/index.php\/wp-json\/wp\/v2\/types\/product"}],"version-history":[{"count":0,"href":"https:\/\/singuli.wpress.me\/index.php\/wp-json\/wp\/v2\/product\/31169\/revisions"}],"wp:featuredmedia":[{"embeddable":true,"href":"https:\/\/singuli.wpress.me\/index.php\/wp-json\/wp\/v2\/media\/31171"}],"wp:attachment":[{"href":"https:\/\/singuli.wpress.me\/index.php\/wp-json\/wp\/v2\/media?parent=31169"}],"wp:term":[{"taxonomy":"product_brand","embeddable":true,"href":"https:\/\/singuli.wpress.me\/index.php\/wp-json\/wp\/v2\/product_brand?post=31169"},{"taxonomy":"product_cat","embeddable":true,"href":"https:\/\/singuli.wpress.me\/index.php\/wp-json\/wp\/v2\/product_cat?post=31169"},{"taxonomy":"product_tag","embeddable":true,"href":"https:\/\/singuli.wpress.me\/index.php\/wp-json\/wp\/v2\/product_tag?post=31169"}],"curies":[{"name":"wp","href":"https:\/\/api.w.org\/{rel}","templated":true}]}}