{"id":31184,"date":"2026-04-17T00:31:47","date_gmt":"2026-04-17T00:31:47","guid":{"rendered":"https:\/\/singuli.wpress.me\/index.php\/proizvod\/lavazza-tierra-brasil-kava-u-zrnu-1-kg\/"},"modified":"2026-04-20T12:33:04","modified_gmt":"2026-04-20T12:33:04","slug":"lavazza-tierra-brasil-kava-u-zrnu-1-kg","status":"publish","type":"product","link":"https:\/\/singuli.wpress.me\/index.php\/proizvod\/lavazza-tierra-brasil-kava-u-zrnu-1-kg\/","title":{"rendered":"LAVAZZA Tierra Brasil, kava u zrnu, 1\u00a0kg"},"content":{"rendered":"<p>Lavazza Tierra Brasil Blend Z je premium kava namijenjena istinskim ljubiteljima bogatog okusa. Ovaj pa\u017eljivo odabrani blend dolazi iz srca Brazila, zemlje poznate po vrhunskoj kavi. Karakterizira ga intenzivna aroma, uravnote\u017een okus s notama \u010dokolade i vo\u0107a te ugodan zavr\u0161etak. Mje\u0161avina 100% arabice iz odr\u017eivih izvora pru\u017ea neusporedivu kremastu teksturu, savr\u0161enu za espresso ili filter kavu. Lavazza Tierra je vi\u0161e od kave \u2013 to je do\u017eivljaj koji odra\u017eava kvalitetu i strast prema pravoj brazilskoj tradiciji kave.<\/p>\n<p>Sastav kave: 70% Arabica, 30% Robusta<br \/>\nAroma kave: lje\u0161njak, tamna \u010dokolada, \u0161e\u010derna trska<br \/>\nIntenzitet: 8\/10<\/p>\n","protected":false},"excerpt":{"rendered":"<p>Arabica i Robusta<br \/>\nIntenzitet: 8\/10<br \/>\nAroma: lje\u0161njak, tamna \u010dokolada, \u0161e\u010derna trska<\/p>\n","protected":false},"featured_media":31185,"template":"","meta":{"_seopress_robots_primary_cat":"","_seopress_titles_title":"","_seopress_titles_desc":"","_seopress_robots_index":"","iawp_total_views":0},"product_brand":[393],"product_cat":[261,275],"product_tag":[],"class_list":{"0":"post-31184","1":"product","2":"type-product","3":"status-publish","4":"has-post-thumbnail","6":"product_brand-lavazza","7":"product_cat-hrana-i-pice","8":"product_cat-kava-i-cajevi-261","10":"first","11":"instock","12":"shipping-taxable","13":"purchasable","14":"product-type-simple"},"_links":{"self":[{"href":"https:\/\/singuli.wpress.me\/index.php\/wp-json\/wp\/v2\/product\/31184","targetHints":{"allow":["GET"]}}],"collection":[{"href":"https:\/\/singuli.wpress.me\/index.php\/wp-json\/wp\/v2\/product"}],"about":[{"href":"https:\/\/singuli.wpress.me\/index.php\/wp-json\/wp\/v2\/types\/product"}],"version-history":[{"count":0,"href":"https:\/\/singuli.wpress.me\/index.php\/wp-json\/wp\/v2\/product\/31184\/revisions"}],"wp:featuredmedia":[{"embeddable":true,"href":"https:\/\/singuli.wpress.me\/index.php\/wp-json\/wp\/v2\/media\/31185"}],"wp:attachment":[{"href":"https:\/\/singuli.wpress.me\/index.php\/wp-json\/wp\/v2\/media?parent=31184"}],"wp:term":[{"taxonomy":"product_brand","embeddable":true,"href":"https:\/\/singuli.wpress.me\/index.php\/wp-json\/wp\/v2\/product_brand?post=31184"},{"taxonomy":"product_cat","embeddable":true,"href":"https:\/\/singuli.wpress.me\/index.php\/wp-json\/wp\/v2\/product_cat?post=31184"},{"taxonomy":"product_tag","embeddable":true,"href":"https:\/\/singuli.wpress.me\/index.php\/wp-json\/wp\/v2\/product_tag?post=31184"}],"curies":[{"name":"wp","href":"https:\/\/api.w.org\/{rel}","templated":true}]}}