{"id":31186,"date":"2026-04-17T00:31:49","date_gmt":"2026-04-17T00:31:49","guid":{"rendered":"https:\/\/singuli.wpress.me\/index.php\/proizvod\/make-it-real-set-za-izradu-narukvica\/"},"modified":"2026-04-21T00:26:34","modified_gmt":"2026-04-21T00:26:34","slug":"make-it-real-set-za-izradu-narukvica","status":"publish","type":"product","link":"https:\/\/singuli.wpress.me\/index.php\/proizvod\/make-it-real-set-za-izradu-narukvica\/","title":{"rendered":"MAKE IT REAL, set za izradu narukvica"},"content":{"rendered":"<p>Otkrijte \u010daroliju stvaranja s na\u0161im premium setom za izradu narukvica u prekrasnom pakiranju! Nau\u010dit \u0107ete kako izraditi tri metalne narukvice koje blistaju zahvaljuju\u0107i svjetlucavim la\u017enim kristalima. Ovaj jednostavan set nije samo izvor zabave, ve\u0107 poti\u010de kreativnost i ma\u0161tovitost.<br \/>\n<span style=\"font-weight: bold\"><br \/>\nU kompletnom setu prona\u0107i \u0107ete:<\/span><br \/>\n1 metalnu narukvicu koja dodaje dozu elegancije<br \/>\n2 narukvice od u\u017eeta za opu\u0161teniji izgled<br \/>\n15 dekorativnih perli za personalizirani sjaj<br \/>\n3 privjeska koji unose dodatnu dimenziju<br \/>\n6 perli privjeska za poseban \u0161arm<br \/>\n1 list s jasnim uputama kako biste lako stvorili vlastita remek-djela.<\/p>\n<p>Dob: 8+ <\/p>\n","protected":false},"excerpt":{"rendered":"<p>Izrada narukvica u prekrasnom pakiranju<br \/>\nSet poti\u010de kreativnost i ma\u0161tovitost<br \/>\nDob: 8+ god<\/p>\n","protected":false},"featured_media":31187,"template":"","meta":{"_seopress_robots_primary_cat":"","_seopress_titles_title":"","_seopress_titles_desc":"","_seopress_robots_index":"","iawp_total_views":0},"product_brand":[441],"product_cat":[221,291],"product_tag":[],"class_list":{"0":"post-31186","1":"product","2":"type-product","3":"status-publish","4":"has-post-thumbnail","6":"product_brand-make-it-real","7":"product_cat-igracke","8":"product_cat-igracke-za-djecu-221","10":"first","11":"instock","12":"shipping-taxable","13":"purchasable","14":"product-type-simple"},"_links":{"self":[{"href":"https:\/\/singuli.wpress.me\/index.php\/wp-json\/wp\/v2\/product\/31186","targetHints":{"allow":["GET"]}}],"collection":[{"href":"https:\/\/singuli.wpress.me\/index.php\/wp-json\/wp\/v2\/product"}],"about":[{"href":"https:\/\/singuli.wpress.me\/index.php\/wp-json\/wp\/v2\/types\/product"}],"version-history":[{"count":0,"href":"https:\/\/singuli.wpress.me\/index.php\/wp-json\/wp\/v2\/product\/31186\/revisions"}],"wp:featuredmedia":[{"embeddable":true,"href":"https:\/\/singuli.wpress.me\/index.php\/wp-json\/wp\/v2\/media\/31187"}],"wp:attachment":[{"href":"https:\/\/singuli.wpress.me\/index.php\/wp-json\/wp\/v2\/media?parent=31186"}],"wp:term":[{"taxonomy":"product_brand","embeddable":true,"href":"https:\/\/singuli.wpress.me\/index.php\/wp-json\/wp\/v2\/product_brand?post=31186"},{"taxonomy":"product_cat","embeddable":true,"href":"https:\/\/singuli.wpress.me\/index.php\/wp-json\/wp\/v2\/product_cat?post=31186"},{"taxonomy":"product_tag","embeddable":true,"href":"https:\/\/singuli.wpress.me\/index.php\/wp-json\/wp\/v2\/product_tag?post=31186"}],"curies":[{"name":"wp","href":"https:\/\/api.w.org\/{rel}","templated":true}]}}