{"id":31199,"date":"2026-04-17T00:31:55","date_gmt":"2026-04-17T00:31:55","guid":{"rendered":"https:\/\/singuli.wpress.me\/index.php\/proizvod\/pantene-pro-v-molecular-bond-repair-sampon-za-kosu-250-ml\/"},"modified":"2026-04-20T12:33:04","modified_gmt":"2026-04-20T12:33:04","slug":"pantene-pro-v-molecular-bond-repair-sampon-za-kosu-250-ml","status":"publish","type":"product","link":"https:\/\/singuli.wpress.me\/index.php\/proizvod\/pantene-pro-v-molecular-bond-repair-sampon-za-kosu-250-ml\/","title":{"rendered":"PANTENE Pro-V Molecular Bond Repair, \u0161ampon za kosu, 250\u00a0ml"},"content":{"rendered":"<p>Otkrijte Pantene \u0161ampon s biotinom, za obnovu molekularnih veza. Na\u0161a kosa sadr\u017ei milijune veza koje tijekom vremena pucaju, a rezultat su o\u0161te\u0107enja. Kad je kosi potrebno \u010dudo, na\u0161 \u0161ampon Molecular Bond Repair poma\u017ee oja\u010dati veze u kosi na molekularnoj razini i ostavlja kosu do 100 % regeneriranom.* Ova \u010dudesna formula oboga\u0107ena je biotinom i na\u0161om najvi\u0161om koncentracijom nutrijenata Pro-V. Na\u0161a kolekcija Molecular Bond Repair osmi\u0161ljena je da transformira izgled o\u0161te\u0107ene kose.* Za najbolje rezultate koristite s ostalim proizvodima za kosu Molecular Bond Repair: balzamom i tretmanom za kosu. *instrumentalni test na o\u0161te\u0107enjima kutikule (vanjskog sloja vlasi kose) u usporedbi s kosom koja nema o\u0161te\u0107enja.<\/p>\n","protected":false},"excerpt":{"rendered":"<p>Poma\u017ee oja\u010dati veze u kosi na molekularnoj razini te \u010dini kosu vidljivo zdravijom i popravlja povr\u0161inska o\u0161te\u0107enja<br \/>\nJedinstvena inovativna formula<br \/>\nZa najbolje rezultate koristiti s ostalim proizvodima iz linije Molecular Bond Repair<\/p>\n","protected":false},"featured_media":31201,"template":"","meta":{"_seopress_robots_primary_cat":"","_seopress_titles_title":"","_seopress_titles_desc":"","_seopress_robots_index":"","iawp_total_views":0},"product_brand":[411],"product_cat":[268,300],"product_tag":[],"class_list":{"0":"post-31199","1":"product","2":"type-product","3":"status-publish","4":"has-post-thumbnail","6":"product_brand-pantene","7":"product_cat-kozmetika-2","8":"product_cat-njega-kose-268","10":"first","11":"outofstock","12":"shipping-taxable","13":"purchasable","14":"product-type-simple"},"_links":{"self":[{"href":"https:\/\/singuli.wpress.me\/index.php\/wp-json\/wp\/v2\/product\/31199","targetHints":{"allow":["GET"]}}],"collection":[{"href":"https:\/\/singuli.wpress.me\/index.php\/wp-json\/wp\/v2\/product"}],"about":[{"href":"https:\/\/singuli.wpress.me\/index.php\/wp-json\/wp\/v2\/types\/product"}],"version-history":[{"count":0,"href":"https:\/\/singuli.wpress.me\/index.php\/wp-json\/wp\/v2\/product\/31199\/revisions"}],"wp:featuredmedia":[{"embeddable":true,"href":"https:\/\/singuli.wpress.me\/index.php\/wp-json\/wp\/v2\/media\/31201"}],"wp:attachment":[{"href":"https:\/\/singuli.wpress.me\/index.php\/wp-json\/wp\/v2\/media?parent=31199"}],"wp:term":[{"taxonomy":"product_brand","embeddable":true,"href":"https:\/\/singuli.wpress.me\/index.php\/wp-json\/wp\/v2\/product_brand?post=31199"},{"taxonomy":"product_cat","embeddable":true,"href":"https:\/\/singuli.wpress.me\/index.php\/wp-json\/wp\/v2\/product_cat?post=31199"},{"taxonomy":"product_tag","embeddable":true,"href":"https:\/\/singuli.wpress.me\/index.php\/wp-json\/wp\/v2\/product_tag?post=31199"}],"curies":[{"name":"wp","href":"https:\/\/api.w.org\/{rel}","templated":true}]}}