{"id":31208,"date":"2026-04-17T00:32:00","date_gmt":"2026-04-17T00:32:00","guid":{"rendered":"https:\/\/singuli.wpress.me\/index.php\/proizvod\/pantene-pro-v-molecular-bond-repair-balzam-za-kosu-150-ml\/"},"modified":"2026-04-20T12:33:04","modified_gmt":"2026-04-20T12:33:04","slug":"pantene-pro-v-molecular-bond-repair-balzam-za-kosu-150-ml","status":"publish","type":"product","link":"https:\/\/singuli.wpress.me\/index.php\/proizvod\/pantene-pro-v-molecular-bond-repair-balzam-za-kosu-150-ml\/","title":{"rendered":"PANTENE Pro-V Molecular Bond Repair, balzam za kosu, 150\u00a0ml"},"content":{"rendered":"<p>Otkrijte Panteneovu dubinsku njegu s biotinom, intenzivan tretman za obnovu molekularnih veza. Mislite li da je va\u0161a kosa nepovratno o\u0161te\u0107ena? Na\u0161 intenzivan tretman za kosu Molecular Bond Repair poma\u017ee popraviti veze u kosi i zagladiti vlakna izuzetno suhe, o\u0161te\u0107ene kose. Kosa je vidljivo zdravija i do 100 % regenerirana.* Izuzetno koncentrirana formula Pro-V s biotinom i preko 5000 hranjivih perlica Pro-V: jedinstvena tehnologija Pantene otpu\u0161ta milijune hranjivih sastojaka u kremu. Na\u0161a kolekcija Molecular Bond Repair osmi\u0161ljena je da transformira izgled o\u0161te\u0107ene kose.* Za najbolje rezultate koristite s ostalim proizvodima za kosu Molecular Bond Repair: \u0161amponom i tretmanom za kosu. *instrumentalni test na o\u0161te\u0107enjima kutikule (vanjskog sloja vlasi kose) u usporedbi s kosom koja nema o\u0161te\u0107enja.<\/p>\n","protected":false},"excerpt":{"rendered":"<p>Regenerira izuzetno suhu i o\u0161te\u0107enu kosu<br \/>\nJedinstvena inovativna formula<br \/>\nZa najbolje rezultate koristiti s ostalim proizvodima iz linije Molecular Bond Repair<\/p>\n","protected":false},"featured_media":31209,"template":"","meta":{"_seopress_robots_primary_cat":"","_seopress_titles_title":"","_seopress_titles_desc":"","_seopress_robots_index":"","iawp_total_views":0},"product_brand":[411],"product_cat":[268,300],"product_tag":[],"class_list":{"0":"post-31208","1":"product","2":"type-product","3":"status-publish","4":"has-post-thumbnail","6":"product_brand-pantene","7":"product_cat-kozmetika-2","8":"product_cat-njega-kose-268","10":"first","11":"instock","12":"shipping-taxable","13":"purchasable","14":"product-type-simple"},"_links":{"self":[{"href":"https:\/\/singuli.wpress.me\/index.php\/wp-json\/wp\/v2\/product\/31208","targetHints":{"allow":["GET"]}}],"collection":[{"href":"https:\/\/singuli.wpress.me\/index.php\/wp-json\/wp\/v2\/product"}],"about":[{"href":"https:\/\/singuli.wpress.me\/index.php\/wp-json\/wp\/v2\/types\/product"}],"version-history":[{"count":0,"href":"https:\/\/singuli.wpress.me\/index.php\/wp-json\/wp\/v2\/product\/31208\/revisions"}],"wp:featuredmedia":[{"embeddable":true,"href":"https:\/\/singuli.wpress.me\/index.php\/wp-json\/wp\/v2\/media\/31209"}],"wp:attachment":[{"href":"https:\/\/singuli.wpress.me\/index.php\/wp-json\/wp\/v2\/media?parent=31208"}],"wp:term":[{"taxonomy":"product_brand","embeddable":true,"href":"https:\/\/singuli.wpress.me\/index.php\/wp-json\/wp\/v2\/product_brand?post=31208"},{"taxonomy":"product_cat","embeddable":true,"href":"https:\/\/singuli.wpress.me\/index.php\/wp-json\/wp\/v2\/product_cat?post=31208"},{"taxonomy":"product_tag","embeddable":true,"href":"https:\/\/singuli.wpress.me\/index.php\/wp-json\/wp\/v2\/product_tag?post=31208"}],"curies":[{"name":"wp","href":"https:\/\/api.w.org\/{rel}","templated":true}]}}