{"id":31214,"date":"2026-04-17T00:32:01","date_gmt":"2026-04-17T00:32:01","guid":{"rendered":"https:\/\/singuli.wpress.me\/index.php\/proizvod\/argina-s2-30-motorno-ulje-209-l\/"},"modified":"2026-04-20T12:33:04","modified_gmt":"2026-04-20T12:33:04","slug":"argina-s2-30-motorno-ulje-209-l","status":"publish","type":"product","link":"https:\/\/singuli.wpress.me\/index.php\/proizvod\/argina-s2-30-motorno-ulje-209-l\/","title":{"rendered":"ARGINA S2 30, motorno ulje, 209\u00a0l"},"content":{"rendered":"<p>Shell Argina S2 30 je vi\u0161enamjensko mazivo za ku\u0107i\u0161te radilice, idealno za visoko optere\u0107ene dizelske motore srednje brzine. Formulirano je za rad na razli\u010ditim vrstama goriva, uklju\u010duju\u0107i rezidualna, mije\u0161ana ili destilatna. S baznim brojem (BN) od 20, Shell Argina S2 30 dizajnirano je za uvjete niskog optere\u0107enja ulja, osiguravaju\u0107i pouzdanost i dugotrajnu za\u0161titu motora. Savr\u0161en je odabir za odr\u017eavanje performansi motora u zahtjevnim uvjetima<\/p>\n","protected":false},"excerpt":{"rendered":"<p>Pogodno za ku\u0107i\u0161te radilice visoko optere\u0107enih dizelskih motora<br \/>\nMo\u017ee se koristiti s rezidualnim, mije\u0161anim ili destilatnim gorivima<br \/>\nS baznim brojem (BN) od 20, pru\u017ea izvrsnu za\u0161titu u specifi\u010dnim uvjetima rada<\/p>\n","protected":false},"featured_media":31215,"template":"","meta":{"_seopress_robots_primary_cat":"","_seopress_titles_title":"","_seopress_titles_desc":"","_seopress_robots_index":"","iawp_total_views":0},"product_brand":[455],"product_cat":[243,276],"product_tag":[],"class_list":{"0":"post-31214","1":"product","2":"type-product","3":"status-publish","4":"has-post-thumbnail","6":"product_brand-argina","7":"product_cat-automobili-i-motori","8":"product_cat-industrijska-i-specijalna-ulja-243","10":"first","11":"outofstock","12":"shipping-taxable","13":"purchasable","14":"product-type-simple"},"_links":{"self":[{"href":"https:\/\/singuli.wpress.me\/index.php\/wp-json\/wp\/v2\/product\/31214","targetHints":{"allow":["GET"]}}],"collection":[{"href":"https:\/\/singuli.wpress.me\/index.php\/wp-json\/wp\/v2\/product"}],"about":[{"href":"https:\/\/singuli.wpress.me\/index.php\/wp-json\/wp\/v2\/types\/product"}],"version-history":[{"count":0,"href":"https:\/\/singuli.wpress.me\/index.php\/wp-json\/wp\/v2\/product\/31214\/revisions"}],"wp:featuredmedia":[{"embeddable":true,"href":"https:\/\/singuli.wpress.me\/index.php\/wp-json\/wp\/v2\/media\/31215"}],"wp:attachment":[{"href":"https:\/\/singuli.wpress.me\/index.php\/wp-json\/wp\/v2\/media?parent=31214"}],"wp:term":[{"taxonomy":"product_brand","embeddable":true,"href":"https:\/\/singuli.wpress.me\/index.php\/wp-json\/wp\/v2\/product_brand?post=31214"},{"taxonomy":"product_cat","embeddable":true,"href":"https:\/\/singuli.wpress.me\/index.php\/wp-json\/wp\/v2\/product_cat?post=31214"},{"taxonomy":"product_tag","embeddable":true,"href":"https:\/\/singuli.wpress.me\/index.php\/wp-json\/wp\/v2\/product_tag?post=31214"}],"curies":[{"name":"wp","href":"https:\/\/api.w.org\/{rel}","templated":true}]}}