{"id":31225,"date":"2026-04-17T00:32:10","date_gmt":"2026-04-17T00:32:10","guid":{"rendered":"https:\/\/singuli.wpress.me\/index.php\/proizvod\/braun-set-nazalni-aspirator-bna100-toplomjer-prt-2000\/"},"modified":"2026-04-20T12:33:04","modified_gmt":"2026-04-20T12:33:04","slug":"braun-set-nazalni-aspirator-bna100-toplomjer-prt-2000","status":"publish","type":"product","link":"https:\/\/singuli.wpress.me\/index.php\/proizvod\/braun-set-nazalni-aspirator-bna100-toplomjer-prt-2000\/","title":{"rendered":"BRAUN, set, nazalni aspirator BNA100 + toplomjer PRT 2000"},"content":{"rendered":"<p>Nazalni aspirator BNA100 brzo i nje\u017eno uklanja vi\u0161ak sluzi iz nosne \u0161upljine. Olak\u0161ava simptome infekcije gornjih di\u0161nih puteva. Higijenski postupak \u010di\u0161\u0107enja.<br \/>\n<span style=\"font-weight: bold\">Na\u010din upotrebe:<\/span> Detaljno je opisan u uputama koje se nalaze uz medicinski proizvod<br \/>\nNa\u010din \u010duvanja: Na suhom mjestu na sobnoj temperaturi, za\u0161ti\u0107en od direktne sun\u010deve svjetlosti i pra\u0161ine.<\/p>\n<p><span style=\"font-weight: bold\">Braun ThermoScan\u00ae PRT 2000 d<\/span>igitalni toplomjer je jednostavno i brzo rije\u0161enje za mjerenje temperature, jer mjeri temperaturu u samo 8 sekundi. Primjeren je i za najmla\u0111e.  Mnogi roditelji ne znaju kako definicija vru\u0107ice ovisi o dobi djeteta pa tako normalna tjelesna temperatura kod \u010detverogodi\u0161njaka mo\u017ee biti vru\u0107ica kod novoro\u0111enog djeteta. Kako bi roditeljima olak\u0161ao i pomogao u interpretaciji tjelesne temperature, Braun je razvio jedinstvenu Age Precision\u00ae tehnologiju. Primjena tehnologije je jednostavna: nakon odabiranja djetetove dobi na zaslonu, oznake u bojama \u0107e objasniti rezultat temeljen na odre\u0111enoj dobi. Normalna tjelesna temperatura ozna\u010dena je zelenom bojom, povi\u0161ena \u017eutom bojom, a visoka tjelesna temperatura ili vru\u0107ica crvenom. Age Precision\u00ae tehnologija pogodna je za mjerenje temperature svih \u010dlanova obitelji, bez obzira na dob, a jo\u0161 dodatno olak\u0161ava i poma\u017ee roditeljima prilikom interpretacije tjelesne temperature kod djeteta. Molim vidi dal ima memorije i no\u0107no svjetlo.<br \/>\n<span style=\"font-weight: bold\">Na\u010din upotrebe:<\/span> Detaljno je opisan u uputama koje se nalaze uz medicinski proizvod<br \/>\nNa\u010din \u010duvanja: Na suhom mjestu na sobnoj temperaturi, za\u0161ti\u0107en od direktne sun\u010deve svjetlosti i pra\u0161ine.<\/p>\n<p><\/p>\n","protected":false},"excerpt":{"rendered":"<p>Nazalni aspirator BNA100 brzo i nje\u017eno uklanja vi\u0161ak sluzi iz nosne \u0161upljine<br \/>\nDigitalni toplomjer jednostavno je i brzo rije\u0161enje za mjerenje temperature<br \/>\nBraun je razvio jedinstvenu Age Precision\u00ae tehnologiju<\/p>\n","protected":false},"featured_media":31227,"template":"","meta":{"_seopress_robots_primary_cat":"","_seopress_titles_title":"","_seopress_titles_desc":"","_seopress_robots_index":"","iawp_total_views":0},"product_brand":[144],"product_cat":[192,160,271,267],"product_tag":[],"class_list":{"0":"post-31225","1":"product","2":"type-product","3":"status-publish","4":"has-post-thumbnail","6":"product_brand-braun","7":"product_cat-aparati-za-osobnu-njegu","8":"product_cat-mali-kucanski-aparati","9":"product_cat-usisavaci-i-ciscenje-160","10":"product_cat-zdravstveni-uredaji-192","12":"first","13":"outofstock","14":"shipping-taxable","15":"purchasable","16":"product-type-simple"},"_links":{"self":[{"href":"https:\/\/singuli.wpress.me\/index.php\/wp-json\/wp\/v2\/product\/31225","targetHints":{"allow":["GET"]}}],"collection":[{"href":"https:\/\/singuli.wpress.me\/index.php\/wp-json\/wp\/v2\/product"}],"about":[{"href":"https:\/\/singuli.wpress.me\/index.php\/wp-json\/wp\/v2\/types\/product"}],"version-history":[{"count":0,"href":"https:\/\/singuli.wpress.me\/index.php\/wp-json\/wp\/v2\/product\/31225\/revisions"}],"wp:featuredmedia":[{"embeddable":true,"href":"https:\/\/singuli.wpress.me\/index.php\/wp-json\/wp\/v2\/media\/31227"}],"wp:attachment":[{"href":"https:\/\/singuli.wpress.me\/index.php\/wp-json\/wp\/v2\/media?parent=31225"}],"wp:term":[{"taxonomy":"product_brand","embeddable":true,"href":"https:\/\/singuli.wpress.me\/index.php\/wp-json\/wp\/v2\/product_brand?post=31225"},{"taxonomy":"product_cat","embeddable":true,"href":"https:\/\/singuli.wpress.me\/index.php\/wp-json\/wp\/v2\/product_cat?post=31225"},{"taxonomy":"product_tag","embeddable":true,"href":"https:\/\/singuli.wpress.me\/index.php\/wp-json\/wp\/v2\/product_tag?post=31225"}],"curies":[{"name":"wp","href":"https:\/\/api.w.org\/{rel}","templated":true}]}}