{"id":31226,"date":"2026-04-17T00:32:11","date_gmt":"2026-04-17T00:32:11","guid":{"rendered":"https:\/\/singuli.wpress.me\/index.php\/proizvod\/lavazza-la-reserva-de-tierra-humeco-bio-organic-kava-u-zrnu-1-kg\/"},"modified":"2026-04-20T12:33:04","modified_gmt":"2026-04-20T12:33:04","slug":"lavazza-la-reserva-de-tierra-humeco-bio-organic-kava-u-zrnu-1-kg","status":"publish","type":"product","link":"https:\/\/singuli.wpress.me\/index.php\/proizvod\/lavazza-la-reserva-de-tierra-humeco-bio-organic-kava-u-zrnu-1-kg\/","title":{"rendered":"LAVAZZA La Reserva de \u00a1Tierra! Humeco Bio-Organic, kava u zrnu, 1\u00a0kg"},"content":{"rendered":"<p><b>La Reserva de \u00a1Tierra! Humeco Bio-Organic Espresso<\/b><br \/>\nVrhunska mje\u0161avina <b>arabice i robuste<\/b> dragocjenog organskog porijekla, koja sadr\u017ei kavu iz Chiapasa (Meksiko), gdje zaklada Lavazza podr\u017eava vi\u0161e od 900 poljoprivrednika.<\/p>\n<h3>Savr\u0161ena organska ravnote\u017ea<\/h3>\n<\/p>\n<ul>\n<li>\n<p><b>Aromati\u010dno podru\u010dje:<\/b> Uravnote\u017een<\/p>\n<\/li>\n<li>\n<p><b>Aromati\u010dne note:<\/b> Su\u0161eno vo\u0107e, med, \u010dokolada<\/p>\n<\/li>\n<li>\n<p><b>Pr\u017eenje:<\/b> Polagano, nje\u017eno pr\u017eenje<\/p>\n<h3>Mje\u0161avina:<\/h3>\n<\/p>\n<ul>\n<li>\n<p><b>Sastav:<\/b> 60 % Arabica i 40 % Robusta<\/p>\n<\/li>\n<li>\n<p><b>Porijeklo:<\/b> Srednja Amerika, Ju\u017ena Amerika i Afrika*<\/p>\n<p><\/p>\n<h3>Glavne zna\u010dajke:<\/h3>\n<\/p>\n<ul>\n<li>\n<p><b>Obrada:<\/b> Tvornica i inovacijski centar Torino, Str. Di Settimo 410, 10156, Torino, IT<\/p>\n<\/li>\n<li>\n<p><b>Proizvodnja:<\/b> Luigi Lavazza SpA &#8211; Via Bologna 32 &#8211; 10152 Torino &#8211; Italija<\/p>\n<\/li>\n<li>\n<p><b>Naziv proizvoda:<\/b> Organska zrna kave bez kofeina<\/p>\n<p><\/p>\n<h3>Priprema:<\/h3>\n<\/p>\n<ul>\n<li>\n<p>Aparat za espresso<\/p>\n<\/li>\n<\/ul>\n<\/li>\n<\/ul>\n<\/li>\n<\/ul>\n<\/li>\n<\/ul>\n","protected":false},"excerpt":{"rendered":"<p>60 % arabica, 40 % robusta<br \/>\nAroma: Su\u0161eno vo\u0107e, med, \u010dokolada<br \/>\nOkus: Uravnote\u017een<\/p>\n","protected":false},"featured_media":31228,"template":"","meta":{"_seopress_robots_primary_cat":"","_seopress_titles_title":"","_seopress_titles_desc":"","_seopress_robots_index":"","iawp_total_views":0},"product_brand":[393],"product_cat":[261,275],"product_tag":[],"class_list":{"0":"post-31226","1":"product","2":"type-product","3":"status-publish","4":"has-post-thumbnail","6":"product_brand-lavazza","7":"product_cat-hrana-i-pice","8":"product_cat-kava-i-cajevi-261","10":"first","11":"instock","12":"shipping-taxable","13":"purchasable","14":"product-type-simple"},"_links":{"self":[{"href":"https:\/\/singuli.wpress.me\/index.php\/wp-json\/wp\/v2\/product\/31226","targetHints":{"allow":["GET"]}}],"collection":[{"href":"https:\/\/singuli.wpress.me\/index.php\/wp-json\/wp\/v2\/product"}],"about":[{"href":"https:\/\/singuli.wpress.me\/index.php\/wp-json\/wp\/v2\/types\/product"}],"version-history":[{"count":0,"href":"https:\/\/singuli.wpress.me\/index.php\/wp-json\/wp\/v2\/product\/31226\/revisions"}],"wp:featuredmedia":[{"embeddable":true,"href":"https:\/\/singuli.wpress.me\/index.php\/wp-json\/wp\/v2\/media\/31228"}],"wp:attachment":[{"href":"https:\/\/singuli.wpress.me\/index.php\/wp-json\/wp\/v2\/media?parent=31226"}],"wp:term":[{"taxonomy":"product_brand","embeddable":true,"href":"https:\/\/singuli.wpress.me\/index.php\/wp-json\/wp\/v2\/product_brand?post=31226"},{"taxonomy":"product_cat","embeddable":true,"href":"https:\/\/singuli.wpress.me\/index.php\/wp-json\/wp\/v2\/product_cat?post=31226"},{"taxonomy":"product_tag","embeddable":true,"href":"https:\/\/singuli.wpress.me\/index.php\/wp-json\/wp\/v2\/product_tag?post=31226"}],"curies":[{"name":"wp","href":"https:\/\/api.w.org\/{rel}","templated":true}]}}