{"id":31237,"date":"2026-04-17T00:32:19","date_gmt":"2026-04-17T00:32:19","guid":{"rendered":"https:\/\/singuli.wpress.me\/index.php\/proizvod\/lavazza-papirnata-salica-coffeetogo-237-ml-50-kom\/"},"modified":"2026-04-20T12:33:04","modified_gmt":"2026-04-20T12:33:04","slug":"lavazza-papirnata-salica-coffeetogo-237-ml-50-kom","status":"publish","type":"product","link":"https:\/\/singuli.wpress.me\/index.php\/proizvod\/lavazza-papirnata-salica-coffeetogo-237-ml-50-kom\/","title":{"rendered":"LAVAZZA, papirnata \u0161alica, CoffeeToGo &#8211; 237 ml, 50\u00a0kom"},"content":{"rendered":"<p>Papirnata \u0161alica za kavu &#8220;Coffee to Go&#8221; veli\u010dine 237 ml idealno je rje\u0161enje za one koji \u017eele u\u017eivati u svje\u017ee pripremljenoj kavi dok su u pokretu. Ova prakti\u010dna i lagana \u0161alica izra\u0111ena je od visokokvalitetnog papira, \u0161to je \u010dini ekolo\u0161ki prihvatljivim izborom. S obzirom na njezinu veli\u010dinu, pru\u017ea dovoljno prostora za omiljeni napitak, a istovremeno je dovoljno kompaktna da se udobno dr\u017ei u ruci dok ste u pokretu. Zahvaljuju\u0107i izdr\u017eljivom dizajnu, mo\u017eete u\u017eivati u svojoj kavi bez brige o prolijevanju ili curenju. Ova papirnata \u0161alica predstavlja savr\u0161en dodatak svakodnevnom \u017eivotu za ljubitelje kave koji su uvijek u pokretu.<\/p>\n","protected":false},"excerpt":{"rendered":"<p>\u0160alica odgovara raznovrsnim potrebama<br \/>\nVeli\u010dina 80Z<br \/>\nPakiranje od 50 komada<\/p>\n","protected":false},"featured_media":31238,"template":"","meta":{"_seopress_robots_primary_cat":"","_seopress_titles_title":"","_seopress_titles_desc":"","_seopress_robots_index":"","iawp_total_views":0},"product_brand":[393],"product_cat":[274,238],"product_tag":[],"class_list":{"0":"post-31237","1":"product","2":"type-product","3":"status-publish","4":"has-post-thumbnail","6":"product_brand-lavazza","7":"product_cat-kucanski-pribor-238","8":"product_cat-sve-za-dom","10":"first","11":"instock","12":"shipping-taxable","13":"purchasable","14":"product-type-simple"},"_links":{"self":[{"href":"https:\/\/singuli.wpress.me\/index.php\/wp-json\/wp\/v2\/product\/31237","targetHints":{"allow":["GET"]}}],"collection":[{"href":"https:\/\/singuli.wpress.me\/index.php\/wp-json\/wp\/v2\/product"}],"about":[{"href":"https:\/\/singuli.wpress.me\/index.php\/wp-json\/wp\/v2\/types\/product"}],"version-history":[{"count":0,"href":"https:\/\/singuli.wpress.me\/index.php\/wp-json\/wp\/v2\/product\/31237\/revisions"}],"wp:featuredmedia":[{"embeddable":true,"href":"https:\/\/singuli.wpress.me\/index.php\/wp-json\/wp\/v2\/media\/31238"}],"wp:attachment":[{"href":"https:\/\/singuli.wpress.me\/index.php\/wp-json\/wp\/v2\/media?parent=31237"}],"wp:term":[{"taxonomy":"product_brand","embeddable":true,"href":"https:\/\/singuli.wpress.me\/index.php\/wp-json\/wp\/v2\/product_brand?post=31237"},{"taxonomy":"product_cat","embeddable":true,"href":"https:\/\/singuli.wpress.me\/index.php\/wp-json\/wp\/v2\/product_cat?post=31237"},{"taxonomy":"product_tag","embeddable":true,"href":"https:\/\/singuli.wpress.me\/index.php\/wp-json\/wp\/v2\/product_tag?post=31237"}],"curies":[{"name":"wp","href":"https:\/\/api.w.org\/{rel}","templated":true}]}}