{"id":31243,"date":"2026-04-17T00:32:22","date_gmt":"2026-04-17T00:32:22","guid":{"rendered":"https:\/\/singuli.wpress.me\/index.php\/proizvod\/lavazza-plasticni-poklopac-coffe-to-go-237-ml-100-kom\/"},"modified":"2026-04-20T12:33:05","modified_gmt":"2026-04-20T12:33:05","slug":"lavazza-plasticni-poklopac-coffe-to-go-237-ml-100-kom","status":"publish","type":"product","link":"https:\/\/singuli.wpress.me\/index.php\/proizvod\/lavazza-plasticni-poklopac-coffe-to-go-237-ml-100-kom\/","title":{"rendered":"LAVAZZA, plasti\u010dni poklopac, Coffe to Go &#8211; 237 ml, 100\u00a0kom"},"content":{"rendered":"<p>Plasti\u010dni poklopac ima promjer od 80 unci (60 oz), \u0161to ga \u010dini pogodnim za zatvaranje i za\u0161titu raznih velikih spremnika i posuda. Plasti\u010dni poklopci ove veli\u010dine \u010desto se koriste u industriji prehrambene i kemijske industrije, ali i u ku\u0107anstvima za o\u010duvanje svje\u017eine i sigurnost sadr\u017eaja.<\/p>\n<p>Koristan u industriji hrane i pi\u0107a gdje je va\u017eno o\u010duvati kvalitetu proizvoda tijekom transporta i skladi\u0161tenja.<\/p>\n","protected":false},"excerpt":{"rendered":"<p>Pogodan za zatvaranje i za\u0161titu \u010da\u0161a<br \/>\nVeli\u010dina 80Z<br \/>\nPakiranje od 100 komada<\/p>\n","protected":false},"featured_media":31245,"template":"","meta":{"_seopress_robots_primary_cat":"","_seopress_titles_title":"","_seopress_titles_desc":"","_seopress_robots_index":"","iawp_total_views":0},"product_brand":[393],"product_cat":[274,238],"product_tag":[],"class_list":{"0":"post-31243","1":"product","2":"type-product","3":"status-publish","4":"has-post-thumbnail","6":"product_brand-lavazza","7":"product_cat-kucanski-pribor-238","8":"product_cat-sve-za-dom","10":"first","11":"instock","12":"shipping-taxable","13":"purchasable","14":"product-type-simple"},"_links":{"self":[{"href":"https:\/\/singuli.wpress.me\/index.php\/wp-json\/wp\/v2\/product\/31243","targetHints":{"allow":["GET"]}}],"collection":[{"href":"https:\/\/singuli.wpress.me\/index.php\/wp-json\/wp\/v2\/product"}],"about":[{"href":"https:\/\/singuli.wpress.me\/index.php\/wp-json\/wp\/v2\/types\/product"}],"version-history":[{"count":0,"href":"https:\/\/singuli.wpress.me\/index.php\/wp-json\/wp\/v2\/product\/31243\/revisions"}],"wp:featuredmedia":[{"embeddable":true,"href":"https:\/\/singuli.wpress.me\/index.php\/wp-json\/wp\/v2\/media\/31245"}],"wp:attachment":[{"href":"https:\/\/singuli.wpress.me\/index.php\/wp-json\/wp\/v2\/media?parent=31243"}],"wp:term":[{"taxonomy":"product_brand","embeddable":true,"href":"https:\/\/singuli.wpress.me\/index.php\/wp-json\/wp\/v2\/product_brand?post=31243"},{"taxonomy":"product_cat","embeddable":true,"href":"https:\/\/singuli.wpress.me\/index.php\/wp-json\/wp\/v2\/product_cat?post=31243"},{"taxonomy":"product_tag","embeddable":true,"href":"https:\/\/singuli.wpress.me\/index.php\/wp-json\/wp\/v2\/product_tag?post=31243"}],"curies":[{"name":"wp","href":"https:\/\/api.w.org\/{rel}","templated":true}]}}