{"id":31247,"date":"2026-04-17T00:32:25","date_gmt":"2026-04-17T00:32:25","guid":{"rendered":"https:\/\/singuli.wpress.me\/index.php\/proizvod\/batwheels-autic-metalni-za-lansiranje-omjer-155\/"},"modified":"2026-04-20T12:33:05","modified_gmt":"2026-04-20T12:33:05","slug":"batwheels-autic-metalni-za-lansiranje-omjer-155","status":"publish","type":"product","link":"https:\/\/singuli.wpress.me\/index.php\/proizvod\/batwheels-autic-metalni-za-lansiranje-omjer-155\/","title":{"rendered":"BATWHEELS, auti\u0107, metalni za lansiranje, omjer 1:55"},"content":{"rendered":"<p>Obo\u017eavatelji DC-jeve serije Batwheels mogu pokrenuti i zaletjeti se u vlastite uzbudljive trka\u0107e avanture s ovim setovima auti\u0107a Batwheels iz Fisher-Pricea. Svaki set uklju\u010duje vozilo u omjeru 1:55 s autenti\u010dnim stilom likova Batwheelsa, plus klju\u010d za aktiviranje i dodatke za sudar. Pred\u0161kolci \u0107e voljeti umetnuti klju\u010d u svako vozilo kako bi ono krenulo u akciju, BAM! Djeca ih mogu sve sakupiti. (Svaki komplet vozila prodaje se zasebno i ovisi o dostupnosti.) Namijenjeno za djecu od 3 godine pa nadalje. Igra\u010dka dolazi u vi\u0161e razli\u010ditih modela, a isporuka ovisi o njihovoj trenutnoj raspolo\u017eivosti. <\/p>\n","protected":false},"excerpt":{"rendered":"<p>Inspirirani likovima iz animirane akcijsko-pustolovne serije Batwheels<br \/>\nIgra\u010dka dolazi u vi\u0161e razli\u010ditih modela<br \/>\nDob: 3+god<\/p>\n","protected":false},"featured_media":31249,"template":"","meta":{"_seopress_robots_primary_cat":"","_seopress_titles_title":"","_seopress_titles_desc":"","_seopress_robots_index":"","iawp_total_views":0},"product_brand":[428],"product_cat":[243,273],"product_tag":[],"class_list":{"0":"post-31247","1":"product","2":"type-product","3":"status-publish","4":"has-post-thumbnail","6":"product_brand-batwheels","7":"product_cat-automobili-i-motori","8":"product_cat-njega-vozila-243","10":"first","11":"outofstock","12":"shipping-taxable","13":"purchasable","14":"product-type-simple"},"_links":{"self":[{"href":"https:\/\/singuli.wpress.me\/index.php\/wp-json\/wp\/v2\/product\/31247","targetHints":{"allow":["GET"]}}],"collection":[{"href":"https:\/\/singuli.wpress.me\/index.php\/wp-json\/wp\/v2\/product"}],"about":[{"href":"https:\/\/singuli.wpress.me\/index.php\/wp-json\/wp\/v2\/types\/product"}],"version-history":[{"count":0,"href":"https:\/\/singuli.wpress.me\/index.php\/wp-json\/wp\/v2\/product\/31247\/revisions"}],"wp:featuredmedia":[{"embeddable":true,"href":"https:\/\/singuli.wpress.me\/index.php\/wp-json\/wp\/v2\/media\/31249"}],"wp:attachment":[{"href":"https:\/\/singuli.wpress.me\/index.php\/wp-json\/wp\/v2\/media?parent=31247"}],"wp:term":[{"taxonomy":"product_brand","embeddable":true,"href":"https:\/\/singuli.wpress.me\/index.php\/wp-json\/wp\/v2\/product_brand?post=31247"},{"taxonomy":"product_cat","embeddable":true,"href":"https:\/\/singuli.wpress.me\/index.php\/wp-json\/wp\/v2\/product_cat?post=31247"},{"taxonomy":"product_tag","embeddable":true,"href":"https:\/\/singuli.wpress.me\/index.php\/wp-json\/wp\/v2\/product_tag?post=31247"}],"curies":[{"name":"wp","href":"https:\/\/api.w.org\/{rel}","templated":true}]}}