{"id":31248,"date":"2026-04-17T00:32:25","date_gmt":"2026-04-17T00:32:25","guid":{"rendered":"https:\/\/singuli.wpress.me\/index.php\/proizvod\/fisher-price-senzorna-igracka\/"},"modified":"2026-04-21T00:26:34","modified_gmt":"2026-04-21T00:26:34","slug":"fisher-price-senzorna-igracka","status":"publish","type":"product","link":"https:\/\/singuli.wpress.me\/index.php\/proizvod\/fisher-price-senzorna-igracka\/","title":{"rendered":"FISHER PRICE, senzorna igra\u010dka"},"content":{"rendered":"<p>Bebe mogu krenuti u senzornu ekspediciju s ovim Fisher-Price\u00ae igra\u010dkama za aktivnost na temu \u017eivotinja. Zabavna aktivnost koju va\u0161a beba mo\u017ee istra\u017eivati tijekom le\u017eanja i igre, vremena na trbu\u0161\u010di\u0107u, sjedenja i putovanja. Postoje 3 stila za sakupljanje (prodaju se zasebno), uklju\u010duju\u0107i \u0161armantnu silikonsku grickalicu za zubi\u0107e s mekanim u\u0161ima, zve\u010dku s preslatkim gu\u0161ter\u010di\u0107em koji se vrti te guskicu koja je prilago\u0111ena malim bebinim rukama s kolutovima koji klepe\u0107u i vezicu s pomo\u0107u koje se mo\u017ee zaka\u010diti. Sadr\u017ei prekrasne boje, zabavne zvukove i razne teksture koji zaokupljaju i odu\u0161evljavaju osjetila va\u0161e bebe u razvoju. Lako za dr\u017eanje malim rukama, ovaj sjajni trio poma\u017ee u ja\u010danju motori\u010dkih sposobnosti va\u0161e bebe dok uklju\u010duje njezino osjetilo dodira, vida i zvuka. Prikladno za dob od 3 mjeseca pa nadalje.<br \/>\nIgra\u010dka dolazi u vi\u0161e razli\u010ditih modela, a isporuka ovisi o njihovoj trenutnoj raspolo\u017eivosti. <\/p>\n","protected":false},"excerpt":{"rendered":"<p>Igra\u010dka za aktivnost na temu \u017eivotinja<br \/>\nPostoje 3 stila za sakupljanje<br \/>\nDob: 3+ m<\/p>\n","protected":false},"featured_media":31250,"template":"","meta":{"_seopress_robots_primary_cat":"","_seopress_titles_title":"","_seopress_titles_desc":"","_seopress_robots_index":"","iawp_total_views":0},"product_brand":[458],"product_cat":[221,291],"product_tag":[],"class_list":{"0":"post-31248","1":"product","2":"type-product","3":"status-publish","4":"has-post-thumbnail","6":"product_brand-fisher-price","7":"product_cat-igracke","8":"product_cat-igracke-za-djecu-221","10":"first","11":"instock","12":"shipping-taxable","13":"purchasable","14":"product-type-simple"},"_links":{"self":[{"href":"https:\/\/singuli.wpress.me\/index.php\/wp-json\/wp\/v2\/product\/31248","targetHints":{"allow":["GET"]}}],"collection":[{"href":"https:\/\/singuli.wpress.me\/index.php\/wp-json\/wp\/v2\/product"}],"about":[{"href":"https:\/\/singuli.wpress.me\/index.php\/wp-json\/wp\/v2\/types\/product"}],"version-history":[{"count":0,"href":"https:\/\/singuli.wpress.me\/index.php\/wp-json\/wp\/v2\/product\/31248\/revisions"}],"wp:featuredmedia":[{"embeddable":true,"href":"https:\/\/singuli.wpress.me\/index.php\/wp-json\/wp\/v2\/media\/31250"}],"wp:attachment":[{"href":"https:\/\/singuli.wpress.me\/index.php\/wp-json\/wp\/v2\/media?parent=31248"}],"wp:term":[{"taxonomy":"product_brand","embeddable":true,"href":"https:\/\/singuli.wpress.me\/index.php\/wp-json\/wp\/v2\/product_brand?post=31248"},{"taxonomy":"product_cat","embeddable":true,"href":"https:\/\/singuli.wpress.me\/index.php\/wp-json\/wp\/v2\/product_cat?post=31248"},{"taxonomy":"product_tag","embeddable":true,"href":"https:\/\/singuli.wpress.me\/index.php\/wp-json\/wp\/v2\/product_tag?post=31248"}],"curies":[{"name":"wp","href":"https:\/\/api.w.org\/{rel}","templated":true}]}}