{"id":31258,"date":"2026-04-17T00:32:30","date_gmt":"2026-04-17T00:32:30","guid":{"rendered":"https:\/\/singuli.wpress.me\/index.php\/proizvod\/barbie-lutka-jednorog\/"},"modified":"2026-04-23T00:27:22","modified_gmt":"2026-04-23T00:27:22","slug":"barbie-lutka-jednorog","status":"publish","type":"product","link":"https:\/\/singuli.wpress.me\/proizvod\/barbie-lutka-jednorog\/","title":{"rendered":"BARBIE, lutka, jednorog"},"content":{"rendered":"<p>Jednorog Barbie lutke su \u010dista \u010darolija! Izgled je inspiriran dugom. Svaka Barbie lutka ima kosu fantasti\u010dne boje i nosi ombre steznik sa suknjom s printom i svjetlucavim \u010dizmama do koljena. Na kosi ima odvojiv ukras za kosu i rep. O\u010daravaju\u0107e koliko mogu biti, ove Barbie lutke nadahnut \u0107e \u010darobne pri\u010de o avanturama za djecu od 3 godine i vi\u0161e. Svaka se prodaje zasebno, ovisno o dostupnosti. Barbie lutke ne mogu stajati same. Boje i ukrasi mogu se razlikovati. Igra\u010dka dolazi u vi\u0161e razli\u010ditih modela, a isporuka ovisi o njihovoj trenutnoj raspolo\u017eivosti. <\/p>\n","protected":false},"excerpt":{"rendered":"<p>Izgled inspiriran dugom<br \/>\nBoje i ukrasi mogu varirati<br \/>\nDob: 3+god<\/p>\n","protected":false},"featured_media":31260,"template":"","meta":{"_seopress_robots_primary_cat":"","_seopress_titles_title":"","_seopress_titles_desc":"","_seopress_robots_index":"","iawp_total_views":0},"product_brand":[324],"product_cat":[221,291],"product_tag":[],"class_list":{"0":"post-31258","1":"product","2":"type-product","3":"status-publish","4":"has-post-thumbnail","6":"product_brand-barbie","7":"product_cat-igracke","8":"product_cat-igracke-za-djecu-221","10":"first","11":"instock","12":"shipping-taxable","13":"purchasable","14":"product-type-simple"},"_links":{"self":[{"href":"https:\/\/singuli.wpress.me\/wp-json\/wp\/v2\/product\/31258","targetHints":{"allow":["GET"]}}],"collection":[{"href":"https:\/\/singuli.wpress.me\/wp-json\/wp\/v2\/product"}],"about":[{"href":"https:\/\/singuli.wpress.me\/wp-json\/wp\/v2\/types\/product"}],"version-history":[{"count":0,"href":"https:\/\/singuli.wpress.me\/wp-json\/wp\/v2\/product\/31258\/revisions"}],"wp:featuredmedia":[{"embeddable":true,"href":"https:\/\/singuli.wpress.me\/wp-json\/wp\/v2\/media\/31260"}],"wp:attachment":[{"href":"https:\/\/singuli.wpress.me\/wp-json\/wp\/v2\/media?parent=31258"}],"wp:term":[{"taxonomy":"product_brand","embeddable":true,"href":"https:\/\/singuli.wpress.me\/wp-json\/wp\/v2\/product_brand?post=31258"},{"taxonomy":"product_cat","embeddable":true,"href":"https:\/\/singuli.wpress.me\/wp-json\/wp\/v2\/product_cat?post=31258"},{"taxonomy":"product_tag","embeddable":true,"href":"https:\/\/singuli.wpress.me\/wp-json\/wp\/v2\/product_tag?post=31258"}],"curies":[{"name":"wp","href":"https:\/\/api.w.org\/{rel}","templated":true}]}}