{"id":31265,"date":"2026-04-17T00:32:33","date_gmt":"2026-04-17T00:32:33","guid":{"rendered":"https:\/\/singuli.wpress.me\/index.php\/proizvod\/vitae-oliovita-kapsule-30-kom\/"},"modified":"2026-04-21T00:26:34","modified_gmt":"2026-04-21T00:26:34","slug":"vitae-oliovita-kapsule-30-kom","status":"publish","type":"product","link":"https:\/\/singuli.wpress.me\/index.php\/proizvod\/vitae-oliovita-kapsule-30-kom\/","title":{"rendered":"VITAE OlioVita, kapsule, 30\u00a0kom"},"content":{"rendered":"<p><span style=\"font-weight: bold\">Oliovita<\/span> je dodatak prehrani koji doprinosi pobolj\u0161anju op\u0107eg stanja ko\u017ee i sluznica.<br \/>\nVe\u0107 nakon mjesec dana kori\u0161tenja, Oliovita mo\u017ee donijeti vidljivo pobolj\u0161anje stanja ko\u017ee i sluznica. Posebno je efikasan za hidrataciju i obnavljanje sluznice vaginalnog podru\u010dja, oka, nosa i usta te gastrointestinalne sluznice.<br \/>\nOliovita je idealan izbor za osobe koje pate od suho\u0107e ko\u017ee, perutanja, ekcema ili drugih ko\u017enih stanja. Tako\u0111er, poma\u017ee u ubla\u017eavanju negativnih u\u010dinaka lijekova na ko\u017eu i sluznicu.<br \/>\nOliovita se temelji na ulju pasjeg trna (Hippophae rhamnoides), poznatom po svojim hidratiziraju\u0107im i obnavljaju\u0107im svojstvima. Oliovita je va\u0161 saveznik za pobolj\u0161anje hidratiziranosti i elasti\u010dnosti suhe ili starije ko\u017ee, pru\u017eaju\u0107i vam zdraviju i sjajniju ko\u017eu.<\/p>\n<p>Na\u010din primjene:<br \/>\nPopiti 4 kapsule dnevno tijekom prvih dva mjeseca, zajedno ili odvojeno u dvije doze. Od tre\u0107eg mjeseca. piti 2 kapsule dnevno.<\/p>\n<p><span style=\"font-weight: bold\">Koli\u010dine u dnevnoj dozi:<\/span><br \/>\n                                                                                 2 kapsule                                 4 kapsule <br \/>\nUlje pasjeg trna                                                          1 g                                        2 g<br \/>\nsadr\u017ei masne kiseline: omega 3                            130 mg                                 260 mg<br \/>\n                                        omega 6                            100 mg                                 200 mg<br \/>\n                                        omega 7                            300 mg                                 600 mg<br \/>\n                                        omega 9                            180 mg                                 360 mg<br \/>\nVitamin E                                                         4,50 mg  (37,5% PU*)     9,00 mg (75 % PU*)<br \/>\nVitamin A (\u00df-karoten)                                   1,00 mg  (125% PU*)       2,0 mg ( 250% PU*)<br \/>\nPU*- preporu\u010deni dnevni unos<\/p>\n","protected":false},"excerpt":{"rendered":"<p>Dodatak prehrani sa pasjim trnom te vitaminima A i E<br \/>\nIdealan izbor za osobe koje pate od suho\u0107e ko\u017ee, perutanja, ekcema ili drugih ko\u017enih stanja<br \/>\nPosebno je efikasan za hidrataciju i obnavljanje sluznice<\/p>\n","protected":false},"featured_media":31266,"template":"","meta":{"_seopress_robots_primary_cat":"","_seopress_titles_title":"","_seopress_titles_desc":"","_seopress_robots_index":"","iawp_total_views":0},"product_brand":[459],"product_cat":[211,289],"product_tag":[],"class_list":{"0":"post-31265","1":"product","2":"type-product","3":"status-publish","4":"has-post-thumbnail","6":"product_brand-vitae","7":"product_cat-njega-majke-i-djeteta","8":"product_cat-trudnoca-i-vitamini-211","10":"first","11":"outofstock","12":"shipping-taxable","13":"purchasable","14":"product-type-simple"},"_links":{"self":[{"href":"https:\/\/singuli.wpress.me\/index.php\/wp-json\/wp\/v2\/product\/31265","targetHints":{"allow":["GET"]}}],"collection":[{"href":"https:\/\/singuli.wpress.me\/index.php\/wp-json\/wp\/v2\/product"}],"about":[{"href":"https:\/\/singuli.wpress.me\/index.php\/wp-json\/wp\/v2\/types\/product"}],"version-history":[{"count":0,"href":"https:\/\/singuli.wpress.me\/index.php\/wp-json\/wp\/v2\/product\/31265\/revisions"}],"wp:featuredmedia":[{"embeddable":true,"href":"https:\/\/singuli.wpress.me\/index.php\/wp-json\/wp\/v2\/media\/31266"}],"wp:attachment":[{"href":"https:\/\/singuli.wpress.me\/index.php\/wp-json\/wp\/v2\/media?parent=31265"}],"wp:term":[{"taxonomy":"product_brand","embeddable":true,"href":"https:\/\/singuli.wpress.me\/index.php\/wp-json\/wp\/v2\/product_brand?post=31265"},{"taxonomy":"product_cat","embeddable":true,"href":"https:\/\/singuli.wpress.me\/index.php\/wp-json\/wp\/v2\/product_cat?post=31265"},{"taxonomy":"product_tag","embeddable":true,"href":"https:\/\/singuli.wpress.me\/index.php\/wp-json\/wp\/v2\/product_tag?post=31265"}],"curies":[{"name":"wp","href":"https:\/\/api.w.org\/{rel}","templated":true}]}}