{"id":31269,"date":"2026-04-17T00:32:34","date_gmt":"2026-04-17T00:32:34","guid":{"rendered":"https:\/\/singuli.wpress.me\/index.php\/proizvod\/vitae-reconnect-kapsule-15-kom\/"},"modified":"2026-04-20T12:33:05","modified_gmt":"2026-04-20T12:33:05","slug":"vitae-reconnect-kapsule-15-kom","status":"publish","type":"product","link":"https:\/\/singuli.wpress.me\/index.php\/proizvod\/vitae-reconnect-kapsule-15-kom\/","title":{"rendered":"VITAE ReConnect, kapsule, 15\u00a0kom"},"content":{"rendered":"<p><span style=\"font-weight: bold\">Reconnect\u00ae<\/span> je revolucionarni dodatak prehrani koji se temelji na kombinaciji NADH (Co-E1), koenzima Q10, serina i vitamina C. Ova jedinstvena formulacija, razvijena u suradnji s bolnicom Vall D\u2019Hebron u Barceloni te znanstveno potvr\u0111ena, pru\u017ea sinergijsko djelovanje svojih sastojaka kako bi pobolj\u0161ala va\u0161e tjelesne i kognitivne sposobnosti, bez stimulativnog u\u010dinka ili stvaranja ovisnosti.<br \/>\nOsvje\u017eite svoje tijelo i um uz Reconnect\u00ae i osjetite razliku u svojim sposobnostima svakodnevnog \u017eivota!<\/p>\n<p>Na\u010din primjene:<br \/>\n1 ili 2 tablete dnevno 30 minuta prije obroka. Preporu\u010duje se uzimanje cijele tablete s velikom \u010da\u0161om vode.<\/p>\n<p>Koli\u010dina u dnevnoj dozi:<br \/>\nSastojci u preporu\u010denoj dnevnoj dozi:<br \/>\n \t                        1 tableta                                                              2 tablete<br \/>\nKoenzim Q10       \t    50 mg                                                                  100 mg<br \/>\nVitamin C \t                   40 mg  (50% PU*)                                                 80 mg   (100% PU*)<br \/>\nSerin                                      20 mg                                                                   40 mg<br \/>\nNADH                                      5 mg                                                                    10 mg<\/p>\n","protected":false},"excerpt":{"rendered":"<p>Dodatak prehrani sa NADH, koenzimom Q10, serinom i vitaminom C<br \/>\nJedinstvena formulacija<br \/>\nSinergijsko djelovanje svih sastojaka<\/p>\n","protected":false},"featured_media":31271,"template":"","meta":{"_seopress_robots_primary_cat":"","_seopress_titles_title":"","_seopress_titles_desc":"","_seopress_robots_index":"","iawp_total_views":0},"product_brand":[459],"product_cat":[211,289],"product_tag":[],"class_list":{"0":"post-31269","1":"product","2":"type-product","3":"status-publish","4":"has-post-thumbnail","6":"product_brand-vitae","7":"product_cat-njega-majke-i-djeteta","8":"product_cat-trudnoca-i-vitamini-211","10":"first","11":"outofstock","12":"shipping-taxable","13":"purchasable","14":"product-type-simple"},"_links":{"self":[{"href":"https:\/\/singuli.wpress.me\/index.php\/wp-json\/wp\/v2\/product\/31269","targetHints":{"allow":["GET"]}}],"collection":[{"href":"https:\/\/singuli.wpress.me\/index.php\/wp-json\/wp\/v2\/product"}],"about":[{"href":"https:\/\/singuli.wpress.me\/index.php\/wp-json\/wp\/v2\/types\/product"}],"version-history":[{"count":0,"href":"https:\/\/singuli.wpress.me\/index.php\/wp-json\/wp\/v2\/product\/31269\/revisions"}],"wp:featuredmedia":[{"embeddable":true,"href":"https:\/\/singuli.wpress.me\/index.php\/wp-json\/wp\/v2\/media\/31271"}],"wp:attachment":[{"href":"https:\/\/singuli.wpress.me\/index.php\/wp-json\/wp\/v2\/media?parent=31269"}],"wp:term":[{"taxonomy":"product_brand","embeddable":true,"href":"https:\/\/singuli.wpress.me\/index.php\/wp-json\/wp\/v2\/product_brand?post=31269"},{"taxonomy":"product_cat","embeddable":true,"href":"https:\/\/singuli.wpress.me\/index.php\/wp-json\/wp\/v2\/product_cat?post=31269"},{"taxonomy":"product_tag","embeddable":true,"href":"https:\/\/singuli.wpress.me\/index.php\/wp-json\/wp\/v2\/product_tag?post=31269"}],"curies":[{"name":"wp","href":"https:\/\/api.w.org\/{rel}","templated":true}]}}