{"id":31273,"date":"2026-04-17T00:32:35","date_gmt":"2026-04-17T00:32:35","guid":{"rendered":"https:\/\/singuli.wpress.me\/index.php\/proizvod\/vitae-intestvita-transit-kapsule-30-kom\/"},"modified":"2026-04-20T12:33:05","modified_gmt":"2026-04-20T12:33:05","slug":"vitae-intestvita-transit-kapsule-30-kom","status":"publish","type":"product","link":"https:\/\/singuli.wpress.me\/index.php\/proizvod\/vitae-intestvita-transit-kapsule-30-kom\/","title":{"rendered":"VITAE IntestVita Transit, kapsule, 30\u00a0kom"},"content":{"rendered":"<p><span style=\"font-weight: bold\">IntestVita Transit<\/span> je idealan odabir za sve koji \u017eele unaprijediti svoje probavno zdravlje na prirodan na\u010din. Formuliran je kako bi potaknuo probavu, olak\u0161ao kretanje hrane kroz probavni trakt te odr\u017eavao normalnu funkciju crijeva. Preporu\u010duje se za smanjenje u\u010destalosti probavnih\/intestinalnih smetnji, pove\u0107anje raznolikosti mikrobiote i korisne crijevne flore, pobolj\u0161anje konzistencije stolice te olak\u0161avanje pra\u017enjenja crijeva. Tako\u0111er, poma\u017ee u normalnom funkcioniranju i ubrzanju prolaska hrane kroz crijeva te poti\u010de apsorpciju hranjivih tvari na razini crijeva. IntestVita Transit sadr\u017ei sastojke visoke intestinalne tolerancije, bogata je omega 7 masnim kiselinama iz pasjeg trna, sadr\u017ei 4 probavna enzima koji doprinose fiziolo\u0161kom probavnom procesu te je oboga\u0107ena s 3 ljudska bakterijska soja. Sve ovo \u010dini IntestVitu Transit idealnim izborom za odr\u017eavanje va\u0161eg probavnog zdravlja.<\/p>\n<p>Na\u010din primjene: <br \/>\nPopiti 1 bijelu kapsulu i 1 naran\u010dastu kapsulu jednom dnevno.<br \/>\nPreporu\u010duje se prije glavnog obroka<\/p>\n<p><span style=\"font-weight: bold\">Koli\u010dine u dnevnoj dozi:<\/span><br \/>\n<span style=\"font-weight: bold\">Bijela kapsula &#8211; blister 1 zelene boje:<\/span><br \/>\nmje\u0161avina kultura mikroorganizama                                          1000 milijuna \u017eivih stanica<br \/>\n(Lactobacillus gasseri KS-13, Bi\u00acfidobacterium bifi\u00acdum G9-1, Bifi\u00acdobacterium longum MM-2)<br \/>\nenzimski kompleks:                                                                       155 mg<br \/>\nkoji sadr\u017ei \u2022 proteaza                                                                     70 mg<br \/>\n                   \u2022 laktaza                                                                        35 mg<br \/>\n                   \u2022 lipaza                                                                          25 mg<br \/>\n                   \u2022 amilaza                                                                       25 mg<\/p>\n<p>\n<span style=\"font-weight: bold\">Naran\u010dasta kapsula &#8211; blister 2 crvene boje: <\/span><br \/>\n\u2022 ekstrakt vlakana naran\u010de                                                            125 mg<br \/>\n\u2022 ekstrakt pasjeg trna                                                                     120 mg<br \/>\n\u2022 Fruktooligosaharidi                                                                      100 mg<\/p>\n","protected":false},"excerpt":{"rendered":"<p>Dodatak prehrani s kulturom mikroorganizama, pasjim trnom, probavnim enzimima i vlaknima naran\u010de<br \/>\nUnapre\u0111uje probavno zdravlje na prirodan na\u010din<br \/>\nSadr\u017ei sastojke visoke intestinalne tolerancije<\/p>\n","protected":false},"featured_media":31275,"template":"","meta":{"_seopress_robots_primary_cat":"","_seopress_titles_title":"","_seopress_titles_desc":"","_seopress_robots_index":"","iawp_total_views":0},"product_brand":[459],"product_cat":[211,289],"product_tag":[],"class_list":{"0":"post-31273","1":"product","2":"type-product","3":"status-publish","4":"has-post-thumbnail","6":"product_brand-vitae","7":"product_cat-njega-majke-i-djeteta","8":"product_cat-trudnoca-i-vitamini-211","10":"first","11":"instock","12":"shipping-taxable","13":"purchasable","14":"product-type-simple"},"_links":{"self":[{"href":"https:\/\/singuli.wpress.me\/index.php\/wp-json\/wp\/v2\/product\/31273","targetHints":{"allow":["GET"]}}],"collection":[{"href":"https:\/\/singuli.wpress.me\/index.php\/wp-json\/wp\/v2\/product"}],"about":[{"href":"https:\/\/singuli.wpress.me\/index.php\/wp-json\/wp\/v2\/types\/product"}],"version-history":[{"count":0,"href":"https:\/\/singuli.wpress.me\/index.php\/wp-json\/wp\/v2\/product\/31273\/revisions"}],"wp:featuredmedia":[{"embeddable":true,"href":"https:\/\/singuli.wpress.me\/index.php\/wp-json\/wp\/v2\/media\/31275"}],"wp:attachment":[{"href":"https:\/\/singuli.wpress.me\/index.php\/wp-json\/wp\/v2\/media?parent=31273"}],"wp:term":[{"taxonomy":"product_brand","embeddable":true,"href":"https:\/\/singuli.wpress.me\/index.php\/wp-json\/wp\/v2\/product_brand?post=31273"},{"taxonomy":"product_cat","embeddable":true,"href":"https:\/\/singuli.wpress.me\/index.php\/wp-json\/wp\/v2\/product_cat?post=31273"},{"taxonomy":"product_tag","embeddable":true,"href":"https:\/\/singuli.wpress.me\/index.php\/wp-json\/wp\/v2\/product_tag?post=31273"}],"curies":[{"name":"wp","href":"https:\/\/api.w.org\/{rel}","templated":true}]}}