{"id":31274,"date":"2026-04-17T00:32:35","date_gmt":"2026-04-17T00:32:35","guid":{"rendered":"https:\/\/singuli.wpress.me\/index.php\/proizvod\/vitae-urinvita-kapsule-30-kom\/"},"modified":"2026-04-20T12:33:05","modified_gmt":"2026-04-20T12:33:05","slug":"vitae-urinvita-kapsule-30-kom","status":"publish","type":"product","link":"https:\/\/singuli.wpress.me\/index.php\/proizvod\/vitae-urinvita-kapsule-30-kom\/","title":{"rendered":"VITAE UrinVita, kapsule, 30\u00a0kom"},"content":{"rendered":"<p><span style=\"font-weight: bold\">Urinvita<\/span> je va\u0161 pouzdani saveznik u o\u010duvanju zdravlja mokra\u0107nog sustava, formuliran isklju\u010divo s prirodnim sastojcima koji su posebno odabrani kako bi lije\u010dili i prevenirali infekcije te pobolj\u0161ali cjelokupno zdravlje va\u0161eg mokra\u0107nog sustava.<br \/>\nPreporu\u010duje se za ubla\u017eavanje infekcija mokra\u0107nog sustava, uklju\u010duju\u0107i upalu mokra\u0107nog mjehura, te poma\u017ee u sprje\u010davanju budu\u0107ih problema s mokra\u0107nim sustavom. Urinvita poti\u010de ispravno funkcioniranje mokra\u0107nog sustava, \u0161titi i \u010disti mokra\u0107ni trakt, pru\u017eaju\u0107i diureti\u010dki i pro\u010di\u0161\u0107avaju\u0107i u\u010dinak.<br \/>\nS obzirom na svoju formulaciju, Urinvita osigurava antioksidanse i poma\u017ee u skra\u0107ivanju infektivnih procesa, pru\u017eaju\u0107i dvostruko djelovanje &#8211; protuupalno djelovanje i prevenciju. Svi sastojci su 100% prirodni, a proizvod se isti\u010de svojim vrlo jakim antioksidativnim svojstvima.<\/p>\n<p><span style=\"font-weight: bold\">Na\u010din primjene:<\/span> Popiti  2 do 4 kapsule dnevno. <\/p>\n<p>Koli\u010dina u dnevnoj dozi:<br \/>\n                                                                2 kapsule                                                             4 kapsule<br \/>\nPolifenoli nara  (punicalagin)                       90 mg                                                                180 mg <br \/>\nPolifenoli gro\u017e\u0111a (procijanidini)                 190 mg                                                               380 mg <br \/>\nPolifenoli crvene brusnice                           75 mg                                                                150 mg <br \/>\n(proantocijanidini)<br \/>\nRu\u017emarinska kiselina                                     6 mg                                                                  12 mg<\/p>\n","protected":false},"excerpt":{"rendered":"<p>Dodatak prehrani s ekstraktom nara, gro\u017e\u0111a, crvene brusnice i ru\u017emarina<br \/>\nPreporu\u010duje se za ubla\u017eavanje infekcija mokra\u0107nog sustava, uklju\u010duju\u0107i i upalu mokra\u0107nog mjehura<br \/>\nFormuliran isklju\u010divo s prirodnim sastojcima<\/p>\n","protected":false},"featured_media":31276,"template":"","meta":{"_seopress_robots_primary_cat":"","_seopress_titles_title":"","_seopress_titles_desc":"","_seopress_robots_index":"","iawp_total_views":0},"product_brand":[459],"product_cat":[211,289],"product_tag":[],"class_list":{"0":"post-31274","1":"product","2":"type-product","3":"status-publish","4":"has-post-thumbnail","6":"product_brand-vitae","7":"product_cat-njega-majke-i-djeteta","8":"product_cat-trudnoca-i-vitamini-211","10":"first","11":"outofstock","12":"shipping-taxable","13":"purchasable","14":"product-type-simple"},"_links":{"self":[{"href":"https:\/\/singuli.wpress.me\/index.php\/wp-json\/wp\/v2\/product\/31274","targetHints":{"allow":["GET"]}}],"collection":[{"href":"https:\/\/singuli.wpress.me\/index.php\/wp-json\/wp\/v2\/product"}],"about":[{"href":"https:\/\/singuli.wpress.me\/index.php\/wp-json\/wp\/v2\/types\/product"}],"version-history":[{"count":0,"href":"https:\/\/singuli.wpress.me\/index.php\/wp-json\/wp\/v2\/product\/31274\/revisions"}],"wp:featuredmedia":[{"embeddable":true,"href":"https:\/\/singuli.wpress.me\/index.php\/wp-json\/wp\/v2\/media\/31276"}],"wp:attachment":[{"href":"https:\/\/singuli.wpress.me\/index.php\/wp-json\/wp\/v2\/media?parent=31274"}],"wp:term":[{"taxonomy":"product_brand","embeddable":true,"href":"https:\/\/singuli.wpress.me\/index.php\/wp-json\/wp\/v2\/product_brand?post=31274"},{"taxonomy":"product_cat","embeddable":true,"href":"https:\/\/singuli.wpress.me\/index.php\/wp-json\/wp\/v2\/product_cat?post=31274"},{"taxonomy":"product_tag","embeddable":true,"href":"https:\/\/singuli.wpress.me\/index.php\/wp-json\/wp\/v2\/product_tag?post=31274"}],"curies":[{"name":"wp","href":"https:\/\/api.w.org\/{rel}","templated":true}]}}