{"id":31303,"date":"2026-04-17T00:32:38","date_gmt":"2026-04-17T00:32:38","guid":{"rendered":"https:\/\/singuli.wpress.me\/index.php\/proizvod\/pringles-ketchup-cips-165-g\/"},"modified":"2026-04-20T12:33:05","modified_gmt":"2026-04-20T12:33:05","slug":"pringles-ketchup-cips-165-g","status":"publish","type":"product","link":"https:\/\/singuli.wpress.me\/index.php\/proizvod\/pringles-ketchup-cips-165-g\/","title":{"rendered":"PRINGLES Ketchup, \u010dips, 165\u00a0g"},"content":{"rendered":"<p><span style=\"font-weight: bold\">Pringles<\/span> je prvi \u010dips u legendarnom obliku hiperboli\u010dnog paraboloida, koji se savr\u0161eno uklapa u jedinstvenu limenku u obliku cijevi. Toliko pri\u010da &#8211; od avangarde, preko ludih okusa do beskrajne zabave &#8211; nije ni \u010dudo da je Pringles vi\u0161e nego samo \u010dips!<\/p>\n<p>Zagrizi svoj omiljeni \u010dips i do\u017eivi pravu eksploziju okusa s <span style=\"font-weight: bold\">Pringlesom okusa ketchup!<\/span> <br \/>\nU\u017eivaj u savr\u0161enoj kombinaciji so\u010dnih raj\u010dica i osvje\u017eavaju\u0107e kiselkaste note, koja \u0107e te odvesti na neodoljivu gastronomsku avanturu.<\/p>\n","protected":false},"excerpt":{"rendered":"<p>Pringles je doprinos \u010dipsu<br \/>\nHrskavi zalogaj<br \/>\nSavr\u0161ena kombinacija so\u010dnih raj\u010dica i osvje\u017eavaju\u0107e kiselkaste note<\/p>\n","protected":false},"featured_media":31305,"template":"","meta":{"_seopress_robots_primary_cat":"","_seopress_titles_title":"","_seopress_titles_desc":"","_seopress_robots_index":"","iawp_total_views":0},"product_brand":[462],"product_cat":[261,277],"product_tag":[],"class_list":{"0":"post-31303","1":"product","2":"type-product","3":"status-publish","4":"has-post-thumbnail","6":"product_brand-pringles","7":"product_cat-hrana-i-pice","8":"product_cat-slatkisi-i-grickalice-261","10":"first","11":"instock","12":"shipping-taxable","13":"purchasable","14":"product-type-simple"},"_links":{"self":[{"href":"https:\/\/singuli.wpress.me\/index.php\/wp-json\/wp\/v2\/product\/31303","targetHints":{"allow":["GET"]}}],"collection":[{"href":"https:\/\/singuli.wpress.me\/index.php\/wp-json\/wp\/v2\/product"}],"about":[{"href":"https:\/\/singuli.wpress.me\/index.php\/wp-json\/wp\/v2\/types\/product"}],"version-history":[{"count":0,"href":"https:\/\/singuli.wpress.me\/index.php\/wp-json\/wp\/v2\/product\/31303\/revisions"}],"wp:featuredmedia":[{"embeddable":true,"href":"https:\/\/singuli.wpress.me\/index.php\/wp-json\/wp\/v2\/media\/31305"}],"wp:attachment":[{"href":"https:\/\/singuli.wpress.me\/index.php\/wp-json\/wp\/v2\/media?parent=31303"}],"wp:term":[{"taxonomy":"product_brand","embeddable":true,"href":"https:\/\/singuli.wpress.me\/index.php\/wp-json\/wp\/v2\/product_brand?post=31303"},{"taxonomy":"product_cat","embeddable":true,"href":"https:\/\/singuli.wpress.me\/index.php\/wp-json\/wp\/v2\/product_cat?post=31303"},{"taxonomy":"product_tag","embeddable":true,"href":"https:\/\/singuli.wpress.me\/index.php\/wp-json\/wp\/v2\/product_tag?post=31303"}],"curies":[{"name":"wp","href":"https:\/\/api.w.org\/{rel}","templated":true}]}}