{"id":31307,"date":"2026-04-17T00:32:41","date_gmt":"2026-04-17T00:32:41","guid":{"rendered":"https:\/\/singuli.wpress.me\/index.php\/proizvod\/medex-propolis-defense-apf50-kapsule-30-kom\/"},"modified":"2026-04-20T12:33:05","modified_gmt":"2026-04-20T12:33:05","slug":"medex-propolis-defense-apf50-kapsule-30-kom","status":"publish","type":"product","link":"https:\/\/singuli.wpress.me\/index.php\/proizvod\/medex-propolis-defense-apf50-kapsule-30-kom\/","title":{"rendered":"MEDEX Propolis Defense APF50, kapsule, 30\u00a0kom"},"content":{"rendered":"<p><span style=\"font-weight: bold\">Medex Propolis Defense APF\u00ae50<\/span> je najja\u010di propolis u kapsulama na tr\u017ei\u0161tu s \u010dak 50 mg flavonoida po kapsuli. S APF\u00ae standardizacijom koja jam\u010di visoku koncentraciju flavonoida, oboga\u0107en vitaminom A i cinkom, ove kapsule su namijenjene odraslima i adolescentima od 12 godina nadalje za odr\u017eavanje zdrave sluznice \u017eeluca i crijeva te normalnu funkciju imunolo\u0161kog sustava. Propolis Defense linija donosi najve\u0107u koncentraciju bioflavonoida iz propolisa s minimalno 50 mg flavonoida po kapsuli, standardiziranih s APF\u00ae faktorom za zajam\u010denu u\u010dinkovitost i 100% prirodne sastojke bez konzervansa. Iskoristite snagu prirodnog propolisa za o\u010duvanje zdravlja i ja\u010danje imuniteta.<\/p>\n<p><span style=\"font-weight: bold\">Preporu\u010dena dnevna koli\u010dina<\/span> je 1 kapsula, 30 minuta prije obroka, uz dovoljno teku\u0107ine.<br \/>\n<span style=\"font-weight: bold\">Koli\u010dine u dnevnoj dozi:<\/span><br \/>\n(1 kapsula)<br \/>\nEkstrakt propolisa:250 mg<br \/>\nod toga flavonoidi: 50 mg<br \/>\ncink: 3,0 mg (30 % PU)<br \/>\nvitamin A: 240 \u03bcg (30 % PU)<\/p>\n","protected":false},"excerpt":{"rendered":"<p>Najja\u010di propolis u kapsulama s 50 mg flavonoida po kapsuli<br \/>\nNamijenjen odraslima i adolescentima za odr\u017eavanje zdravlja sluznice \u017eeluca i crijeva te normalnog imunolo\u0161kog sustava<br \/>\nOboga\u0107en vitaminom A i cinkom i standardiziran s APF\u00ae faktorom za zajam\u010denu u\u010dinkovitost i 100% prirodne sastojke bez konzervansa<\/p>\n","protected":false},"featured_media":31309,"template":"","meta":{"_seopress_robots_primary_cat":"","_seopress_titles_title":"","_seopress_titles_desc":"","_seopress_robots_index":"","iawp_total_views":0},"product_brand":[415],"product_cat":[211,289],"product_tag":[],"class_list":{"0":"post-31307","1":"product","2":"type-product","3":"status-publish","4":"has-post-thumbnail","6":"product_brand-medex","7":"product_cat-njega-majke-i-djeteta","8":"product_cat-trudnoca-i-vitamini-211","10":"first","11":"instock","12":"shipping-taxable","13":"purchasable","14":"product-type-simple"},"_links":{"self":[{"href":"https:\/\/singuli.wpress.me\/index.php\/wp-json\/wp\/v2\/product\/31307","targetHints":{"allow":["GET"]}}],"collection":[{"href":"https:\/\/singuli.wpress.me\/index.php\/wp-json\/wp\/v2\/product"}],"about":[{"href":"https:\/\/singuli.wpress.me\/index.php\/wp-json\/wp\/v2\/types\/product"}],"version-history":[{"count":0,"href":"https:\/\/singuli.wpress.me\/index.php\/wp-json\/wp\/v2\/product\/31307\/revisions"}],"wp:featuredmedia":[{"embeddable":true,"href":"https:\/\/singuli.wpress.me\/index.php\/wp-json\/wp\/v2\/media\/31309"}],"wp:attachment":[{"href":"https:\/\/singuli.wpress.me\/index.php\/wp-json\/wp\/v2\/media?parent=31307"}],"wp:term":[{"taxonomy":"product_brand","embeddable":true,"href":"https:\/\/singuli.wpress.me\/index.php\/wp-json\/wp\/v2\/product_brand?post=31307"},{"taxonomy":"product_cat","embeddable":true,"href":"https:\/\/singuli.wpress.me\/index.php\/wp-json\/wp\/v2\/product_cat?post=31307"},{"taxonomy":"product_tag","embeddable":true,"href":"https:\/\/singuli.wpress.me\/index.php\/wp-json\/wp\/v2\/product_tag?post=31307"}],"curies":[{"name":"wp","href":"https:\/\/api.w.org\/{rel}","templated":true}]}}