{"id":31308,"date":"2026-04-17T00:32:41","date_gmt":"2026-04-17T00:32:41","guid":{"rendered":"https:\/\/singuli.wpress.me\/index.php\/proizvod\/medex-propolis-forte-pastile-18-kom\/"},"modified":"2026-04-20T12:33:05","modified_gmt":"2026-04-20T12:33:05","slug":"medex-propolis-forte-pastile-18-kom","status":"publish","type":"product","link":"https:\/\/singuli.wpress.me\/index.php\/proizvod\/medex-propolis-forte-pastile-18-kom\/","title":{"rendered":"MEDEX Propolis Forte, pastile, 18\u00a0kom"},"content":{"rendered":"<p><span style=\"font-weight: bold\">Propolis forte<\/span> pastile s propolisom, vitaminima A i C te uljem paprene metvice.  Dodatak prehrani. Vitamin A i vitamin C doprinose normalnoj funkciji imunolo\u0161kog sustava.  Vitamin A doprinosi odr\u017eavanju normalnih sluznica. Propolis pastile ubla\u017eavaju tegobe u grlu i \u017edrijelu. Prikladni su i za djecu i za odrasle.<\/p>\n<p><span style=\"font-weight: bold\">Preporu\u010dena dnevna koli\u010dina<\/span> je 3 pastile za odrasle i 1 pastila za djecu.<\/p>\n<p><span style=\"font-weight: bold\">Sadr\u017eaj u preporu\u010denoj dnevnoj dozi<\/span> (3 pastile = 6 g): Vitamin A 240 \u03bcg (30 % PU*), Vitamin C 150 mg (187,5 % PU*), ekstrakt propolisa (min. 3,9 % bioflavonoida) 600 mg od \u010dega: galangin i pinocembrin 5,4 mg, eteri\u010dno ulje paprene metvice 16,5 mg. *PU = preporu\u010den dnevni unos.<\/p>\n","protected":false},"excerpt":{"rendered":"<p>Pastile s propolisom, vitaminima A i C te uljem paprene metvice<br \/>\nPrikladni su i za djecu i za odrasle<br \/>\nUbla\u017eavaju tegobe u grlu i \u017edrijelu<\/p>\n","protected":false},"featured_media":31310,"template":"","meta":{"_seopress_robots_primary_cat":"","_seopress_titles_title":"","_seopress_titles_desc":"","_seopress_robots_index":"","iawp_total_views":0},"product_brand":[415],"product_cat":[211,289],"product_tag":[],"class_list":{"0":"post-31308","1":"product","2":"type-product","3":"status-publish","4":"has-post-thumbnail","6":"product_brand-medex","7":"product_cat-njega-majke-i-djeteta","8":"product_cat-trudnoca-i-vitamini-211","10":"first","11":"instock","12":"shipping-taxable","13":"purchasable","14":"product-type-simple"},"_links":{"self":[{"href":"https:\/\/singuli.wpress.me\/index.php\/wp-json\/wp\/v2\/product\/31308","targetHints":{"allow":["GET"]}}],"collection":[{"href":"https:\/\/singuli.wpress.me\/index.php\/wp-json\/wp\/v2\/product"}],"about":[{"href":"https:\/\/singuli.wpress.me\/index.php\/wp-json\/wp\/v2\/types\/product"}],"version-history":[{"count":0,"href":"https:\/\/singuli.wpress.me\/index.php\/wp-json\/wp\/v2\/product\/31308\/revisions"}],"wp:featuredmedia":[{"embeddable":true,"href":"https:\/\/singuli.wpress.me\/index.php\/wp-json\/wp\/v2\/media\/31310"}],"wp:attachment":[{"href":"https:\/\/singuli.wpress.me\/index.php\/wp-json\/wp\/v2\/media?parent=31308"}],"wp:term":[{"taxonomy":"product_brand","embeddable":true,"href":"https:\/\/singuli.wpress.me\/index.php\/wp-json\/wp\/v2\/product_brand?post=31308"},{"taxonomy":"product_cat","embeddable":true,"href":"https:\/\/singuli.wpress.me\/index.php\/wp-json\/wp\/v2\/product_cat?post=31308"},{"taxonomy":"product_tag","embeddable":true,"href":"https:\/\/singuli.wpress.me\/index.php\/wp-json\/wp\/v2\/product_tag?post=31308"}],"curies":[{"name":"wp","href":"https:\/\/api.w.org\/{rel}","templated":true}]}}