{"id":31311,"date":"2026-04-17T00:32:45","date_gmt":"2026-04-17T00:32:45","guid":{"rendered":"https:\/\/singuli.wpress.me\/index.php\/proizvod\/barbie-cutie-reveal-lutka-zec-i-koala\/"},"modified":"2026-04-20T12:33:05","modified_gmt":"2026-04-20T12:33:05","slug":"barbie-cutie-reveal-lutka-zec-i-koala","status":"publish","type":"product","link":"https:\/\/singuli.wpress.me\/index.php\/proizvod\/barbie-cutie-reveal-lutka-zec-i-koala\/","title":{"rendered":"BARBIE Cutie Reveal, lutka, zec i koala"},"content":{"rendered":"<p>Barbie Cutie Reveal lutke s temom \u017eivotinjskih kostima donose najsla\u0111e iskustvo raspakiranja uz 10 iznena\u0111enja! Otkrijte zeca kao koalu. Skinite pli\u0161ani kostim kako biste otkrili pokretljivu Barbie lutku s dugom, \u0161arenom kosom. Otkrijte i dodatna iznena\u0111enja poput para cipela, torbice i pripadaju\u0107eg mini ljubimca. Preokrenite pli\u0161ani gornji dio kostima kako biste dobili jaknu od flisa, a glavu kostima preoblikujte u kreveti\u0107 za ljubimca. Hladna voda donosi dodatnu slatko\u0107u uz promjene boja na licu lutke i mini ljubimca, dok topla voda vra\u0107a originalni izgled za ponovnu zabavu! Djeca \u0107e u\u017eivati u otkrivanju \u2014 i skupljanju \u2014 svih simpati\u010dnih iznena\u0111enja u ovoj preslatkoj Barbie Cutie Reveal seriji. Sort proizvod, koju lutku \u0107e\u0161 dobiti?  Lutke ne mogu samostalno stajati. Boje i ukrasi mogu varirati.<\/p>\n","protected":false},"excerpt":{"rendered":"<p>Lutke s temom \u017eivotinjskih kostima nude 10 iznena\u0111enja, uklju\u010duju\u0107i pokretljivu Barbie lutku i dodatke<br \/>\nPromjene boje s toplom i hladnom vodom<br \/>\nDob: 3+ god<\/p>\n","protected":false},"featured_media":31313,"template":"","meta":{"_seopress_robots_primary_cat":"","_seopress_titles_title":"","_seopress_titles_desc":"","_seopress_robots_index":"","iawp_total_views":0},"product_brand":[324],"product_cat":[221,291],"product_tag":[],"class_list":{"0":"post-31311","1":"product","2":"type-product","3":"status-publish","4":"has-post-thumbnail","6":"product_brand-barbie","7":"product_cat-igracke","8":"product_cat-igracke-za-djecu-221","10":"first","11":"instock","12":"shipping-taxable","13":"purchasable","14":"product-type-simple"},"_links":{"self":[{"href":"https:\/\/singuli.wpress.me\/index.php\/wp-json\/wp\/v2\/product\/31311","targetHints":{"allow":["GET"]}}],"collection":[{"href":"https:\/\/singuli.wpress.me\/index.php\/wp-json\/wp\/v2\/product"}],"about":[{"href":"https:\/\/singuli.wpress.me\/index.php\/wp-json\/wp\/v2\/types\/product"}],"version-history":[{"count":0,"href":"https:\/\/singuli.wpress.me\/index.php\/wp-json\/wp\/v2\/product\/31311\/revisions"}],"wp:featuredmedia":[{"embeddable":true,"href":"https:\/\/singuli.wpress.me\/index.php\/wp-json\/wp\/v2\/media\/31313"}],"wp:attachment":[{"href":"https:\/\/singuli.wpress.me\/index.php\/wp-json\/wp\/v2\/media?parent=31311"}],"wp:term":[{"taxonomy":"product_brand","embeddable":true,"href":"https:\/\/singuli.wpress.me\/index.php\/wp-json\/wp\/v2\/product_brand?post=31311"},{"taxonomy":"product_cat","embeddable":true,"href":"https:\/\/singuli.wpress.me\/index.php\/wp-json\/wp\/v2\/product_cat?post=31311"},{"taxonomy":"product_tag","embeddable":true,"href":"https:\/\/singuli.wpress.me\/index.php\/wp-json\/wp\/v2\/product_tag?post=31311"}],"curies":[{"name":"wp","href":"https:\/\/api.w.org\/{rel}","templated":true}]}}