{"id":31323,"date":"2026-04-17T00:32:50","date_gmt":"2026-04-17T00:32:50","guid":{"rendered":"https:\/\/singuli.wpress.me\/index.php\/proizvod\/barbie-pop-reveal-lutka-voce-chelsea\/"},"modified":"2026-04-20T12:33:05","modified_gmt":"2026-04-20T12:33:05","slug":"barbie-pop-reveal-lutka-voce-chelsea","status":"publish","type":"product","link":"https:\/\/singuli.wpress.me\/index.php\/proizvod\/barbie-pop-reveal-lutka-voce-chelsea\/","title":{"rendered":"BARBIE Pop Reveal, lutka, vo\u0107e Chelsea"},"content":{"rendered":"<p>Barbie Pop Reveal Chelsea lutke nude iskustvo raspakiranja ispunjeno s pet zabavnih iznena\u0111enja! Potaknite osjetila uz Chelsea Pop Reveal lutku s mirisom &#8211; jagoda, gro\u017e\u0111e, lubenica i tutti frutti. Pakiranje je inspirirano izgledom soki\u0107a koje skriva miris, kockicu leda i lutku Chelsea. Kocka leda skriva koturaljke! U pakiranju prona\u0111ite i suknju te ku\u0107nog ljubimca koji izgledom odgovara lutki, a zatim otkrijte promjenu boje na njenom licu. Svaka lutka prodaje se zasebno, ovisno o dostupnosti. Lutke ne mogu stajati same. Boje i ukrasi mogu se razlikovati. Igra\u010dka dolazi u vi\u0161e razli\u010ditih modela, a isporuka ovisi o njihovoj trenutnoj raspolo\u017eivosti. <\/p>\n","protected":false},"excerpt":{"rendered":"<p>Lutke nude iskustvo raspakiranja s pet zabavnih iznena\u0111enja i mirisima<br \/>\nKocka leda skriva koturaljke<br \/>\nDob: 3+ god<\/p>\n","protected":false},"featured_media":31325,"template":"","meta":{"_seopress_robots_primary_cat":"","_seopress_titles_title":"","_seopress_titles_desc":"","_seopress_robots_index":"","iawp_total_views":0},"product_brand":[324],"product_cat":[221,291],"product_tag":[],"class_list":{"0":"post-31323","1":"product","2":"type-product","3":"status-publish","4":"has-post-thumbnail","6":"product_brand-barbie","7":"product_cat-igracke","8":"product_cat-igracke-za-djecu-221","10":"first","11":"instock","12":"shipping-taxable","13":"purchasable","14":"product-type-simple"},"_links":{"self":[{"href":"https:\/\/singuli.wpress.me\/index.php\/wp-json\/wp\/v2\/product\/31323","targetHints":{"allow":["GET"]}}],"collection":[{"href":"https:\/\/singuli.wpress.me\/index.php\/wp-json\/wp\/v2\/product"}],"about":[{"href":"https:\/\/singuli.wpress.me\/index.php\/wp-json\/wp\/v2\/types\/product"}],"version-history":[{"count":0,"href":"https:\/\/singuli.wpress.me\/index.php\/wp-json\/wp\/v2\/product\/31323\/revisions"}],"wp:featuredmedia":[{"embeddable":true,"href":"https:\/\/singuli.wpress.me\/index.php\/wp-json\/wp\/v2\/media\/31325"}],"wp:attachment":[{"href":"https:\/\/singuli.wpress.me\/index.php\/wp-json\/wp\/v2\/media?parent=31323"}],"wp:term":[{"taxonomy":"product_brand","embeddable":true,"href":"https:\/\/singuli.wpress.me\/index.php\/wp-json\/wp\/v2\/product_brand?post=31323"},{"taxonomy":"product_cat","embeddable":true,"href":"https:\/\/singuli.wpress.me\/index.php\/wp-json\/wp\/v2\/product_cat?post=31323"},{"taxonomy":"product_tag","embeddable":true,"href":"https:\/\/singuli.wpress.me\/index.php\/wp-json\/wp\/v2\/product_tag?post=31323"}],"curies":[{"name":"wp","href":"https:\/\/api.w.org\/{rel}","templated":true}]}}