{"id":31324,"date":"2026-04-17T00:32:51","date_gmt":"2026-04-17T00:32:51","guid":{"rendered":"https:\/\/singuli.wpress.me\/index.php\/proizvod\/barbie-model-2024-kuca\/"},"modified":"2026-04-20T12:33:05","modified_gmt":"2026-04-20T12:33:05","slug":"barbie-model-2024-kuca","status":"publish","type":"product","link":"https:\/\/singuli.wpress.me\/index.php\/proizvod\/barbie-model-2024-kuca\/","title":{"rendered":"BARBIE model 2024, ku\u0107a"},"content":{"rendered":"<p>\n    Slatka, sklopiva ku\u0107ica za Barbie (s 4 podru\u010dja za igru)<\/p>\n<p>\n    Ova slatka, \u0161arena i sklopiva ku\u0107ica za Barbie nadahnjuje djecu na hrpu zabave i igre!<\/p>\n<p>\n    Ku\u0107a sadr\u017ei 4 podru\u010dja za igru:<\/p>\n<p>\n    Kuhinju<br \/>\n    Kupaonicu<br \/>\n    Spava\u0107u sobu u potkrovlju<br \/>\n    Filmski kutak<\/p>\n<p>\n    Uz ku\u0107u dolazi i 11 dodataka za realisti\u010dnu igru. Ku\u0107ica je dizajnirana za jednostavno skladi\u0161tenje jer se sklapa, a kad je rastvorena, njezina \u0161irina je 66 cm, a visina 43 cm.<\/p>\n<p>\n    (Napomena: Lutka nije uklju\u010dena, a boje i dekoracije mogu se razlikovati.)<\/p>\n","protected":false},"excerpt":{"rendered":"<p>Sklopivi dizajn za jednostavno spremanje<br \/>\n4 podru\u010dja za igru (kuhinja, kupaonica, spava\u0107a soba, filmski kutak)<br \/>\nVelike dimenzije: \u0160irina 66 cm, visina 43 cm (rastvorena)<\/p>\n","protected":false},"featured_media":31326,"template":"","meta":{"_seopress_robots_primary_cat":"","_seopress_titles_title":"","_seopress_titles_desc":"","_seopress_robots_index":"","iawp_total_views":0},"product_brand":[324],"product_cat":[221,291],"product_tag":[],"class_list":{"0":"post-31324","1":"product","2":"type-product","3":"status-publish","4":"has-post-thumbnail","6":"product_brand-barbie","7":"product_cat-igracke","8":"product_cat-igracke-za-djecu-221","10":"first","11":"instock","12":"shipping-taxable","13":"purchasable","14":"product-type-simple"},"_links":{"self":[{"href":"https:\/\/singuli.wpress.me\/index.php\/wp-json\/wp\/v2\/product\/31324","targetHints":{"allow":["GET"]}}],"collection":[{"href":"https:\/\/singuli.wpress.me\/index.php\/wp-json\/wp\/v2\/product"}],"about":[{"href":"https:\/\/singuli.wpress.me\/index.php\/wp-json\/wp\/v2\/types\/product"}],"version-history":[{"count":0,"href":"https:\/\/singuli.wpress.me\/index.php\/wp-json\/wp\/v2\/product\/31324\/revisions"}],"wp:featuredmedia":[{"embeddable":true,"href":"https:\/\/singuli.wpress.me\/index.php\/wp-json\/wp\/v2\/media\/31326"}],"wp:attachment":[{"href":"https:\/\/singuli.wpress.me\/index.php\/wp-json\/wp\/v2\/media?parent=31324"}],"wp:term":[{"taxonomy":"product_brand","embeddable":true,"href":"https:\/\/singuli.wpress.me\/index.php\/wp-json\/wp\/v2\/product_brand?post=31324"},{"taxonomy":"product_cat","embeddable":true,"href":"https:\/\/singuli.wpress.me\/index.php\/wp-json\/wp\/v2\/product_cat?post=31324"},{"taxonomy":"product_tag","embeddable":true,"href":"https:\/\/singuli.wpress.me\/index.php\/wp-json\/wp\/v2\/product_tag?post=31324"}],"curies":[{"name":"wp","href":"https:\/\/api.w.org\/{rel}","templated":true}]}}