{"id":31335,"date":"2026-04-17T00:32:57","date_gmt":"2026-04-17T00:32:57","guid":{"rendered":"https:\/\/singuli.wpress.me\/index.php\/proizvod\/games-drustvena-igra-scrabble-original-2u1\/"},"modified":"2026-04-20T12:33:05","modified_gmt":"2026-04-20T12:33:05","slug":"games-drustvena-igra-scrabble-original-2u1","status":"publish","type":"product","link":"https:\/\/singuli.wpress.me\/index.php\/proizvod\/games-drustvena-igra-scrabble-original-2u1\/","title":{"rendered":"GAMES, dru\u0161tvena igra, Scrabble Original 2u1"},"content":{"rendered":"<p><span style=\"font-weight: bold\">Scrabble 2u1<\/span><br \/>\nDvije igre u jednoj! Igrajte klasi\u010dni Scrabble koji poznajete i volite&#8230;ili okrenite plo\u010du za igru i isprobajte Scrabble Together za br\u017eu, le\u017eerniju, timsku igru s jednostavnijim bodovanjem! U Scrabble Together igra\u010di igraju kao tim koji mora ispuniti 20 ciljeva. Izvucite kartu i otkrijte ciljeve poput &#8221;Odigrajte rije\u010d od 5 slova&#8221;. <\/p>\n<p>Novi na\u010din igre za novu generaciju igra\u010da koji \u0107e zagarantirano u\u017eivati u svakoj minuti napre\u017eu\u0107i svoje mo\u017edane vijuge! Za 2 do 4 igra\u010da i sve starije od 8 godina.<\/p>\n","protected":false},"excerpt":{"rendered":"<p>Rije\u010di se sla\u017eu vodoravno ili okomito<br \/>\nZa 2-4 igra\u010da<br \/>\nDob: 8 +god<\/p>\n","protected":false},"featured_media":31337,"template":"","meta":{"_seopress_robots_primary_cat":"","_seopress_titles_title":"","_seopress_titles_desc":"","_seopress_robots_index":"","iawp_total_views":0},"product_brand":[390],"product_cat":[290,221],"product_tag":[],"class_list":{"0":"post-31335","1":"product","2":"type-product","3":"status-publish","4":"has-post-thumbnail","6":"product_brand-games","7":"product_cat-drustvene-igre-221","8":"product_cat-igracke","10":"first","11":"instock","12":"shipping-taxable","13":"purchasable","14":"product-type-simple"},"_links":{"self":[{"href":"https:\/\/singuli.wpress.me\/index.php\/wp-json\/wp\/v2\/product\/31335","targetHints":{"allow":["GET"]}}],"collection":[{"href":"https:\/\/singuli.wpress.me\/index.php\/wp-json\/wp\/v2\/product"}],"about":[{"href":"https:\/\/singuli.wpress.me\/index.php\/wp-json\/wp\/v2\/types\/product"}],"version-history":[{"count":0,"href":"https:\/\/singuli.wpress.me\/index.php\/wp-json\/wp\/v2\/product\/31335\/revisions"}],"wp:featuredmedia":[{"embeddable":true,"href":"https:\/\/singuli.wpress.me\/index.php\/wp-json\/wp\/v2\/media\/31337"}],"wp:attachment":[{"href":"https:\/\/singuli.wpress.me\/index.php\/wp-json\/wp\/v2\/media?parent=31335"}],"wp:term":[{"taxonomy":"product_brand","embeddable":true,"href":"https:\/\/singuli.wpress.me\/index.php\/wp-json\/wp\/v2\/product_brand?post=31335"},{"taxonomy":"product_cat","embeddable":true,"href":"https:\/\/singuli.wpress.me\/index.php\/wp-json\/wp\/v2\/product_cat?post=31335"},{"taxonomy":"product_tag","embeddable":true,"href":"https:\/\/singuli.wpress.me\/index.php\/wp-json\/wp\/v2\/product_tag?post=31335"}],"curies":[{"name":"wp","href":"https:\/\/api.w.org\/{rel}","templated":true}]}}